{"id":26209,"date":"2021-09-27T11:14:47","date_gmt":"2021-09-27T15:14:47","guid":{"rendered":"https:\/\/mining.ca\/verification-vdmd\/"},"modified":"2024-06-13T12:54:05","modified_gmt":"2024-06-13T16:54:05","slug":"verification-vdmd","status":"publish","type":"page","link":"https:\/\/mining.ca\/fr\/vers-le-developpement-minier-durable\/deroulement-de-linitiative-vdmd\/verification-vdmd\/","title":{"rendered":"V\u00e9rification VDMD"},"content":{"rendered":"\t\t<div data-elementor-type=\"wp-page\" data-elementor-id=\"26209\" class=\"elementor elementor-26209\" data-elementor-post-type=\"page\">\n\t\t\t\t\t\t<section class=\"elementor-section elementor-top-section elementor-element elementor-element-1a86796c elementor-section-boxed elementor-section-height-default elementor-section-height-default\" data-id=\"1a86796c\" data-element_type=\"section\" data-e-type=\"section\" data-settings=\"{&quot;jet_parallax_layout_list&quot;:[{&quot;jet_parallax_layout_image&quot;:{&quot;url&quot;:&quot;&quot;,&quot;id&quot;:&quot;&quot;,&quot;size&quot;:&quot;&quot;},&quot;_id&quot;:&quot;615110c&quot;,&quot;jet_parallax_layout_image_tablet&quot;:{&quot;url&quot;:&quot;&quot;,&quot;id&quot;:&quot;&quot;,&quot;size&quot;:&quot;&quot;},&quot;jet_parallax_layout_image_mobile&quot;:{&quot;url&quot;:&quot;&quot;,&quot;id&quot;:&quot;&quot;,&quot;size&quot;:&quot;&quot;},&quot;jet_parallax_layout_speed&quot;:{&quot;unit&quot;:&quot;%&quot;,&quot;size&quot;:50,&quot;sizes&quot;:[]},&quot;jet_parallax_layout_type&quot;:&quot;scroll&quot;,&quot;jet_parallax_layout_direction&quot;:&quot;1&quot;,&quot;jet_parallax_layout_fx_direction&quot;:null,&quot;jet_parallax_layout_z_index&quot;:&quot;&quot;,&quot;jet_parallax_layout_bg_x&quot;:50,&quot;jet_parallax_layout_bg_x_tablet&quot;:&quot;&quot;,&quot;jet_parallax_layout_bg_x_mobile&quot;:&quot;&quot;,&quot;jet_parallax_layout_bg_y&quot;:50,&quot;jet_parallax_layout_bg_y_tablet&quot;:&quot;&quot;,&quot;jet_parallax_layout_bg_y_mobile&quot;:&quot;&quot;,&quot;jet_parallax_layout_bg_size&quot;:&quot;auto&quot;,&quot;jet_parallax_layout_bg_size_tablet&quot;:&quot;&quot;,&quot;jet_parallax_layout_bg_size_mobile&quot;:&quot;&quot;,&quot;jet_parallax_layout_animation_prop&quot;:&quot;transform&quot;,&quot;jet_parallax_layout_on&quot;:[&quot;desktop&quot;,&quot;tablet&quot;]}]}\">\n\t\t\t\t\t\t<div class=\"elementor-container elementor-column-gap-default\">\n\t\t\t\t\t<div class=\"elementor-column elementor-col-100 elementor-top-column elementor-element elementor-element-7884c87c\" data-id=\"7884c87c\" data-element_type=\"column\" data-e-type=\"column\">\n\t\t\t<div class=\"elementor-widget-wrap elementor-element-populated\">\n\t\t\t\t\t\t<div class=\"elementor-element elementor-element-233c64a7 elementor-widget elementor-widget-text-editor\" data-id=\"233c64a7\" data-element_type=\"widget\" data-e-type=\"widget\" data-widget_type=\"text-editor.default\">\n\t\t\t\t<div class=\"elementor-widget-container\">\n\t\t\t\t\t\t\t\t\t<p>Le programme VDMD, qui doit demeurer rigoureux et cr\u00e9dible en plus de stimuler l\u2019am\u00e9lioration du rendement, comprend des v\u00e9rifications \u00e0 plusieurs niveaux.<\/p>\n<p>Voici sont les types de v\u00e9rification pr\u00e9vus par le programme VDMD :<\/p>\n\t\t\t\t\t\t\t\t<\/div>\n\t\t\t\t<\/div>\n\t\t\t\t<div class=\"elementor-element elementor-element-8d772ff elementor-widget elementor-widget-image\" data-id=\"8d772ff\" data-element_type=\"widget\" data-e-type=\"widget\" data-widget_type=\"image.default\">\n\t\t\t\t<div class=\"elementor-widget-container\">\n\t\t\t\t\t\t\t\t\t\t\t\t\t\t\t<img fetchpriority=\"high\" decoding=\"async\" width=\"800\" height=\"682\" src=\"https:\/\/mining.ca\/wp-content\/uploads\/2021\/11\/tsm-verification-layers-fr.png\" class=\"attachment-large size-large wp-image-5298\" alt=\"\" srcset=\"https:\/\/mining.ca\/wp-content\/uploads\/2021\/11\/tsm-verification-layers-fr.png 1000w, https:\/\/mining.ca\/wp-content\/uploads\/2021\/11\/tsm-verification-layers-fr-300x256.png 300w, https:\/\/mining.ca\/wp-content\/uploads\/2021\/11\/tsm-verification-layers-fr-768x654.png 768w\" sizes=\"(max-width: 800px) 100vw, 800px\" \/>\t\t\t\t\t\t\t\t\t\t\t\t\t\t\t<\/div>\n\t\t\t\t<\/div>\n\t\t\t\t<div class=\"elementor-element elementor-element-20f30c0 elementor-widget elementor-widget-text-editor\" data-id=\"20f30c0\" data-element_type=\"widget\" data-e-type=\"widget\" data-widget_type=\"text-editor.default\">\n\t\t\t\t<div class=\"elementor-widget-container\">\n\t\t\t\t\t\t\t\t\t<p><strong>Auto-\u00e9valuation :<\/strong>\u00a0Chaque ann\u00e9e, l\u2019administration de chaque \u00e9tablissement effectue une auto-\u00e9valuation approfondie dans le cadre de chacun des protocoles du programme. Une cote alphab\u00e9tique entre le niveau C et le niveau AAA est utilis\u00e9e pour indiquer le rendement des syst\u00e8mes de gestion \u00e9valu\u00e9s.<\/p>\n<p><strong>V\u00e9rification externe :<\/strong>\u00a0Tous les trois ans, un\u00a0<a href=\"https:\/\/mining.ca\/fr\/vers-le-developpement-minier-durable\/fournisseurs-de-services-de-verification\/\">fournisseur de services de v\u00e9rification (FSV)<\/a>\u00a0form\u00e9 effectue un examen critique des auto-\u00e9valuations d\u2019une entreprise pour d\u00e9terminer dans quelle mesure les r\u00e9sultats rapport\u00e9s par cette derni\u00e8re sont plausibles. Les v\u00e9rificateurs sont des auditeurs exp\u00e9riment\u00e9s qui n\u2019ont aucun lien avec l\u2019entreprise qui subit l\u2019examen. Ils sont charg\u00e9s d\u2019appliquer rigoureusement les protocoles et de modifier les cotes de rendement au besoin pour s\u2019assurer qu\u2019elles refl\u00e8tent bien les pratiques de gestion et le rendement de l\u2019\u00e9tablissement.<\/p>\n<p><strong>Lettre d\u2019assurance :<\/strong>\u00a0Au cours de l\u2019ann\u00e9e de la v\u00e9rification externe, le chef de la direction de l\u2019entreprise ou de sa filiale canadienne doit remettre \u00e0 l\u2019AMC une lettre confirmant qu\u2019une v\u00e9rification externe a \u00e9t\u00e9 effectu\u00e9e conform\u00e9ment au mandat du FSV. Ces lettres\u00a0<a href=\"https:\/\/mining.ca\/fr\/vers-le-developpement-minier-durable\/deroulement-de-linitiative-vdmd\/lettres-dassurance-de-vdmd\/\">sont publi\u00e9es ici<\/a>\u00a0sur le site Web de l\u2019AMC.<\/p>\n<p><strong>Examen apr\u00e8s v\u00e9rification :<\/strong>\u00a0Chaque ann\u00e9e, le\u00a0<a href=\"https:\/\/mining.ca\/fr\/vers-le-developpement-minier-durable\/le-groupe-consultative-des-communautes-dinterets\/\">Groupe consultatif des communaut\u00e9s d\u2019int\u00e9r\u00eats (GCCI)<\/a> ind\u00e9pendant de l\u2019AMC s\u00e9lectionne des entreprises qui doivent pr\u00e9senter leurs r\u00e9sultats au Groupe pour en discuter. Le Groupe profite de ces discussions pour d\u00e9terminer si les syst\u00e8mes utilis\u00e9s par l\u2019\u00e9tablissement entra\u00eenent une am\u00e9lioration de la performance et de quelle mani\u00e8re.<\/p>\n\t\t\t\t\t\t\t\t<\/div>\n\t\t\t\t<\/div>\n\t\t\t\t\t<\/div>\n\t\t<\/div>\n\t\t\t\t\t<\/div>\n\t\t<\/section>\n\t\t\t\t<\/div>\n\t\t","protected":false},"excerpt":{"rendered":"<p>Le programme VDMD, qui doit demeurer rigoureux et cr\u00e9dible en plus de stimuler l\u2019am\u00e9lioration du rendement, comprend des v\u00e9rifications \u00e0 plusieurs niveaux. Voici sont les types de v\u00e9rification pr\u00e9vus par le programme VDMD : Auto-\u00e9valuation :\u00a0Chaque ann\u00e9e, l\u2019administration de chaque \u00e9tablissement effectue une auto-\u00e9valuation approfondie dans le cadre de chacun des protocoles du programme. Une [&hellip;]<\/p>\n","protected":false},"author":1,"featured_media":0,"parent":26529,"menu_order":0,"comment_status":"closed","ping_status":"closed","template":"","meta":{"_acf_changed":false,"footnotes":"","_links_to":"","_links_to_target":""},"class_list":["post-26209","page","type-page","status-publish","hentry"],"acf":[],"yoast_head":"<!-- This site is optimized with the Yoast SEO plugin v27.5 - https:\/\/yoast.com\/product\/yoast-seo-wordpress\/ -->\n<title>V\u00e9rification VDMD - The Mining Association of Canada<\/title>\n<meta name=\"robots\" content=\"index, follow, max-snippet:-1, max-image-preview:large, max-video-preview:-1\" \/>\n<link rel=\"canonical\" href=\"https:\/\/mining.ca\/fr\/vers-le-developpement-minier-durable\/deroulement-de-linitiative-vdmd\/verification-vdmd\/\" \/>\n<meta property=\"og:locale\" content=\"fr_CA\" \/>\n<meta property=\"og:type\" content=\"article\" \/>\n<meta property=\"og:title\" content=\"V\u00e9rification VDMD - The Mining Association of Canada\" \/>\n<meta property=\"og:description\" content=\"Le programme VDMD, qui doit demeurer rigoureux et cr\u00e9dible en plus de stimuler l\u2019am\u00e9lioration du rendement, comprend des v\u00e9rifications \u00e0 plusieurs niveaux. Voici sont les types de v\u00e9rification pr\u00e9vus par le programme VDMD : Auto-\u00e9valuation :\u00a0Chaque ann\u00e9e, l\u2019administration de chaque \u00e9tablissement effectue une auto-\u00e9valuation approfondie dans le cadre de chacun des protocoles du programme. Une [&hellip;]\" \/>\n<meta property=\"og:url\" content=\"https:\/\/mining.ca\/fr\/vers-le-developpement-minier-durable\/deroulement-de-linitiative-vdmd\/verification-vdmd\/\" \/>\n<meta property=\"og:site_name\" content=\"The Mining Association of Canada\" \/>\n<meta property=\"article:modified_time\" content=\"2024-06-13T16:54:05+00:00\" \/>\n<meta property=\"og:image\" content=\"https:\/\/mining.ca\/wp-content\/uploads\/2021\/07\/tsm-varification-layers-1024x1024.png\" \/>\n<meta name=\"twitter:card\" content=\"summary_large_image\" \/>\n<meta name=\"twitter:site\" content=\"@theminingstory\" \/>\n<meta name=\"twitter:label1\" content=\"Estimation du temps de lecture\" \/>\n\t<meta name=\"twitter:data1\" content=\"2 minutes\" \/>\n<script type=\"application\/ld+json\" class=\"yoast-schema-graph\">{\"@context\":\"https:\\\/\\\/schema.org\",\"@graph\":[{\"@type\":\"WebPage\",\"@id\":\"https:\\\/\\\/mining.ca\\\/fr\\\/vers-le-developpement-minier-durable\\\/deroulement-de-linitiative-vdmd\\\/verification-vdmd\\\/\",\"url\":\"https:\\\/\\\/mining.ca\\\/fr\\\/vers-le-developpement-minier-durable\\\/deroulement-de-linitiative-vdmd\\\/verification-vdmd\\\/\",\"name\":\"V\u00e9rification VDMD - The Mining Association of Canada\",\"isPartOf\":{\"@id\":\"https:\\\/\\\/mining.ca\\\/fr\\\/#website\"},\"primaryImageOfPage\":{\"@id\":\"https:\\\/\\\/mining.ca\\\/fr\\\/vers-le-developpement-minier-durable\\\/deroulement-de-linitiative-vdmd\\\/verification-vdmd\\\/#primaryimage\"},\"image\":{\"@id\":\"https:\\\/\\\/mining.ca\\\/fr\\\/vers-le-developpement-minier-durable\\\/deroulement-de-linitiative-vdmd\\\/verification-vdmd\\\/#primaryimage\"},\"thumbnailUrl\":\"https:\\\/\\\/mining.ca\\\/wp-content\\\/uploads\\\/2021\\\/07\\\/tsm-varification-layers-1024x1024.png\",\"datePublished\":\"2021-09-27T15:14:47+00:00\",\"dateModified\":\"2024-06-13T16:54:05+00:00\",\"breadcrumb\":{\"@id\":\"https:\\\/\\\/mining.ca\\\/fr\\\/vers-le-developpement-minier-durable\\\/deroulement-de-linitiative-vdmd\\\/verification-vdmd\\\/#breadcrumb\"},\"inLanguage\":\"fr-CA\",\"potentialAction\":[{\"@type\":\"ReadAction\",\"target\":[\"https:\\\/\\\/mining.ca\\\/fr\\\/vers-le-developpement-minier-durable\\\/deroulement-de-linitiative-vdmd\\\/verification-vdmd\\\/\"]}]},{\"@type\":\"ImageObject\",\"inLanguage\":\"fr-CA\",\"@id\":\"https:\\\/\\\/mining.ca\\\/fr\\\/vers-le-developpement-minier-durable\\\/deroulement-de-linitiative-vdmd\\\/verification-vdmd\\\/#primaryimage\",\"url\":\"https:\\\/\\\/mining.ca\\\/wp-content\\\/uploads\\\/2021\\\/07\\\/tsm-varification-layers-1024x1024.png\",\"contentUrl\":\"https:\\\/\\\/mining.ca\\\/wp-content\\\/uploads\\\/2021\\\/07\\\/tsm-varification-layers-1024x1024.png\"},{\"@type\":\"BreadcrumbList\",\"@id\":\"https:\\\/\\\/mining.ca\\\/fr\\\/vers-le-developpement-minier-durable\\\/deroulement-de-linitiative-vdmd\\\/verification-vdmd\\\/#breadcrumb\",\"itemListElement\":[{\"@type\":\"ListItem\",\"position\":1,\"name\":\"Home\",\"item\":\"https:\\\/\\\/mining.ca\\\/fr\\\/\"},{\"@type\":\"ListItem\",\"position\":2,\"name\":\"Vers le d\u00e9veloppement minier durable\",\"item\":\"https:\\\/\\\/mining.ca\\\/fr\\\/vers-le-developpement-minier-durable\\\/\"},{\"@type\":\"ListItem\",\"position\":3,\"name\":\"D\u00e9roulement de l\u2019initiative TSM\",\"item\":\"https:\\\/\\\/mining.ca\\\/fr\\\/vers-le-developpement-minier-durable\\\/deroulement-de-linitiative-vdmd\\\/\"},{\"@type\":\"ListItem\",\"position\":4,\"name\":\"V\u00e9rification VDMD\"}]},{\"@type\":\"WebSite\",\"@id\":\"https:\\\/\\\/mining.ca\\\/fr\\\/#website\",\"url\":\"https:\\\/\\\/mining.ca\\\/fr\\\/\",\"name\":\"The Mining Association of Canada\",\"description\":\"The voice of the Canadian Mining Industry since 1935\",\"publisher\":{\"@id\":\"https:\\\/\\\/mining.ca\\\/fr\\\/#organization\"},\"potentialAction\":[{\"@type\":\"SearchAction\",\"target\":{\"@type\":\"EntryPoint\",\"urlTemplate\":\"https:\\\/\\\/mining.ca\\\/fr\\\/?s={search_term_string}\"},\"query-input\":{\"@type\":\"PropertyValueSpecification\",\"valueRequired\":true,\"valueName\":\"search_term_string\"}}],\"inLanguage\":\"fr-CA\"},{\"@type\":\"Organization\",\"@id\":\"https:\\\/\\\/mining.ca\\\/fr\\\/#organization\",\"name\":\"The Mining Association of Canada\",\"url\":\"https:\\\/\\\/mining.ca\\\/fr\\\/\",\"logo\":{\"@type\":\"ImageObject\",\"inLanguage\":\"fr-CA\",\"@id\":\"https:\\\/\\\/mining.ca\\\/fr\\\/#\\\/schema\\\/logo\\\/image\\\/\",\"url\":\"https:\\\/\\\/mining.ca\\\/wp-content\\\/uploads\\\/2021\\\/02\\\/cropped-logo.png\",\"contentUrl\":\"https:\\\/\\\/mining.ca\\\/wp-content\\\/uploads\\\/2021\\\/02\\\/cropped-logo.png\",\"width\":905,\"height\":423,\"caption\":\"The Mining Association of Canada\"},\"image\":{\"@id\":\"https:\\\/\\\/mining.ca\\\/fr\\\/#\\\/schema\\\/logo\\\/image\\\/\"},\"sameAs\":[\"https:\\\/\\\/x.com\\\/theminingstory\",\"https:\\\/\\\/ca.linkedin.com\\\/company\\\/mining-association-of-canada\"]}]}<\/script>\n<!-- \/ Yoast SEO plugin. -->","yoast_head_json":{"title":"V\u00e9rification VDMD - The Mining Association of Canada","robots":{"index":"index","follow":"follow","max-snippet":"max-snippet:-1","max-image-preview":"max-image-preview:large","max-video-preview":"max-video-preview:-1"},"canonical":"https:\/\/mining.ca\/fr\/vers-le-developpement-minier-durable\/deroulement-de-linitiative-vdmd\/verification-vdmd\/","og_locale":"fr_CA","og_type":"article","og_title":"V\u00e9rification VDMD - The Mining Association of Canada","og_description":"Le programme VDMD, qui doit demeurer rigoureux et cr\u00e9dible en plus de stimuler l\u2019am\u00e9lioration du rendement, comprend des v\u00e9rifications \u00e0 plusieurs niveaux. Voici sont les types de v\u00e9rification pr\u00e9vus par le programme VDMD : Auto-\u00e9valuation :\u00a0Chaque ann\u00e9e, l\u2019administration de chaque \u00e9tablissement effectue une auto-\u00e9valuation approfondie dans le cadre de chacun des protocoles du programme. Une [&hellip;]","og_url":"https:\/\/mining.ca\/fr\/vers-le-developpement-minier-durable\/deroulement-de-linitiative-vdmd\/verification-vdmd\/","og_site_name":"The Mining Association of Canada","article_modified_time":"2024-06-13T16:54:05+00:00","og_image":[{"url":"https:\/\/mining.ca\/wp-content\/uploads\/2021\/07\/tsm-varification-layers-1024x1024.png","type":"","width":"","height":""}],"twitter_card":"summary_large_image","twitter_site":"@theminingstory","twitter_misc":{"Estimation du temps de lecture":"2 minutes"},"schema":{"@context":"https:\/\/schema.org","@graph":[{"@type":"WebPage","@id":"https:\/\/mining.ca\/fr\/vers-le-developpement-minier-durable\/deroulement-de-linitiative-vdmd\/verification-vdmd\/","url":"https:\/\/mining.ca\/fr\/vers-le-developpement-minier-durable\/deroulement-de-linitiative-vdmd\/verification-vdmd\/","name":"V\u00e9rification VDMD - The Mining Association of Canada","isPartOf":{"@id":"https:\/\/mining.ca\/fr\/#website"},"primaryImageOfPage":{"@id":"https:\/\/mining.ca\/fr\/vers-le-developpement-minier-durable\/deroulement-de-linitiative-vdmd\/verification-vdmd\/#primaryimage"},"image":{"@id":"https:\/\/mining.ca\/fr\/vers-le-developpement-minier-durable\/deroulement-de-linitiative-vdmd\/verification-vdmd\/#primaryimage"},"thumbnailUrl":"https:\/\/mining.ca\/wp-content\/uploads\/2021\/07\/tsm-varification-layers-1024x1024.png","datePublished":"2021-09-27T15:14:47+00:00","dateModified":"2024-06-13T16:54:05+00:00","breadcrumb":{"@id":"https:\/\/mining.ca\/fr\/vers-le-developpement-minier-durable\/deroulement-de-linitiative-vdmd\/verification-vdmd\/#breadcrumb"},"inLanguage":"fr-CA","potentialAction":[{"@type":"ReadAction","target":["https:\/\/mining.ca\/fr\/vers-le-developpement-minier-durable\/deroulement-de-linitiative-vdmd\/verification-vdmd\/"]}]},{"@type":"ImageObject","inLanguage":"fr-CA","@id":"https:\/\/mining.ca\/fr\/vers-le-developpement-minier-durable\/deroulement-de-linitiative-vdmd\/verification-vdmd\/#primaryimage","url":"https:\/\/mining.ca\/wp-content\/uploads\/2021\/07\/tsm-varification-layers-1024x1024.png","contentUrl":"https:\/\/mining.ca\/wp-content\/uploads\/2021\/07\/tsm-varification-layers-1024x1024.png"},{"@type":"BreadcrumbList","@id":"https:\/\/mining.ca\/fr\/vers-le-developpement-minier-durable\/deroulement-de-linitiative-vdmd\/verification-vdmd\/#breadcrumb","itemListElement":[{"@type":"ListItem","position":1,"name":"Home","item":"https:\/\/mining.ca\/fr\/"},{"@type":"ListItem","position":2,"name":"Vers le d\u00e9veloppement minier durable","item":"https:\/\/mining.ca\/fr\/vers-le-developpement-minier-durable\/"},{"@type":"ListItem","position":3,"name":"D\u00e9roulement de l\u2019initiative TSM","item":"https:\/\/mining.ca\/fr\/vers-le-developpement-minier-durable\/deroulement-de-linitiative-vdmd\/"},{"@type":"ListItem","position":4,"name":"V\u00e9rification VDMD"}]},{"@type":"WebSite","@id":"https:\/\/mining.ca\/fr\/#website","url":"https:\/\/mining.ca\/fr\/","name":"The Mining Association of Canada","description":"The voice of the Canadian Mining Industry since 1935","publisher":{"@id":"https:\/\/mining.ca\/fr\/#organization"},"potentialAction":[{"@type":"SearchAction","target":{"@type":"EntryPoint","urlTemplate":"https:\/\/mining.ca\/fr\/?s={search_term_string}"},"query-input":{"@type":"PropertyValueSpecification","valueRequired":true,"valueName":"search_term_string"}}],"inLanguage":"fr-CA"},{"@type":"Organization","@id":"https:\/\/mining.ca\/fr\/#organization","name":"The Mining Association of Canada","url":"https:\/\/mining.ca\/fr\/","logo":{"@type":"ImageObject","inLanguage":"fr-CA","@id":"https:\/\/mining.ca\/fr\/#\/schema\/logo\/image\/","url":"https:\/\/mining.ca\/wp-content\/uploads\/2021\/02\/cropped-logo.png","contentUrl":"https:\/\/mining.ca\/wp-content\/uploads\/2021\/02\/cropped-logo.png","width":905,"height":423,"caption":"The Mining Association of Canada"},"image":{"@id":"https:\/\/mining.ca\/fr\/#\/schema\/logo\/image\/"},"sameAs":["https:\/\/x.com\/theminingstory","https:\/\/ca.linkedin.com\/company\/mining-association-of-canada"]}]}},"_links":{"self":[{"href":"https:\/\/mining.ca\/fr\/wp-json\/wp\/v2\/pages\/26209","targetHints":{"allow":["GET"]}}],"collection":[{"href":"https:\/\/mining.ca\/fr\/wp-json\/wp\/v2\/pages"}],"about":[{"href":"https:\/\/mining.ca\/fr\/wp-json\/wp\/v2\/types\/page"}],"author":[{"embeddable":true,"href":"https:\/\/mining.ca\/fr\/wp-json\/wp\/v2\/users\/1"}],"replies":[{"embeddable":true,"href":"https:\/\/mining.ca\/fr\/wp-json\/wp\/v2\/comments?post=26209"}],"version-history":[{"count":0,"href":"https:\/\/mining.ca\/fr\/wp-json\/wp\/v2\/pages\/26209\/revisions"}],"up":[{"embeddable":true,"href":"https:\/\/mining.ca\/fr\/wp-json\/wp\/v2\/pages\/26529"}],"wp:attachment":[{"href":"https:\/\/mining.ca\/fr\/wp-json\/wp\/v2\/media?parent=26209"}],"curies":[{"name":"wp","href":"https:\/\/api.w.org\/{rel}","templated":true}]}}