{"id":26226,"date":"2021-09-27T15:20:29","date_gmt":"2021-09-27T19:20:29","guid":{"rendered":"https:\/\/mining.ca\/a-propos-de-lamc\/conseil-dadministration\/"},"modified":"2024-06-26T10:50:44","modified_gmt":"2024-06-26T14:50:44","slug":"conseil-dadministration","status":"publish","type":"page","link":"https:\/\/mining.ca\/fr\/a-propos-de-lamc\/conseil-dadministration\/","title":{"rendered":"Conseil d\u2019administration"},"content":{"rendered":"\t\t<div data-elementor-type=\"wp-page\" data-elementor-id=\"26226\" class=\"elementor elementor-26226 elementor-3416\" data-elementor-post-type=\"page\">\n\t\t\t\t\t\t<section class=\"elementor-section elementor-top-section elementor-element elementor-element-bebcd0b elementor-section-boxed elementor-section-height-default elementor-section-height-default\" data-id=\"bebcd0b\" data-element_type=\"section\" data-e-type=\"section\" data-settings=\"{&quot;jet_parallax_layout_list&quot;:[{&quot;jet_parallax_layout_image&quot;:{&quot;url&quot;:&quot;&quot;,&quot;id&quot;:&quot;&quot;,&quot;size&quot;:&quot;&quot;},&quot;_id&quot;:&quot;ed8abb8&quot;,&quot;jet_parallax_layout_image_tablet&quot;:{&quot;url&quot;:&quot;&quot;,&quot;id&quot;:&quot;&quot;,&quot;size&quot;:&quot;&quot;},&quot;jet_parallax_layout_image_mobile&quot;:{&quot;url&quot;:&quot;&quot;,&quot;id&quot;:&quot;&quot;,&quot;size&quot;:&quot;&quot;},&quot;jet_parallax_layout_speed&quot;:{&quot;unit&quot;:&quot;%&quot;,&quot;size&quot;:50,&quot;sizes&quot;:[]},&quot;jet_parallax_layout_type&quot;:&quot;scroll&quot;,&quot;jet_parallax_layout_direction&quot;:&quot;1&quot;,&quot;jet_parallax_layout_fx_direction&quot;:null,&quot;jet_parallax_layout_z_index&quot;:&quot;&quot;,&quot;jet_parallax_layout_bg_x&quot;:50,&quot;jet_parallax_layout_bg_x_tablet&quot;:&quot;&quot;,&quot;jet_parallax_layout_bg_x_mobile&quot;:&quot;&quot;,&quot;jet_parallax_layout_bg_y&quot;:50,&quot;jet_parallax_layout_bg_y_tablet&quot;:&quot;&quot;,&quot;jet_parallax_layout_bg_y_mobile&quot;:&quot;&quot;,&quot;jet_parallax_layout_bg_size&quot;:&quot;auto&quot;,&quot;jet_parallax_layout_bg_size_tablet&quot;:&quot;&quot;,&quot;jet_parallax_layout_bg_size_mobile&quot;:&quot;&quot;,&quot;jet_parallax_layout_animation_prop&quot;:&quot;transform&quot;,&quot;jet_parallax_layout_on&quot;:[&quot;desktop&quot;,&quot;tablet&quot;]}]}\">\n\t\t\t\t\t\t<div class=\"elementor-container elementor-column-gap-default\">\n\t\t\t\t\t<div class=\"elementor-column elementor-col-100 elementor-top-column elementor-element elementor-element-0e5694a\" data-id=\"0e5694a\" data-element_type=\"column\" data-e-type=\"column\">\n\t\t\t<div class=\"elementor-widget-wrap elementor-element-populated\">\n\t\t\t\t\t\t<div class=\"elementor-element elementor-element-eb680f4 elementor-widget elementor-widget-heading\" data-id=\"eb680f4\" data-element_type=\"widget\" data-e-type=\"widget\" data-widget_type=\"heading.default\">\n\t\t\t\t<div class=\"elementor-widget-container\">\n\t\t\t\t\t<h2 class=\"elementor-heading-title elementor-size-default\">Conseil d\u2019administration<\/h2>\t\t\t\t<\/div>\n\t\t\t\t<\/div>\n\t\t\t\t<div class=\"elementor-element elementor-element-335248c elementor-widget elementor-widget-jet-listing-grid\" data-id=\"335248c\" data-element_type=\"widget\" data-e-type=\"widget\" data-settings=\"{&quot;columns_tablet&quot;:&quot;2&quot;,&quot;columns_mobile&quot;:&quot;1&quot;,&quot;columns&quot;:3}\" data-widget_type=\"jet-listing-grid.default\">\n\t\t\t\t<div class=\"elementor-widget-container\">\n\t\t\t\t\t<div class=\"jet-listing-grid jet-listing\"><div class=\"jet-listing-not-found jet-listing-grid__items\" data-nav=\"{&quot;enabled&quot;:false,&quot;type&quot;:null,&quot;more_el&quot;:null,&quot;query&quot;:[],&quot;widget_settings&quot;:{&quot;lisitng_id&quot;:3614,&quot;posts_num&quot;:999,&quot;columns&quot;:3,&quot;columns_tablet&quot;:2,&quot;columns_mobile&quot;:1,&quot;column_min_width&quot;:240,&quot;column_min_width_tablet&quot;:240,&quot;column_min_width_mobile&quot;:240,&quot;inline_columns_css&quot;:false,&quot;is_archive_template&quot;:&quot;&quot;,&quot;post_status&quot;:[&quot;publish&quot;],&quot;use_random_posts_num&quot;:&quot;&quot;,&quot;max_posts_num&quot;:9,&quot;not_found_message&quot;:&quot;Aucune donn\\u00e9e n&#039;a \\u00e9t\\u00e9 trouv\\u00e9e&quot;,&quot;is_masonry&quot;:false,&quot;equal_columns_height&quot;:&quot;&quot;,&quot;use_load_more&quot;:&quot;&quot;,&quot;load_more_id&quot;:&quot;&quot;,&quot;load_more_type&quot;:&quot;click&quot;,&quot;load_more_offset&quot;:null,&quot;use_custom_post_types&quot;:&quot;&quot;,&quot;custom_post_types&quot;:[],&quot;hide_widget_if&quot;:&quot;&quot;,&quot;carousel_enabled&quot;:&quot;&quot;,&quot;slides_to_scroll&quot;:&quot;1&quot;,&quot;arrows&quot;:&quot;true&quot;,&quot;arrow_icon&quot;:&quot;fa fa-angle-left&quot;,&quot;dots&quot;:&quot;&quot;,&quot;autoplay&quot;:&quot;true&quot;,&quot;pause_on_hover&quot;:&quot;true&quot;,&quot;autoplay_speed&quot;:5000,&quot;infinite&quot;:&quot;true&quot;,&quot;center_mode&quot;:&quot;&quot;,&quot;effect&quot;:&quot;slide&quot;,&quot;speed&quot;:500,&quot;inject_alternative_items&quot;:&quot;&quot;,&quot;injection_items&quot;:[],&quot;scroll_slider_enabled&quot;:&quot;&quot;,&quot;scroll_slider_on&quot;:[&quot;desktop&quot;,&quot;tablet&quot;,&quot;mobile&quot;],&quot;custom_query&quot;:false,&quot;custom_query_id&quot;:&quot;&quot;,&quot;_element_id&quot;:&quot;&quot;,&quot;collapse_first_last_gap&quot;:false,&quot;list_tag_selection&quot;:&quot;&quot;,&quot;list_items_wrapper_tag&quot;:&quot;div&quot;,&quot;list_item_tag&quot;:&quot;div&quot;,&quot;empty_items_wrapper_tag&quot;:&quot;div&quot;}}\" data-listing-source=\"posts\" data-listing-id=\"3614\" data-query-id=\"\" data-queried-id=\"26226|WP_Post\">Aucune donn\u00e9e n'a \u00e9t\u00e9 trouv\u00e9e<\/div><\/div>\t\t\t\t<\/div>\n\t\t\t\t<\/div>\n\t\t\t\t<div class=\"elementor-element elementor-element-937d0d4 elementor-widget elementor-widget-heading\" data-id=\"937d0d4\" data-element_type=\"widget\" data-e-type=\"widget\" data-widget_type=\"heading.default\">\n\t\t\t\t<div class=\"elementor-widget-container\">\n\t\t\t\t\t<p class=\"elementor-heading-title elementor-size-default\">*Membres du Conseil de direction<\/p>\t\t\t\t<\/div>\n\t\t\t\t<\/div>\n\t\t\t\t\t<\/div>\n\t\t<\/div>\n\t\t\t\t\t<\/div>\n\t\t<\/section>\n\t\t\t\t<section class=\"elementor-section elementor-top-section elementor-element elementor-element-454a225 elementor-section-boxed elementor-section-height-default elementor-section-height-default\" data-id=\"454a225\" data-element_type=\"section\" data-e-type=\"section\" data-settings=\"{&quot;jet_parallax_layout_list&quot;:[{&quot;jet_parallax_layout_image&quot;:{&quot;url&quot;:&quot;&quot;,&quot;id&quot;:&quot;&quot;,&quot;size&quot;:&quot;&quot;},&quot;_id&quot;:&quot;ed8abb8&quot;,&quot;jet_parallax_layout_image_tablet&quot;:{&quot;url&quot;:&quot;&quot;,&quot;id&quot;:&quot;&quot;,&quot;size&quot;:&quot;&quot;},&quot;jet_parallax_layout_image_mobile&quot;:{&quot;url&quot;:&quot;&quot;,&quot;id&quot;:&quot;&quot;,&quot;size&quot;:&quot;&quot;},&quot;jet_parallax_layout_speed&quot;:{&quot;unit&quot;:&quot;%&quot;,&quot;size&quot;:50,&quot;sizes&quot;:[]},&quot;jet_parallax_layout_type&quot;:&quot;scroll&quot;,&quot;jet_parallax_layout_direction&quot;:&quot;1&quot;,&quot;jet_parallax_layout_fx_direction&quot;:null,&quot;jet_parallax_layout_z_index&quot;:&quot;&quot;,&quot;jet_parallax_layout_bg_x&quot;:50,&quot;jet_parallax_layout_bg_x_tablet&quot;:&quot;&quot;,&quot;jet_parallax_layout_bg_x_mobile&quot;:&quot;&quot;,&quot;jet_parallax_layout_bg_y&quot;:50,&quot;jet_parallax_layout_bg_y_tablet&quot;:&quot;&quot;,&quot;jet_parallax_layout_bg_y_mobile&quot;:&quot;&quot;,&quot;jet_parallax_layout_bg_size&quot;:&quot;auto&quot;,&quot;jet_parallax_layout_bg_size_tablet&quot;:&quot;&quot;,&quot;jet_parallax_layout_bg_size_mobile&quot;:&quot;&quot;,&quot;jet_parallax_layout_animation_prop&quot;:&quot;transform&quot;,&quot;jet_parallax_layout_on&quot;:[&quot;desktop&quot;,&quot;tablet&quot;]}]}\">\n\t\t\t\t\t\t<div class=\"elementor-container elementor-column-gap-default\">\n\t\t\t\t\t<div class=\"elementor-column elementor-col-100 elementor-top-column elementor-element elementor-element-88645df\" data-id=\"88645df\" data-element_type=\"column\" data-e-type=\"column\">\n\t\t\t<div class=\"elementor-widget-wrap elementor-element-populated\">\n\t\t\t\t\t\t<div class=\"elementor-element elementor-element-887c04e elementor-widget-divider--view-line elementor-widget elementor-widget-divider\" data-id=\"887c04e\" data-element_type=\"widget\" data-e-type=\"widget\" data-widget_type=\"divider.default\">\n\t\t\t\t<div class=\"elementor-widget-container\">\n\t\t\t\t\t\t\t<div class=\"elementor-divider\">\n\t\t\t<span class=\"elementor-divider-separator\">\n\t\t\t\t\t\t<\/span>\n\t\t<\/div>\n\t\t\t\t\t\t<\/div>\n\t\t\t\t<\/div>\n\t\t\t\t<div class=\"elementor-element elementor-element-db73222 elementor-widget elementor-widget-heading\" data-id=\"db73222\" data-element_type=\"widget\" data-e-type=\"widget\" data-widget_type=\"heading.default\">\n\t\t\t\t<div class=\"elementor-widget-container\">\n\t\t\t\t\t<h2 class=\"elementor-heading-title elementor-size-default\">Membres honoraire \u00e0 vie<\/h2>\t\t\t\t<\/div>\n\t\t\t\t<\/div>\n\t\t\t\t<div class=\"elementor-element elementor-element-7369e2e elementor-widget elementor-widget-jet-listing-grid\" data-id=\"7369e2e\" data-element_type=\"widget\" data-e-type=\"widget\" data-settings=\"{&quot;columns_tablet&quot;:&quot;2&quot;,&quot;columns_mobile&quot;:&quot;1&quot;,&quot;columns&quot;:&quot;2&quot;}\" data-widget_type=\"jet-listing-grid.default\">\n\t\t\t\t<div class=\"elementor-widget-container\">\n\t\t\t\t\t<div class=\"jet-listing-grid jet-listing\"><div class=\"jet-listing-not-found jet-listing-grid__items\" data-nav=\"{&quot;enabled&quot;:false,&quot;type&quot;:null,&quot;more_el&quot;:null,&quot;query&quot;:[],&quot;widget_settings&quot;:{&quot;lisitng_id&quot;:3614,&quot;posts_num&quot;:999,&quot;columns&quot;:2,&quot;columns_tablet&quot;:2,&quot;columns_mobile&quot;:1,&quot;column_min_width&quot;:240,&quot;column_min_width_tablet&quot;:240,&quot;column_min_width_mobile&quot;:240,&quot;inline_columns_css&quot;:false,&quot;is_archive_template&quot;:&quot;&quot;,&quot;post_status&quot;:[&quot;publish&quot;],&quot;use_random_posts_num&quot;:&quot;&quot;,&quot;max_posts_num&quot;:9,&quot;not_found_message&quot;:&quot;Aucune donn\\u00e9e n&#039;a \\u00e9t\\u00e9 trouv\\u00e9e&quot;,&quot;is_masonry&quot;:false,&quot;equal_columns_height&quot;:&quot;&quot;,&quot;use_load_more&quot;:&quot;&quot;,&quot;load_more_id&quot;:&quot;&quot;,&quot;load_more_type&quot;:&quot;click&quot;,&quot;load_more_offset&quot;:null,&quot;use_custom_post_types&quot;:&quot;&quot;,&quot;custom_post_types&quot;:[],&quot;hide_widget_if&quot;:&quot;&quot;,&quot;carousel_enabled&quot;:&quot;&quot;,&quot;slides_to_scroll&quot;:&quot;1&quot;,&quot;arrows&quot;:&quot;true&quot;,&quot;arrow_icon&quot;:&quot;fa fa-angle-left&quot;,&quot;dots&quot;:&quot;&quot;,&quot;autoplay&quot;:&quot;true&quot;,&quot;pause_on_hover&quot;:&quot;true&quot;,&quot;autoplay_speed&quot;:5000,&quot;infinite&quot;:&quot;true&quot;,&quot;center_mode&quot;:&quot;&quot;,&quot;effect&quot;:&quot;slide&quot;,&quot;speed&quot;:500,&quot;inject_alternative_items&quot;:&quot;&quot;,&quot;injection_items&quot;:[],&quot;scroll_slider_enabled&quot;:&quot;&quot;,&quot;scroll_slider_on&quot;:[&quot;desktop&quot;,&quot;tablet&quot;,&quot;mobile&quot;],&quot;custom_query&quot;:false,&quot;custom_query_id&quot;:&quot;&quot;,&quot;_element_id&quot;:&quot;&quot;,&quot;collapse_first_last_gap&quot;:false,&quot;list_tag_selection&quot;:&quot;&quot;,&quot;list_items_wrapper_tag&quot;:&quot;div&quot;,&quot;list_item_tag&quot;:&quot;div&quot;,&quot;empty_items_wrapper_tag&quot;:&quot;div&quot;}}\" data-listing-source=\"posts\" data-listing-id=\"3614\" data-query-id=\"\" data-queried-id=\"26226|WP_Post\">Aucune donn\u00e9e n'a \u00e9t\u00e9 trouv\u00e9e<\/div><\/div>\t\t\t\t<\/div>\n\t\t\t\t<\/div>\n\t\t\t\t\t<\/div>\n\t\t<\/div>\n\t\t\t\t\t<\/div>\n\t\t<\/section>\n\t\t\t\t<section class=\"elementor-section elementor-top-section elementor-element elementor-element-7fe5ea0 elementor-section-boxed elementor-section-height-default elementor-section-height-default\" data-id=\"7fe5ea0\" data-element_type=\"section\" data-e-type=\"section\" data-settings=\"{&quot;jet_parallax_layout_list&quot;:[]}\">\n\t\t\t\t\t\t<div class=\"elementor-container elementor-column-gap-default\">\n\t\t\t\t\t<div class=\"elementor-column elementor-col-100 elementor-top-column elementor-element elementor-element-cdc7eff\" data-id=\"cdc7eff\" data-element_type=\"column\" data-e-type=\"column\">\n\t\t\t<div class=\"elementor-widget-wrap elementor-element-populated\">\n\t\t\t\t\t\t<div class=\"elementor-element elementor-element-ae91996 elementor-widget elementor-widget-button\" data-id=\"ae91996\" data-element_type=\"widget\" data-e-type=\"widget\" data-widget_type=\"button.default\">\n\t\t\t\t<div class=\"elementor-widget-container\">\n\t\t\t\t\t\t\t\t\t<div class=\"elementor-button-wrapper\">\n\t\t\t\t\t<a class=\"elementor-button elementor-button-link elementor-size-sm\" href=\"https:\/\/mining.ca\/download\/49182\/?tmstv=1719413426\">\n\t\t\t\t\t\t<span class=\"elementor-button-content-wrapper\">\n\t\t\t\t\t\t\t\t\t<span class=\"elementor-button-text\"><p align=\"center\" style=\"margin: 4.7pt -1.5pt 0.0001pt 169pt;text-indent: -169pt\"><b>POLITIQUE SUR LA D\u00c9NONCIATION<\/b><span style=\"background-color: var( --e-global-color-d4489b1 );color: var( --e-global-color-cc1305e );font-family: var( --e-global-typography-1fd5180-font-family ), Sans-serif;font-size: var( --e-global-typography-1fd5180-font-size );font-weight: var( --e-global-typography-1fd5180-font-weight );letter-spacing: var( --e-global-typography-1fd5180-letter-spacing )\"><\/span><\/p><\/span>\n\t\t\t\t\t<\/span>\n\t\t\t\t\t<\/a>\n\t\t\t\t<\/div>\n\t\t\t\t\t\t\t\t<\/div>\n\t\t\t\t<\/div>\n\t\t\t\t\t<\/div>\n\t\t<\/div>\n\t\t\t\t\t<\/div>\n\t\t<\/section>\n\t\t\t\t<\/div>\n\t\t","protected":false},"excerpt":{"rendered":"<p>Conseil d\u2019administration *Membres du Conseil de direction Membres honoraire \u00e0 vie POLITIQUE SUR LA D\u00c9NONCIATION<\/p>\n","protected":false},"author":1,"featured_media":0,"parent":26196,"menu_order":0,"comment_status":"closed","ping_status":"closed","template":"","meta":{"_acf_changed":false,"footnotes":"","_links_to":"","_links_to_target":""},"class_list":["post-26226","page","type-page","status-publish","hentry"],"acf":[],"yoast_head":"<!-- This site is optimized with the Yoast SEO plugin v27.4 - https:\/\/yoast.com\/product\/yoast-seo-wordpress\/ -->\n<title>Conseil d\u2019administration - The Mining Association of Canada<\/title>\n<meta name=\"robots\" content=\"index, follow, max-snippet:-1, max-image-preview:large, max-video-preview:-1\" \/>\n<link rel=\"canonical\" href=\"https:\/\/mining.ca\/fr\/a-propos-de-lamc\/conseil-dadministration\/\" \/>\n<meta property=\"og:locale\" content=\"fr_CA\" \/>\n<meta property=\"og:type\" content=\"article\" \/>\n<meta property=\"og:title\" content=\"Conseil d\u2019administration - The Mining Association of Canada\" \/>\n<meta property=\"og:description\" content=\"Conseil d\u2019administration *Membres du Conseil de direction Membres honoraire \u00e0 vie POLITIQUE SUR LA D\u00c9NONCIATION\" \/>\n<meta property=\"og:url\" content=\"https:\/\/mining.ca\/fr\/a-propos-de-lamc\/conseil-dadministration\/\" \/>\n<meta property=\"og:site_name\" content=\"The Mining Association of Canada\" \/>\n<meta property=\"article:modified_time\" content=\"2024-06-26T14:50:44+00:00\" \/>\n<meta name=\"twitter:card\" content=\"summary_large_image\" \/>\n<meta name=\"twitter:site\" content=\"@theminingstory\" \/>\n<meta name=\"twitter:label1\" content=\"Estimation du temps de lecture\" \/>\n\t<meta name=\"twitter:data1\" content=\"1 minute\" \/>\n<script type=\"application\/ld+json\" class=\"yoast-schema-graph\">{\"@context\":\"https:\\\/\\\/schema.org\",\"@graph\":[{\"@type\":\"WebPage\",\"@id\":\"https:\\\/\\\/mining.ca\\\/fr\\\/a-propos-de-lamc\\\/conseil-dadministration\\\/\",\"url\":\"https:\\\/\\\/mining.ca\\\/fr\\\/a-propos-de-lamc\\\/conseil-dadministration\\\/\",\"name\":\"Conseil d\u2019administration - The Mining Association of Canada\",\"isPartOf\":{\"@id\":\"https:\\\/\\\/mining.ca\\\/fr\\\/#website\"},\"datePublished\":\"2021-09-27T19:20:29+00:00\",\"dateModified\":\"2024-06-26T14:50:44+00:00\",\"breadcrumb\":{\"@id\":\"https:\\\/\\\/mining.ca\\\/fr\\\/a-propos-de-lamc\\\/conseil-dadministration\\\/#breadcrumb\"},\"inLanguage\":\"fr-CA\",\"potentialAction\":[{\"@type\":\"ReadAction\",\"target\":[\"https:\\\/\\\/mining.ca\\\/fr\\\/a-propos-de-lamc\\\/conseil-dadministration\\\/\"]}]},{\"@type\":\"BreadcrumbList\",\"@id\":\"https:\\\/\\\/mining.ca\\\/fr\\\/a-propos-de-lamc\\\/conseil-dadministration\\\/#breadcrumb\",\"itemListElement\":[{\"@type\":\"ListItem\",\"position\":1,\"name\":\"Home\",\"item\":\"https:\\\/\\\/mining.ca\\\/fr\\\/\"},{\"@type\":\"ListItem\",\"position\":2,\"name\":\"\u00c0 propos de l\u2019AMC\",\"item\":\"https:\\\/\\\/mining.ca\\\/fr\\\/a-propos-de-lamc\\\/\"},{\"@type\":\"ListItem\",\"position\":3,\"name\":\"Conseil d\u2019administration\"}]},{\"@type\":\"WebSite\",\"@id\":\"https:\\\/\\\/mining.ca\\\/fr\\\/#website\",\"url\":\"https:\\\/\\\/mining.ca\\\/fr\\\/\",\"name\":\"The Mining Association of Canada\",\"description\":\"The voice of the Canadian Mining Industry since 1935\",\"publisher\":{\"@id\":\"https:\\\/\\\/mining.ca\\\/fr\\\/#organization\"},\"potentialAction\":[{\"@type\":\"SearchAction\",\"target\":{\"@type\":\"EntryPoint\",\"urlTemplate\":\"https:\\\/\\\/mining.ca\\\/fr\\\/?s={search_term_string}\"},\"query-input\":{\"@type\":\"PropertyValueSpecification\",\"valueRequired\":true,\"valueName\":\"search_term_string\"}}],\"inLanguage\":\"fr-CA\"},{\"@type\":\"Organization\",\"@id\":\"https:\\\/\\\/mining.ca\\\/fr\\\/#organization\",\"name\":\"The Mining Association of Canada\",\"url\":\"https:\\\/\\\/mining.ca\\\/fr\\\/\",\"logo\":{\"@type\":\"ImageObject\",\"inLanguage\":\"fr-CA\",\"@id\":\"https:\\\/\\\/mining.ca\\\/fr\\\/#\\\/schema\\\/logo\\\/image\\\/\",\"url\":\"https:\\\/\\\/mining.ca\\\/wp-content\\\/uploads\\\/2021\\\/02\\\/cropped-logo.png\",\"contentUrl\":\"https:\\\/\\\/mining.ca\\\/wp-content\\\/uploads\\\/2021\\\/02\\\/cropped-logo.png\",\"width\":905,\"height\":423,\"caption\":\"The Mining Association of Canada\"},\"image\":{\"@id\":\"https:\\\/\\\/mining.ca\\\/fr\\\/#\\\/schema\\\/logo\\\/image\\\/\"},\"sameAs\":[\"https:\\\/\\\/x.com\\\/theminingstory\",\"https:\\\/\\\/ca.linkedin.com\\\/company\\\/mining-association-of-canada\"]}]}<\/script>\n<!-- \/ Yoast SEO plugin. -->","yoast_head_json":{"title":"Conseil d\u2019administration - The Mining Association of Canada","robots":{"index":"index","follow":"follow","max-snippet":"max-snippet:-1","max-image-preview":"max-image-preview:large","max-video-preview":"max-video-preview:-1"},"canonical":"https:\/\/mining.ca\/fr\/a-propos-de-lamc\/conseil-dadministration\/","og_locale":"fr_CA","og_type":"article","og_title":"Conseil d\u2019administration - The Mining Association of Canada","og_description":"Conseil d\u2019administration *Membres du Conseil de direction Membres honoraire \u00e0 vie POLITIQUE SUR LA D\u00c9NONCIATION","og_url":"https:\/\/mining.ca\/fr\/a-propos-de-lamc\/conseil-dadministration\/","og_site_name":"The Mining Association of Canada","article_modified_time":"2024-06-26T14:50:44+00:00","twitter_card":"summary_large_image","twitter_site":"@theminingstory","twitter_misc":{"Estimation du temps de lecture":"1 minute"},"schema":{"@context":"https:\/\/schema.org","@graph":[{"@type":"WebPage","@id":"https:\/\/mining.ca\/fr\/a-propos-de-lamc\/conseil-dadministration\/","url":"https:\/\/mining.ca\/fr\/a-propos-de-lamc\/conseil-dadministration\/","name":"Conseil d\u2019administration - The Mining Association of Canada","isPartOf":{"@id":"https:\/\/mining.ca\/fr\/#website"},"datePublished":"2021-09-27T19:20:29+00:00","dateModified":"2024-06-26T14:50:44+00:00","breadcrumb":{"@id":"https:\/\/mining.ca\/fr\/a-propos-de-lamc\/conseil-dadministration\/#breadcrumb"},"inLanguage":"fr-CA","potentialAction":[{"@type":"ReadAction","target":["https:\/\/mining.ca\/fr\/a-propos-de-lamc\/conseil-dadministration\/"]}]},{"@type":"BreadcrumbList","@id":"https:\/\/mining.ca\/fr\/a-propos-de-lamc\/conseil-dadministration\/#breadcrumb","itemListElement":[{"@type":"ListItem","position":1,"name":"Home","item":"https:\/\/mining.ca\/fr\/"},{"@type":"ListItem","position":2,"name":"\u00c0 propos de l\u2019AMC","item":"https:\/\/mining.ca\/fr\/a-propos-de-lamc\/"},{"@type":"ListItem","position":3,"name":"Conseil d\u2019administration"}]},{"@type":"WebSite","@id":"https:\/\/mining.ca\/fr\/#website","url":"https:\/\/mining.ca\/fr\/","name":"The Mining Association of Canada","description":"The voice of the Canadian Mining Industry since 1935","publisher":{"@id":"https:\/\/mining.ca\/fr\/#organization"},"potentialAction":[{"@type":"SearchAction","target":{"@type":"EntryPoint","urlTemplate":"https:\/\/mining.ca\/fr\/?s={search_term_string}"},"query-input":{"@type":"PropertyValueSpecification","valueRequired":true,"valueName":"search_term_string"}}],"inLanguage":"fr-CA"},{"@type":"Organization","@id":"https:\/\/mining.ca\/fr\/#organization","name":"The Mining Association of Canada","url":"https:\/\/mining.ca\/fr\/","logo":{"@type":"ImageObject","inLanguage":"fr-CA","@id":"https:\/\/mining.ca\/fr\/#\/schema\/logo\/image\/","url":"https:\/\/mining.ca\/wp-content\/uploads\/2021\/02\/cropped-logo.png","contentUrl":"https:\/\/mining.ca\/wp-content\/uploads\/2021\/02\/cropped-logo.png","width":905,"height":423,"caption":"The Mining Association of Canada"},"image":{"@id":"https:\/\/mining.ca\/fr\/#\/schema\/logo\/image\/"},"sameAs":["https:\/\/x.com\/theminingstory","https:\/\/ca.linkedin.com\/company\/mining-association-of-canada"]}]}},"_links":{"self":[{"href":"https:\/\/mining.ca\/fr\/wp-json\/wp\/v2\/pages\/26226","targetHints":{"allow":["GET"]}}],"collection":[{"href":"https:\/\/mining.ca\/fr\/wp-json\/wp\/v2\/pages"}],"about":[{"href":"https:\/\/mining.ca\/fr\/wp-json\/wp\/v2\/types\/page"}],"author":[{"embeddable":true,"href":"https:\/\/mining.ca\/fr\/wp-json\/wp\/v2\/users\/1"}],"replies":[{"embeddable":true,"href":"https:\/\/mining.ca\/fr\/wp-json\/wp\/v2\/comments?post=26226"}],"version-history":[{"count":5,"href":"https:\/\/mining.ca\/fr\/wp-json\/wp\/v2\/pages\/26226\/revisions"}],"predecessor-version":[{"id":49192,"href":"https:\/\/mining.ca\/fr\/wp-json\/wp\/v2\/pages\/26226\/revisions\/49192"}],"up":[{"embeddable":true,"href":"https:\/\/mining.ca\/fr\/wp-json\/wp\/v2\/pages\/26196"}],"wp:attachment":[{"href":"https:\/\/mining.ca\/fr\/wp-json\/wp\/v2\/media?parent=26226"}],"curies":[{"name":"wp","href":"https:\/\/api.w.org\/{rel}","templated":true}]}}