{"id":26553,"date":"2021-09-29T09:51:00","date_gmt":"2021-09-29T13:51:00","guid":{"rendered":"https:\/\/mining.ca\/notre-expertise\/gestion-des-residus-miniers\/guide-sur-les-residus-miniers\/"},"modified":"2023-02-13T12:26:43","modified_gmt":"2023-02-13T17:26:43","slug":"guide-sur-les-residus-miniers","status":"publish","type":"page","link":"https:\/\/mining.ca\/fr\/notre-objectif\/gestion-des-residus-miniers\/guide-sur-les-residus-miniers\/","title":{"rendered":"Guide sur les r\u00e9sidus miniers"},"content":{"rendered":"<p>Le\u00a0<em>Guide de gestion des parcs \u00e0 r\u00e9sidus miniers<\/em>\u00a0(le Guide sur les r\u00e9sidus miniers) peut \u00eatre utilis\u00e9 par les membres de l\u2019AMC et les autres entreprises partout dans le monde. Le Guide sur les r\u00e9sidus miniers aide les entreprises \u00e0 \u00e9laborer et \u00e0 mettre en \u0153uvre des syst\u00e8mes de gestion des r\u00e9sidus miniers responsables propres au site et facilite l\u2019application uniforme des principes d\u2019ing\u00e9nierie et de gestion des r\u00e9sidus.<\/p>\n<p>En 2021, l&rsquo;AMC a publi\u00e9 la version 3.2 du guide sur les r\u00e9sidus miniers, qui peut \u00eatre t\u00e9l\u00e9charg\u00e9e ici :<\/p>\n<ul>\n<li><a href=\"https:\/\/mining.ca\/wp-content\/uploads\/dlm_uploads\/2023\/02\/TSM_Guide_sur_les_residus_miniers_V3-2_2021-1.pdf\"><em>Guide sur les r\u00e9sidus miniers<\/em><\/a> \u2013 version 3.2\u00a0<\/li>\n<li><em><a href=\"https:\/\/mining.ca\/wp-content\/uploads\/dlm_uploads\/2023\/02\/TSM_Guide_sur_les_residus_miniers_V3-2_2021-appareils_mobiles_Apple-1.pdf\">Guide sur les r\u00e9sidus miniers<\/a><\/em> \u2013 version 3.2\u00a0 \u2013 pour les appareils mobiles Apple<\/li>\n<\/ul>\n<p>Pour les nouveaux parcs \u00e0 r\u00e9sidus miniers et ceux qui sont rattach\u00e9s \u00e0 une mine dont le cycle de vie est en cours de prolongation, le Guide sur les r\u00e9sidus miniers recommande d\u2019utiliser une approche rigoureuse pour s\u00e9lectionner la technologie et l\u2019emplacement les plus appropri\u00e9s pour le parc \u00e0 r\u00e9sidus miniers. Cette \u00e9tape devrait \u00eatre effectu\u00e9e tr\u00e8s t\u00f4t dans le cycle de vie, \u00e0 la phase de planification conceptuelle du parc, en utilisant l\u2019approche de prise de d\u00e9cision d\u00e9crite \u00e0 l\u2019annexe 3 du Guide sur les r\u00e9sidus miniers. De plus amples renseignements sont fournis dans les documents suivants :<\/p>\n<ul>\n<li><a href=\"https:\/\/mining.ca\/wp-content\/uploads\/dlm_uploads\/2021\/09\/ECCC-Guide-pour-levaluation-des-solutions-de-rechange.pdf\"><em>Guide sur l\u2019\u00e9valuation des solutions de rechange pour l\u2019entreposage des d\u00e9chets miniers<\/em><\/a>\u00a0(Environnement et Changement climatique Canada, 2011)<\/li>\n<li><a href=\"https:\/\/mining.ca\/documents\/a-multiple-accounts-analysis-for-tailings-site-management\/\"><em>A Multiple Accounts Analysis for Tailings Site Selection<\/em>\u00a0<\/a>(Andy Robertson et Shannon Shaw, 1999 \u2013 en anglais seulement)<\/li>\n<\/ul>\n","protected":false},"excerpt":{"rendered":"<p>Le\u00a0Guide de gestion des parcs \u00e0 r\u00e9sidus miniers\u00a0(le Guide sur les r\u00e9sidus miniers) peut \u00eatre utilis\u00e9 par les membres de l\u2019AMC et les autres entreprises partout dans le monde. Le Guide sur les r\u00e9sidus miniers aide les entreprises \u00e0 \u00e9laborer et \u00e0 mettre en \u0153uvre des syst\u00e8mes de gestion des r\u00e9sidus miniers responsables propres au [&hellip;]<\/p>\n","protected":false},"author":1,"featured_media":0,"parent":26551,"menu_order":0,"comment_status":"closed","ping_status":"closed","template":"","meta":{"_acf_changed":false,"footnotes":"","_links_to":"","_links_to_target":""},"class_list":["post-26553","page","type-page","status-publish","hentry"],"acf":[],"yoast_head":"<!-- This site is optimized with the Yoast SEO plugin v27.4 - https:\/\/yoast.com\/product\/yoast-seo-wordpress\/ -->\n<title>Guide sur les r\u00e9sidus miniers - The Mining Association of Canada<\/title>\n<meta name=\"robots\" content=\"index, follow, max-snippet:-1, max-image-preview:large, max-video-preview:-1\" \/>\n<link rel=\"canonical\" href=\"https:\/\/mining.ca\/fr\/notre-objectif\/gestion-des-residus-miniers\/guide-sur-les-residus-miniers\/\" \/>\n<meta property=\"og:locale\" content=\"fr_CA\" \/>\n<meta property=\"og:type\" content=\"article\" \/>\n<meta property=\"og:title\" content=\"Guide sur les r\u00e9sidus miniers - The Mining Association of Canada\" \/>\n<meta property=\"og:description\" content=\"Le\u00a0Guide de gestion des parcs \u00e0 r\u00e9sidus miniers\u00a0(le Guide sur les r\u00e9sidus miniers) peut \u00eatre utilis\u00e9 par les membres de l\u2019AMC et les autres entreprises partout dans le monde. Le Guide sur les r\u00e9sidus miniers aide les entreprises \u00e0 \u00e9laborer et \u00e0 mettre en \u0153uvre des syst\u00e8mes de gestion des r\u00e9sidus miniers responsables propres au [&hellip;]\" \/>\n<meta property=\"og:url\" content=\"https:\/\/mining.ca\/fr\/notre-objectif\/gestion-des-residus-miniers\/guide-sur-les-residus-miniers\/\" \/>\n<meta property=\"og:site_name\" content=\"The Mining Association of Canada\" \/>\n<meta property=\"article:modified_time\" content=\"2023-02-13T17:26:43+00:00\" \/>\n<meta name=\"twitter:card\" content=\"summary_large_image\" \/>\n<meta name=\"twitter:site\" content=\"@theminingstory\" \/>\n<meta name=\"twitter:label1\" content=\"Estimation du temps de lecture\" \/>\n\t<meta name=\"twitter:data1\" content=\"2 minutes\" \/>\n<script type=\"application\/ld+json\" class=\"yoast-schema-graph\">{\"@context\":\"https:\\\/\\\/schema.org\",\"@graph\":[{\"@type\":\"WebPage\",\"@id\":\"https:\\\/\\\/mining.ca\\\/fr\\\/notre-objectif\\\/gestion-des-residus-miniers\\\/guide-sur-les-residus-miniers\\\/\",\"url\":\"https:\\\/\\\/mining.ca\\\/fr\\\/notre-objectif\\\/gestion-des-residus-miniers\\\/guide-sur-les-residus-miniers\\\/\",\"name\":\"Guide sur les r\u00e9sidus miniers - The Mining Association of Canada\",\"isPartOf\":{\"@id\":\"https:\\\/\\\/mining.ca\\\/fr\\\/#website\"},\"datePublished\":\"2021-09-29T13:51:00+00:00\",\"dateModified\":\"2023-02-13T17:26:43+00:00\",\"breadcrumb\":{\"@id\":\"https:\\\/\\\/mining.ca\\\/fr\\\/notre-objectif\\\/gestion-des-residus-miniers\\\/guide-sur-les-residus-miniers\\\/#breadcrumb\"},\"inLanguage\":\"fr-CA\",\"potentialAction\":[{\"@type\":\"ReadAction\",\"target\":[\"https:\\\/\\\/mining.ca\\\/fr\\\/notre-objectif\\\/gestion-des-residus-miniers\\\/guide-sur-les-residus-miniers\\\/\"]}]},{\"@type\":\"BreadcrumbList\",\"@id\":\"https:\\\/\\\/mining.ca\\\/fr\\\/notre-objectif\\\/gestion-des-residus-miniers\\\/guide-sur-les-residus-miniers\\\/#breadcrumb\",\"itemListElement\":[{\"@type\":\"ListItem\",\"position\":1,\"name\":\"Home\",\"item\":\"https:\\\/\\\/mining.ca\\\/fr\\\/\"},{\"@type\":\"ListItem\",\"position\":2,\"name\":\"Notre objectif\",\"item\":\"https:\\\/\\\/mining.ca\\\/fr\\\/our-focus\\\/\"},{\"@type\":\"ListItem\",\"position\":3,\"name\":\"Gestion des r\u00e9sidus miniers\",\"item\":\"https:\\\/\\\/mining.ca\\\/fr\\\/our-focus\\\/tailings-management\\\/\"},{\"@type\":\"ListItem\",\"position\":4,\"name\":\"Guide sur les r\u00e9sidus miniers\"}]},{\"@type\":\"WebSite\",\"@id\":\"https:\\\/\\\/mining.ca\\\/fr\\\/#website\",\"url\":\"https:\\\/\\\/mining.ca\\\/fr\\\/\",\"name\":\"The Mining Association of Canada\",\"description\":\"The voice of the Canadian Mining Industry since 1935\",\"publisher\":{\"@id\":\"https:\\\/\\\/mining.ca\\\/fr\\\/#organization\"},\"potentialAction\":[{\"@type\":\"SearchAction\",\"target\":{\"@type\":\"EntryPoint\",\"urlTemplate\":\"https:\\\/\\\/mining.ca\\\/fr\\\/?s={search_term_string}\"},\"query-input\":{\"@type\":\"PropertyValueSpecification\",\"valueRequired\":true,\"valueName\":\"search_term_string\"}}],\"inLanguage\":\"fr-CA\"},{\"@type\":\"Organization\",\"@id\":\"https:\\\/\\\/mining.ca\\\/fr\\\/#organization\",\"name\":\"The Mining Association of Canada\",\"url\":\"https:\\\/\\\/mining.ca\\\/fr\\\/\",\"logo\":{\"@type\":\"ImageObject\",\"inLanguage\":\"fr-CA\",\"@id\":\"https:\\\/\\\/mining.ca\\\/fr\\\/#\\\/schema\\\/logo\\\/image\\\/\",\"url\":\"https:\\\/\\\/mining.ca\\\/wp-content\\\/uploads\\\/2021\\\/02\\\/cropped-logo.png\",\"contentUrl\":\"https:\\\/\\\/mining.ca\\\/wp-content\\\/uploads\\\/2021\\\/02\\\/cropped-logo.png\",\"width\":905,\"height\":423,\"caption\":\"The Mining Association of Canada\"},\"image\":{\"@id\":\"https:\\\/\\\/mining.ca\\\/fr\\\/#\\\/schema\\\/logo\\\/image\\\/\"},\"sameAs\":[\"https:\\\/\\\/x.com\\\/theminingstory\",\"https:\\\/\\\/ca.linkedin.com\\\/company\\\/mining-association-of-canada\"]}]}<\/script>\n<!-- \/ Yoast SEO plugin. -->","yoast_head_json":{"title":"Guide sur les r\u00e9sidus miniers - The Mining Association of Canada","robots":{"index":"index","follow":"follow","max-snippet":"max-snippet:-1","max-image-preview":"max-image-preview:large","max-video-preview":"max-video-preview:-1"},"canonical":"https:\/\/mining.ca\/fr\/notre-objectif\/gestion-des-residus-miniers\/guide-sur-les-residus-miniers\/","og_locale":"fr_CA","og_type":"article","og_title":"Guide sur les r\u00e9sidus miniers - The Mining Association of Canada","og_description":"Le\u00a0Guide de gestion des parcs \u00e0 r\u00e9sidus miniers\u00a0(le Guide sur les r\u00e9sidus miniers) peut \u00eatre utilis\u00e9 par les membres de l\u2019AMC et les autres entreprises partout dans le monde. Le Guide sur les r\u00e9sidus miniers aide les entreprises \u00e0 \u00e9laborer et \u00e0 mettre en \u0153uvre des syst\u00e8mes de gestion des r\u00e9sidus miniers responsables propres au [&hellip;]","og_url":"https:\/\/mining.ca\/fr\/notre-objectif\/gestion-des-residus-miniers\/guide-sur-les-residus-miniers\/","og_site_name":"The Mining Association of Canada","article_modified_time":"2023-02-13T17:26:43+00:00","twitter_card":"summary_large_image","twitter_site":"@theminingstory","twitter_misc":{"Estimation du temps de lecture":"2 minutes"},"schema":{"@context":"https:\/\/schema.org","@graph":[{"@type":"WebPage","@id":"https:\/\/mining.ca\/fr\/notre-objectif\/gestion-des-residus-miniers\/guide-sur-les-residus-miniers\/","url":"https:\/\/mining.ca\/fr\/notre-objectif\/gestion-des-residus-miniers\/guide-sur-les-residus-miniers\/","name":"Guide sur les r\u00e9sidus miniers - The Mining Association of Canada","isPartOf":{"@id":"https:\/\/mining.ca\/fr\/#website"},"datePublished":"2021-09-29T13:51:00+00:00","dateModified":"2023-02-13T17:26:43+00:00","breadcrumb":{"@id":"https:\/\/mining.ca\/fr\/notre-objectif\/gestion-des-residus-miniers\/guide-sur-les-residus-miniers\/#breadcrumb"},"inLanguage":"fr-CA","potentialAction":[{"@type":"ReadAction","target":["https:\/\/mining.ca\/fr\/notre-objectif\/gestion-des-residus-miniers\/guide-sur-les-residus-miniers\/"]}]},{"@type":"BreadcrumbList","@id":"https:\/\/mining.ca\/fr\/notre-objectif\/gestion-des-residus-miniers\/guide-sur-les-residus-miniers\/#breadcrumb","itemListElement":[{"@type":"ListItem","position":1,"name":"Home","item":"https:\/\/mining.ca\/fr\/"},{"@type":"ListItem","position":2,"name":"Notre objectif","item":"https:\/\/mining.ca\/fr\/our-focus\/"},{"@type":"ListItem","position":3,"name":"Gestion des r\u00e9sidus miniers","item":"https:\/\/mining.ca\/fr\/our-focus\/tailings-management\/"},{"@type":"ListItem","position":4,"name":"Guide sur les r\u00e9sidus miniers"}]},{"@type":"WebSite","@id":"https:\/\/mining.ca\/fr\/#website","url":"https:\/\/mining.ca\/fr\/","name":"The Mining Association of Canada","description":"The voice of the Canadian Mining Industry since 1935","publisher":{"@id":"https:\/\/mining.ca\/fr\/#organization"},"potentialAction":[{"@type":"SearchAction","target":{"@type":"EntryPoint","urlTemplate":"https:\/\/mining.ca\/fr\/?s={search_term_string}"},"query-input":{"@type":"PropertyValueSpecification","valueRequired":true,"valueName":"search_term_string"}}],"inLanguage":"fr-CA"},{"@type":"Organization","@id":"https:\/\/mining.ca\/fr\/#organization","name":"The Mining Association of Canada","url":"https:\/\/mining.ca\/fr\/","logo":{"@type":"ImageObject","inLanguage":"fr-CA","@id":"https:\/\/mining.ca\/fr\/#\/schema\/logo\/image\/","url":"https:\/\/mining.ca\/wp-content\/uploads\/2021\/02\/cropped-logo.png","contentUrl":"https:\/\/mining.ca\/wp-content\/uploads\/2021\/02\/cropped-logo.png","width":905,"height":423,"caption":"The Mining Association of Canada"},"image":{"@id":"https:\/\/mining.ca\/fr\/#\/schema\/logo\/image\/"},"sameAs":["https:\/\/x.com\/theminingstory","https:\/\/ca.linkedin.com\/company\/mining-association-of-canada"]}]}},"_links":{"self":[{"href":"https:\/\/mining.ca\/fr\/wp-json\/wp\/v2\/pages\/26553","targetHints":{"allow":["GET"]}}],"collection":[{"href":"https:\/\/mining.ca\/fr\/wp-json\/wp\/v2\/pages"}],"about":[{"href":"https:\/\/mining.ca\/fr\/wp-json\/wp\/v2\/types\/page"}],"author":[{"embeddable":true,"href":"https:\/\/mining.ca\/fr\/wp-json\/wp\/v2\/users\/1"}],"replies":[{"embeddable":true,"href":"https:\/\/mining.ca\/fr\/wp-json\/wp\/v2\/comments?post=26553"}],"version-history":[{"count":3,"href":"https:\/\/mining.ca\/fr\/wp-json\/wp\/v2\/pages\/26553\/revisions"}],"predecessor-version":[{"id":43442,"href":"https:\/\/mining.ca\/fr\/wp-json\/wp\/v2\/pages\/26553\/revisions\/43442"}],"up":[{"embeddable":true,"href":"https:\/\/mining.ca\/fr\/wp-json\/wp\/v2\/pages\/26551"}],"wp:attachment":[{"href":"https:\/\/mining.ca\/fr\/wp-json\/wp\/v2\/media?parent=26553"}],"curies":[{"name":"wp","href":"https:\/\/api.w.org\/{rel}","templated":true}]}}