{"id":26566,"date":"2021-09-29T10:13:31","date_gmt":"2021-09-29T14:13:31","guid":{"rendered":"https:\/\/mining.ca\/le-role-de-lindustrie-miniere-dans-le-developpement-des-energies-propres\/"},"modified":"2021-09-29T10:13:31","modified_gmt":"2021-09-29T14:13:31","slug":"le-role-de-lindustrie-miniere-dans-le-developpement-des-energies-propres","status":"publish","type":"page","link":"https:\/\/mining.ca\/fr\/notre-objectif\/changements-climatiques\/le-role-de-lindustrie-miniere-dans-le-developpement-des-energies-propres\/","title":{"rendered":"Le r\u00f4le de l\u2019industrie mini\u00e8re dans le d\u00e9veloppement des \u00e9nergies propres"},"content":{"rendered":"<p>Il existe une synergie naturelle entre l\u2019industrie mini\u00e8re et les technologies propres. Les mati\u00e8res premi\u00e8res sont transform\u00e9es en outils technologiques qui contribueront \u00e0 leur tour \u00e0 la r\u00e9duction de l\u2019empreinte environnementale de l\u2019industrie, ainsi qu\u2019\u00e0 l\u2019am\u00e9lioration de l\u2019efficacit\u00e9 et de la fiabilit\u00e9 des activit\u00e9s mini\u00e8res. Ces m\u00eames mati\u00e8res premi\u00e8res permettent \u00e9galement la transition vers un avenir plus vert.<\/p>\n<p>Un r\u00e9cent rapport de la\u00a0<a href=\"http:\/\/documents.worldbank.org\/curated\/en\/207371500386458722\/pdf\/117581-WP-P159838-PUBLIC-ClimateSmartMiningJuly.pdf\" target=\"_blank\" rel=\"noopener\">Banque mondiale<\/a>\u00a0a conclu que l\u2019utilisation accrue de technologies \u00e0 faible empreinte carbone dans les secteurs de l\u2019\u00e9nergie \u00e9olienne, de l\u2019\u00e9nergie solaire et du stockage d\u2019\u00e9nergie permettra d\u2019augmenter la demande de min\u00e9raux et de m\u00e9taux. Un rapport de\u00a0<a href=\"http:\/\/cleanenergycanada.org\/wp-content\/uploads\/2017\/06\/MiningCleanEnergy2017.pdf\" target=\"_blank\" rel=\"noopener\">Clean Energy Canada<\/a>\u00a0souligne quant \u00e0 lui l\u2019occasion que constitue une \u00e9conomie \u00e0 faible empreinte carbone pour le Canada et son industrie mini\u00e8re, indiquant que le pays poss\u00e8de de riches gisements de nombreux min\u00e9raux et m\u00e9taux n\u00e9cessaires aux technologies d\u2019\u00e9nergie renouvelable. Par exemple, le Canada abrite 14 des 19 m\u00e9taux et min\u00e9raux requis pour construire un panneau photovolta\u00efque. Clean Energy Canada encourage ainsi le pays \u00e0 devenir le principal fournisseur de produits miniers essentiels \u00e0 la fabrication de ces technologies propres. Dans son rapport, le groupe de r\u00e9flexion met l\u2019accent sur les normes de l\u2019industrie mini\u00e8re canadienne en mati\u00e8re de durabilit\u00e9, notamment l\u2019initiative\u00a0<a href=\"https:\/\/mining.ca\/fr\/vers-le-developpement-minier-durable\/\" target=\"_blank\" rel=\"noopener\"><em>Vers le d\u00e9veloppement minier durable<\/em><sup>MD<\/sup><\/a>\u00a0de l\u2019AMC, et sur le fait qu\u2019on retrouve au pays certaines des mines ayant la plus faible intensit\u00e9 carbonique au monde gr\u00e2ce \u00e0 l\u2019utilisation de plusieurs sources d\u2019\u00e9nergie et \u00e0 l\u2019adoption de technologies propres par les entreprises.<\/p>\n<p>Les exemples ci-dessous illustrent le r\u00f4le essentiel que les activit\u00e9s mini\u00e8res sont appel\u00e9es \u00e0 jouer dans la transition vers un avenir plus vert.<\/p>\n<h3>Production d\u2019\u00e9nergie :<\/h3>\n<h4><\/h4>\n<h4>\u00c9oliennes :<\/h4>\n<ul>\n<li>Il faut environ 100 tonnes de charbon m\u00e9tallurgique pour produire l\u2019acier qui servira \u00e0 construire une turbine \u00e9olienne moyenne.<\/li>\n<li>Bien que la quantit\u00e9 de cuivre n\u00e9cessaire \u00e0 la fabrication d\u2019une \u00e9olienne varie d\u2019un mod\u00e8le \u00e0 l\u2019autre, on estime qu\u2019en moyenne, une \u00e9olienne de 1,8 MW contient environ 3 175 kilogrammes de cuivre.<\/li>\n<li>Une seule \u00e9olienne contient g\u00e9n\u00e9ralement 500 kilogrammes de nickel.<\/li>\n<\/ul>\n<h4>\u00c9nergie solaire :<\/h4>\n<ul>\n<li>La plupart des syst\u00e8mes photovolta\u00efques utilisent des cellules en silicium pour transformer les rayons du soleil en \u00e9lectricit\u00e9. Des cellules solaires \u00e0 base de germanium sont aussi employ\u00e9es dans certains syst\u00e8mes.<\/li>\n<li>La p\u00e2te de verre appliqu\u00e9e sur le dessus et le dessous des cellules photovolta\u00efques en silicium cristallin est compos\u00e9e \u00e0 90 % d\u2019argent.<\/li>\n<\/ul>\n<h4>\u00c9nergie nucl\u00e9aire :<\/h4>\n<ul>\n<li>Les r\u00e9acteurs nucl\u00e9aires produisent une \u00e9nergie de base s\u00fbre et fiable \u00e0 partir de petites quantit\u00e9s d\u2019uranium, sans \u00e9mettre de gaz \u00e0 effet de serre.<\/li>\n<li>Le combustible de base des r\u00e9acteurs nucl\u00e9aires est l\u2019uranium, dont le Canada est un des principaux producteurs. Le pays est d\u2019ailleurs un chef de file dans le domaine de la recherche et des technologies nucl\u00e9aires, et il exporte ce combustible sans \u00e9mission \u00e0 l\u2019international.<\/li>\n<li>Un r\u00e9acteur nucl\u00e9aire typique utilise jusqu\u2019\u00e0 20 alliages de nickel diff\u00e9rents.<\/li>\n<\/ul>\n<h4>Syst\u00e8mes au gaz naturel \u00e0 haut rendement :<\/h4>\n<ul>\n<li>Les chaudi\u00e8res au gaz naturel peuvent \u00eatre faites de fonte, d\u2019acier, de cuivre, d\u2019aluminium et d\u2019autres mat\u00e9riaux adapt\u00e9s \u00e0 l\u2019usage pr\u00e9vu, de fa\u00e7on \u00e0 maximiser le rendement.<\/li>\n<li>L\u2019augmentation de 56 % \u00e0 90 % de l\u2019efficacit\u00e9 d\u2019un syst\u00e8me de chauffage au gaz permet de r\u00e9duire les \u00e9missions de CO2 de 1,4 tonne par ann\u00e9e pour une maison moyenne dans un climat froid.<\/li>\n<\/ul>\n<h3>Transports :<\/h3>\n<h4><\/h4>\n<h4>Train l\u00e9ger sur rail :<\/h4>\n<ul>\n<li>Environ 30 000 tonnes de charbon m\u00e9tallurgique ont \u00e9t\u00e9 n\u00e9cessaires pour construire la ligne de m\u00e9tro Canada Line, \u00e0 Vancouver, qui enregistre quelque trois millions de d\u00e9placements chaque mois.<\/li>\n<\/ul>\n<h4>Voitures \u00e9lectriques :<\/h4>\n<ul>\n<li>Une voiture \u00e9lectrique moyenne renferme 75 kilogrammes de fil de cuivre, soit de deux \u00e0 trois fois plus qu\u2019une voiture traditionnelle.<\/li>\n<li>Le lithium, l\u2019aluminium, le nickel, le cadmium, le cobalt et le zinc sont des composants cl\u00e9s des batteries de derni\u00e8re technologie. Par exemple, un v\u00e9hicule aliment\u00e9 par des batteries \u00e0 l\u2019hydrure de nickel produit 50 % moins de pollution et de GES qu\u2019un mod\u00e8le comparable \u00e0 essence.<\/li>\n<\/ul>\n<h4>V\u00e9hicules \u00e9co\u00e9nerg\u00e9tiques \u00e0 faibles \u00e9missions :<\/h4>\n<ul>\n<li>Le remplacement de l\u2019acier par de l\u2019aluminium ou d\u2019autres mat\u00e9riaux l\u00e9gers hautement r\u00e9sistants dans les secteurs de l\u2019automobile, du transport ferroviaire et de l\u2019aviation permet de r\u00e9duire le poids total des v\u00e9hicules et d\u2019augmenter la distance parcourue par litre de carburant consomm\u00e9, ce qui diminue les \u00e9missions nettes.<\/li>\n<li>Le platine, le palladium, le rhodium et l\u2019or entrent dans la fabrication des convertisseurs catalytiques, qui convertissent les polluants pr\u00e9sents dans les gaz d\u2019\u00e9chappement produits par les moteurs \u00e0 combustion interne.<\/li>\n<\/ul>\n","protected":false},"excerpt":{"rendered":"<p>Il existe une synergie naturelle entre l\u2019industrie mini\u00e8re et les technologies propres. Les mati\u00e8res premi\u00e8res sont transform\u00e9es en outils technologiques qui contribueront \u00e0 leur tour \u00e0 la r\u00e9duction de l\u2019empreinte environnementale de l\u2019industrie, ainsi qu\u2019\u00e0 l\u2019am\u00e9lioration de l\u2019efficacit\u00e9 et de la fiabilit\u00e9 des activit\u00e9s mini\u00e8res. Ces m\u00eames mati\u00e8res premi\u00e8res permettent \u00e9galement la transition vers un [&hellip;]<\/p>\n","protected":false},"author":1,"featured_media":0,"parent":26575,"menu_order":0,"comment_status":"closed","ping_status":"closed","template":"","meta":{"_acf_changed":false,"footnotes":"","_links_to":"","_links_to_target":""},"class_list":["post-26566","page","type-page","status-publish","hentry"],"acf":[],"yoast_head":"<!-- This site is optimized with the Yoast SEO plugin v27.5 - https:\/\/yoast.com\/product\/yoast-seo-wordpress\/ -->\n<title>Le r\u00f4le de l\u2019industrie mini\u00e8re dans le d\u00e9veloppement des \u00e9nergies propres - The Mining Association of Canada<\/title>\n<meta name=\"robots\" content=\"index, follow, max-snippet:-1, max-image-preview:large, max-video-preview:-1\" \/>\n<link rel=\"canonical\" href=\"https:\/\/mining.ca\/fr\/notre-objectif\/changements-climatiques\/le-role-de-lindustrie-miniere-dans-le-developpement-des-energies-propres\/\" \/>\n<meta property=\"og:locale\" content=\"fr_CA\" \/>\n<meta property=\"og:type\" content=\"article\" \/>\n<meta property=\"og:title\" content=\"Le r\u00f4le de l\u2019industrie mini\u00e8re dans le d\u00e9veloppement des \u00e9nergies propres - The Mining Association of Canada\" \/>\n<meta property=\"og:description\" content=\"Il existe une synergie naturelle entre l\u2019industrie mini\u00e8re et les technologies propres. Les mati\u00e8res premi\u00e8res sont transform\u00e9es en outils technologiques qui contribueront \u00e0 leur tour \u00e0 la r\u00e9duction de l\u2019empreinte environnementale de l\u2019industrie, ainsi qu\u2019\u00e0 l\u2019am\u00e9lioration de l\u2019efficacit\u00e9 et de la fiabilit\u00e9 des activit\u00e9s mini\u00e8res. Ces m\u00eames mati\u00e8res premi\u00e8res permettent \u00e9galement la transition vers un [&hellip;]\" \/>\n<meta property=\"og:url\" content=\"https:\/\/mining.ca\/fr\/notre-objectif\/changements-climatiques\/le-role-de-lindustrie-miniere-dans-le-developpement-des-energies-propres\/\" \/>\n<meta property=\"og:site_name\" content=\"The Mining Association of Canada\" \/>\n<meta name=\"twitter:card\" content=\"summary_large_image\" \/>\n<meta name=\"twitter:site\" content=\"@theminingstory\" \/>\n<meta name=\"twitter:label1\" content=\"Estimation du temps de lecture\" \/>\n\t<meta name=\"twitter:data1\" content=\"4 minutes\" \/>\n<script type=\"application\/ld+json\" class=\"yoast-schema-graph\">{\"@context\":\"https:\\\/\\\/schema.org\",\"@graph\":[{\"@type\":\"WebPage\",\"@id\":\"https:\\\/\\\/mining.ca\\\/fr\\\/notre-objectif\\\/changements-climatiques\\\/le-role-de-lindustrie-miniere-dans-le-developpement-des-energies-propres\\\/\",\"url\":\"https:\\\/\\\/mining.ca\\\/fr\\\/notre-objectif\\\/changements-climatiques\\\/le-role-de-lindustrie-miniere-dans-le-developpement-des-energies-propres\\\/\",\"name\":\"Le r\u00f4le de l\u2019industrie mini\u00e8re dans le d\u00e9veloppement des \u00e9nergies propres - The Mining Association of Canada\",\"isPartOf\":{\"@id\":\"https:\\\/\\\/mining.ca\\\/fr\\\/#website\"},\"datePublished\":\"2021-09-29T14:13:31+00:00\",\"breadcrumb\":{\"@id\":\"https:\\\/\\\/mining.ca\\\/fr\\\/notre-objectif\\\/changements-climatiques\\\/le-role-de-lindustrie-miniere-dans-le-developpement-des-energies-propres\\\/#breadcrumb\"},\"inLanguage\":\"fr-CA\",\"potentialAction\":[{\"@type\":\"ReadAction\",\"target\":[\"https:\\\/\\\/mining.ca\\\/fr\\\/notre-objectif\\\/changements-climatiques\\\/le-role-de-lindustrie-miniere-dans-le-developpement-des-energies-propres\\\/\"]}]},{\"@type\":\"BreadcrumbList\",\"@id\":\"https:\\\/\\\/mining.ca\\\/fr\\\/notre-objectif\\\/changements-climatiques\\\/le-role-de-lindustrie-miniere-dans-le-developpement-des-energies-propres\\\/#breadcrumb\",\"itemListElement\":[{\"@type\":\"ListItem\",\"position\":1,\"name\":\"Home\",\"item\":\"https:\\\/\\\/mining.ca\\\/fr\\\/\"},{\"@type\":\"ListItem\",\"position\":2,\"name\":\"Notre objectif\",\"item\":\"https:\\\/\\\/mining.ca\\\/fr\\\/our-focus\\\/\"},{\"@type\":\"ListItem\",\"position\":3,\"name\":\"Changements climatiques\",\"item\":\"https:\\\/\\\/mining.ca\\\/fr\\\/notre-objectif\\\/changements-climatiques\\\/\"},{\"@type\":\"ListItem\",\"position\":4,\"name\":\"Le r\u00f4le de l\u2019industrie mini\u00e8re dans le d\u00e9veloppement des \u00e9nergies propres\"}]},{\"@type\":\"WebSite\",\"@id\":\"https:\\\/\\\/mining.ca\\\/fr\\\/#website\",\"url\":\"https:\\\/\\\/mining.ca\\\/fr\\\/\",\"name\":\"The Mining Association of Canada\",\"description\":\"The voice of the Canadian Mining Industry since 1935\",\"publisher\":{\"@id\":\"https:\\\/\\\/mining.ca\\\/fr\\\/#organization\"},\"potentialAction\":[{\"@type\":\"SearchAction\",\"target\":{\"@type\":\"EntryPoint\",\"urlTemplate\":\"https:\\\/\\\/mining.ca\\\/fr\\\/?s={search_term_string}\"},\"query-input\":{\"@type\":\"PropertyValueSpecification\",\"valueRequired\":true,\"valueName\":\"search_term_string\"}}],\"inLanguage\":\"fr-CA\"},{\"@type\":\"Organization\",\"@id\":\"https:\\\/\\\/mining.ca\\\/fr\\\/#organization\",\"name\":\"The Mining Association of Canada\",\"url\":\"https:\\\/\\\/mining.ca\\\/fr\\\/\",\"logo\":{\"@type\":\"ImageObject\",\"inLanguage\":\"fr-CA\",\"@id\":\"https:\\\/\\\/mining.ca\\\/fr\\\/#\\\/schema\\\/logo\\\/image\\\/\",\"url\":\"https:\\\/\\\/mining.ca\\\/wp-content\\\/uploads\\\/2021\\\/02\\\/cropped-logo.png\",\"contentUrl\":\"https:\\\/\\\/mining.ca\\\/wp-content\\\/uploads\\\/2021\\\/02\\\/cropped-logo.png\",\"width\":905,\"height\":423,\"caption\":\"The Mining Association of Canada\"},\"image\":{\"@id\":\"https:\\\/\\\/mining.ca\\\/fr\\\/#\\\/schema\\\/logo\\\/image\\\/\"},\"sameAs\":[\"https:\\\/\\\/x.com\\\/theminingstory\",\"https:\\\/\\\/ca.linkedin.com\\\/company\\\/mining-association-of-canada\"]}]}<\/script>\n<!-- \/ Yoast SEO plugin. -->","yoast_head_json":{"title":"Le r\u00f4le de l\u2019industrie mini\u00e8re dans le d\u00e9veloppement des \u00e9nergies propres - The Mining Association of Canada","robots":{"index":"index","follow":"follow","max-snippet":"max-snippet:-1","max-image-preview":"max-image-preview:large","max-video-preview":"max-video-preview:-1"},"canonical":"https:\/\/mining.ca\/fr\/notre-objectif\/changements-climatiques\/le-role-de-lindustrie-miniere-dans-le-developpement-des-energies-propres\/","og_locale":"fr_CA","og_type":"article","og_title":"Le r\u00f4le de l\u2019industrie mini\u00e8re dans le d\u00e9veloppement des \u00e9nergies propres - The Mining Association of Canada","og_description":"Il existe une synergie naturelle entre l\u2019industrie mini\u00e8re et les technologies propres. Les mati\u00e8res premi\u00e8res sont transform\u00e9es en outils technologiques qui contribueront \u00e0 leur tour \u00e0 la r\u00e9duction de l\u2019empreinte environnementale de l\u2019industrie, ainsi qu\u2019\u00e0 l\u2019am\u00e9lioration de l\u2019efficacit\u00e9 et de la fiabilit\u00e9 des activit\u00e9s mini\u00e8res. Ces m\u00eames mati\u00e8res premi\u00e8res permettent \u00e9galement la transition vers un [&hellip;]","og_url":"https:\/\/mining.ca\/fr\/notre-objectif\/changements-climatiques\/le-role-de-lindustrie-miniere-dans-le-developpement-des-energies-propres\/","og_site_name":"The Mining Association of Canada","twitter_card":"summary_large_image","twitter_site":"@theminingstory","twitter_misc":{"Estimation du temps de lecture":"4 minutes"},"schema":{"@context":"https:\/\/schema.org","@graph":[{"@type":"WebPage","@id":"https:\/\/mining.ca\/fr\/notre-objectif\/changements-climatiques\/le-role-de-lindustrie-miniere-dans-le-developpement-des-energies-propres\/","url":"https:\/\/mining.ca\/fr\/notre-objectif\/changements-climatiques\/le-role-de-lindustrie-miniere-dans-le-developpement-des-energies-propres\/","name":"Le r\u00f4le de l\u2019industrie mini\u00e8re dans le d\u00e9veloppement des \u00e9nergies propres - The Mining Association of Canada","isPartOf":{"@id":"https:\/\/mining.ca\/fr\/#website"},"datePublished":"2021-09-29T14:13:31+00:00","breadcrumb":{"@id":"https:\/\/mining.ca\/fr\/notre-objectif\/changements-climatiques\/le-role-de-lindustrie-miniere-dans-le-developpement-des-energies-propres\/#breadcrumb"},"inLanguage":"fr-CA","potentialAction":[{"@type":"ReadAction","target":["https:\/\/mining.ca\/fr\/notre-objectif\/changements-climatiques\/le-role-de-lindustrie-miniere-dans-le-developpement-des-energies-propres\/"]}]},{"@type":"BreadcrumbList","@id":"https:\/\/mining.ca\/fr\/notre-objectif\/changements-climatiques\/le-role-de-lindustrie-miniere-dans-le-developpement-des-energies-propres\/#breadcrumb","itemListElement":[{"@type":"ListItem","position":1,"name":"Home","item":"https:\/\/mining.ca\/fr\/"},{"@type":"ListItem","position":2,"name":"Notre objectif","item":"https:\/\/mining.ca\/fr\/our-focus\/"},{"@type":"ListItem","position":3,"name":"Changements climatiques","item":"https:\/\/mining.ca\/fr\/notre-objectif\/changements-climatiques\/"},{"@type":"ListItem","position":4,"name":"Le r\u00f4le de l\u2019industrie mini\u00e8re dans le d\u00e9veloppement des \u00e9nergies propres"}]},{"@type":"WebSite","@id":"https:\/\/mining.ca\/fr\/#website","url":"https:\/\/mining.ca\/fr\/","name":"The Mining Association of Canada","description":"The voice of the Canadian Mining Industry since 1935","publisher":{"@id":"https:\/\/mining.ca\/fr\/#organization"},"potentialAction":[{"@type":"SearchAction","target":{"@type":"EntryPoint","urlTemplate":"https:\/\/mining.ca\/fr\/?s={search_term_string}"},"query-input":{"@type":"PropertyValueSpecification","valueRequired":true,"valueName":"search_term_string"}}],"inLanguage":"fr-CA"},{"@type":"Organization","@id":"https:\/\/mining.ca\/fr\/#organization","name":"The Mining Association of Canada","url":"https:\/\/mining.ca\/fr\/","logo":{"@type":"ImageObject","inLanguage":"fr-CA","@id":"https:\/\/mining.ca\/fr\/#\/schema\/logo\/image\/","url":"https:\/\/mining.ca\/wp-content\/uploads\/2021\/02\/cropped-logo.png","contentUrl":"https:\/\/mining.ca\/wp-content\/uploads\/2021\/02\/cropped-logo.png","width":905,"height":423,"caption":"The Mining Association of Canada"},"image":{"@id":"https:\/\/mining.ca\/fr\/#\/schema\/logo\/image\/"},"sameAs":["https:\/\/x.com\/theminingstory","https:\/\/ca.linkedin.com\/company\/mining-association-of-canada"]}]}},"_links":{"self":[{"href":"https:\/\/mining.ca\/fr\/wp-json\/wp\/v2\/pages\/26566","targetHints":{"allow":["GET"]}}],"collection":[{"href":"https:\/\/mining.ca\/fr\/wp-json\/wp\/v2\/pages"}],"about":[{"href":"https:\/\/mining.ca\/fr\/wp-json\/wp\/v2\/types\/page"}],"author":[{"embeddable":true,"href":"https:\/\/mining.ca\/fr\/wp-json\/wp\/v2\/users\/1"}],"replies":[{"embeddable":true,"href":"https:\/\/mining.ca\/fr\/wp-json\/wp\/v2\/comments?post=26566"}],"version-history":[{"count":0,"href":"https:\/\/mining.ca\/fr\/wp-json\/wp\/v2\/pages\/26566\/revisions"}],"up":[{"embeddable":true,"href":"https:\/\/mining.ca\/fr\/wp-json\/wp\/v2\/pages\/26575"}],"wp:attachment":[{"href":"https:\/\/mining.ca\/fr\/wp-json\/wp\/v2\/media?parent=26566"}],"curies":[{"name":"wp","href":"https:\/\/api.w.org\/{rel}","templated":true}]}}