{"id":26575,"date":"2021-09-29T10:22:31","date_gmt":"2021-09-29T14:22:31","guid":{"rendered":"https:\/\/mining.ca\/notre-expertise\/changements-climatiques\/"},"modified":"2022-04-28T14:31:43","modified_gmt":"2022-04-28T18:31:43","slug":"changements-climatiques","status":"publish","type":"page","link":"https:\/\/mining.ca\/fr\/notre-objectif\/changements-climatiques\/","title":{"rendered":"Changements climatiques"},"content":{"rendered":"\t\t<div data-elementor-type=\"wp-page\" data-elementor-id=\"26575\" class=\"elementor elementor-26575 elementor-4867\" data-elementor-post-type=\"page\">\n\t\t\t\t\t\t<section class=\"elementor-section elementor-top-section elementor-element elementor-element-6afb35e3 elementor-section-boxed elementor-section-height-default elementor-section-height-default\" data-id=\"6afb35e3\" data-element_type=\"section\" data-e-type=\"section\" data-settings=\"{&quot;jet_parallax_layout_list&quot;:[{&quot;jet_parallax_layout_image&quot;:{&quot;url&quot;:&quot;&quot;,&quot;id&quot;:&quot;&quot;,&quot;size&quot;:&quot;&quot;},&quot;_id&quot;:&quot;0967885&quot;,&quot;jet_parallax_layout_image_tablet&quot;:{&quot;url&quot;:&quot;&quot;,&quot;id&quot;:&quot;&quot;,&quot;size&quot;:&quot;&quot;},&quot;jet_parallax_layout_image_mobile&quot;:{&quot;url&quot;:&quot;&quot;,&quot;id&quot;:&quot;&quot;,&quot;size&quot;:&quot;&quot;},&quot;jet_parallax_layout_speed&quot;:{&quot;unit&quot;:&quot;%&quot;,&quot;size&quot;:50,&quot;sizes&quot;:[]},&quot;jet_parallax_layout_type&quot;:&quot;scroll&quot;,&quot;jet_parallax_layout_direction&quot;:&quot;1&quot;,&quot;jet_parallax_layout_fx_direction&quot;:null,&quot;jet_parallax_layout_z_index&quot;:&quot;&quot;,&quot;jet_parallax_layout_bg_x&quot;:50,&quot;jet_parallax_layout_bg_x_tablet&quot;:&quot;&quot;,&quot;jet_parallax_layout_bg_x_mobile&quot;:&quot;&quot;,&quot;jet_parallax_layout_bg_y&quot;:50,&quot;jet_parallax_layout_bg_y_tablet&quot;:&quot;&quot;,&quot;jet_parallax_layout_bg_y_mobile&quot;:&quot;&quot;,&quot;jet_parallax_layout_bg_size&quot;:&quot;auto&quot;,&quot;jet_parallax_layout_bg_size_tablet&quot;:&quot;&quot;,&quot;jet_parallax_layout_bg_size_mobile&quot;:&quot;&quot;,&quot;jet_parallax_layout_animation_prop&quot;:&quot;transform&quot;,&quot;jet_parallax_layout_on&quot;:[&quot;desktop&quot;,&quot;tablet&quot;]}]}\">\n\t\t\t\t\t\t<div class=\"elementor-container elementor-column-gap-default\">\n\t\t\t\t\t<div class=\"elementor-column elementor-col-100 elementor-top-column elementor-element elementor-element-27ccad9a\" data-id=\"27ccad9a\" data-element_type=\"column\" data-e-type=\"column\">\n\t\t\t<div class=\"elementor-widget-wrap elementor-element-populated\">\n\t\t\t\t\t\t<div class=\"elementor-element elementor-element-c25481c hide-fr elementor-widget elementor-widget-jet-video\" data-id=\"c25481c\" data-element_type=\"widget\" data-e-type=\"widget\" data-widget_type=\"jet-video.default\">\n\t\t\t\t<div class=\"elementor-widget-container\">\n\t\t\t\t\t<div class=\"elementor-jet-video jet-elements\">\n<div class=\"jet-video jet-video--fa5-compat jet-video-aspect-ratio jet-video-aspect-ratio--16-9\" data-settings=\"{&quot;lightbox&quot;:false,&quot;autoplay&quot;:false}\"><iframe class=\"jet-video-iframe\" allowfullscreen allow=\"autoplay;encrypted-media\" title=\"Lecteur vid\u00e9o vimeo\" data-lazy-load=\"https:\/\/player.vimeo.com\/video\/630042579?color=68A89A&amp;autopause=0&amp;autoplay=0&amp;loop=0&amp;muted=0&amp;h=660beffa1f#t=\"><\/iframe>\n<div class=\"jet-video__overlay jet-video__overlay--custom-bg\" style=\"background-image: url(https:\/\/i.vimeocdn.com\/video\/1272318865-577aa93a760bd82c73c4ca057ae0c13226e421140e0322f41_640?region=us);\">\n<div class=\"jet-video__play-button\" role=\"button\" tabindex=\"0\" aria-label=\"Video play button\"><span class=\"jet-elements-icon jet-video__play-button-icon\"><i aria-hidden=\"true\" class=\"fal fa-play\"><\/i><\/span>\t<span class=\"elementor-screen-only\">Play Video<\/span>\n<\/div>\n<\/div>\n<\/div>\n<\/div>\t\t\t\t<\/div>\n\t\t\t\t<\/div>\n\t\t\t\t<div class=\"elementor-element elementor-element-16379e1 elementor-widget elementor-widget-text-editor\" data-id=\"16379e1\" data-element_type=\"widget\" data-e-type=\"widget\" data-widget_type=\"text-editor.default\">\n\t\t\t\t<div class=\"elementor-widget-container\">\n\t\t\t\t\t\t\t\t\t<h3>L\u2019AMC et ses soci\u00e9t\u00e9s membres soutiennent une transition ordonn\u00e9e vers un avenir o\u00f9 l\u2019empreinte carbone sera r\u00e9duite et se fait partenaire de la lutte contre les changements climatiques.<\/h3>\n<p>L\u2019AMC soutient une action climatique qui est conforme \u00e0 l\u2019ambition de l\u2019Accord de Paris de limiter le r\u00e9chauffement climatique bien en dessous de 2 degr\u00e9s Celsius (au-dessus des niveaux pr\u00e9industriels) pour assurer la durabilit\u00e9 \u00e0 long terme de notre plan\u00e8te commune.<\/p>\n<p>Dans les 20 derni\u00e8res ann\u00e9es, les soci\u00e9t\u00e9s membres de l\u2019AMC ont accru leur efficacit\u00e9 \u00e9nerg\u00e9tique et diminu\u00e9 les \u00e9missions li\u00e9es \u00e0 leurs activit\u00e9s gr\u00e2ce \u00e0 des mesures comme l\u2019initiative obligatoire de l\u2019AMC\u00a0<a href=\"https:\/\/mining.ca\/fr\/vers-le-developpement-minier-durable\/\"><em>Vers le d\u00e9veloppement minier durable<\/em><sup>MD<\/sup>\u00a0(<em>VDMD<\/em><sup>MD<\/sup>)<\/a>\u00a0et\u00a0<a href=\"https:\/\/mining.ca\/fr\/notre-objectif\/changements-climatiques\/initiatives-et-innovations-en-matiere-de-changements-climatiques-dans-lindustrie-miniere\/\">\u00e0 diverses innovations \u00e0 l\u2019\u00e9chelle des mines.<\/a><\/p>\n<p>Il existe une synergie naturelle entre\u00a0<a href=\"https:\/\/mining.ca\/fr\/notre-expertise\/changements-climatiques\/le-role-de-lindustrie-miniere-dans-le-developpement-des-energies-propres\/\">l\u2019industrie mini\u00e8re et les technologies propres.<\/a>\u00a0Les mati\u00e8res premi\u00e8res sont transform\u00e9es en outils technologiques qui contribueront \u00e0 leur tour \u00e0 la r\u00e9duction de l\u2019empreinte environnementale de l\u2019industrie, ainsi qu\u2019\u00e0 l\u2019am\u00e9lioration de l\u2019efficacit\u00e9 et de la fiabilit\u00e9 des activit\u00e9s mini\u00e8res. Ces m\u00eames mati\u00e8res premi\u00e8res permettent \u00e9galement la transition vers un avenir plus vert.<\/p>\n\t\t\t\t\t\t\t\t<\/div>\n\t\t\t\t<\/div>\n\t\t\t\t<div class=\"elementor-element elementor-element-fb9a1f7 hide-fr elementor-widget elementor-widget-image\" data-id=\"fb9a1f7\" data-element_type=\"widget\" data-e-type=\"widget\" data-widget_type=\"image.default\">\n\t\t\t\t<div class=\"elementor-widget-container\">\n\t\t\t\t\t\t\t\t\t\t\t\t\t\t\t<img fetchpriority=\"high\" decoding=\"async\" width=\"800\" height=\"401\" src=\"https:\/\/mining.ca\/wp-content\/uploads\/2021\/09\/MAC-SOCIAL-CLIMATE-ACTION-TW-1024x513.jpg\" class=\"attachment-large size-large wp-image-24907\" alt=\"\" srcset=\"https:\/\/mining.ca\/wp-content\/uploads\/2021\/09\/MAC-SOCIAL-CLIMATE-ACTION-TW-1024x513.jpg 1024w, https:\/\/mining.ca\/wp-content\/uploads\/2021\/09\/MAC-SOCIAL-CLIMATE-ACTION-TW-300x150.jpg 300w, https:\/\/mining.ca\/wp-content\/uploads\/2021\/09\/MAC-SOCIAL-CLIMATE-ACTION-TW-768x385.jpg 768w, https:\/\/mining.ca\/wp-content\/uploads\/2021\/09\/MAC-SOCIAL-CLIMATE-ACTION-TW.jpg 1200w\" sizes=\"(max-width: 800px) 100vw, 800px\" \/>\t\t\t\t\t\t\t\t\t\t\t\t\t\t\t<\/div>\n\t\t\t\t<\/div>\n\t\t\t\t<div class=\"elementor-element elementor-element-695fb286 elementor-widget elementor-widget-text-editor\" data-id=\"695fb286\" data-element_type=\"widget\" data-e-type=\"widget\" data-widget_type=\"text-editor.default\">\n\t\t\t\t<div class=\"elementor-widget-container\">\n\t\t\t\t\t\t\t\t\t<h3>Deux d\u00e9cennies d\u2019engagement<\/h3><p>\u00c0 la suite de la signature du Protocole de Kyoto, dans le but de fournir une r\u00e9ponse cr\u00e9dible aux changements climatiques, l\u2019AMC a publi\u00e9 en mars 2000\u00a0<a href=\"https:\/\/mining.ca\/fr\/documents\/principes-sur-les-changements-climatiques-de-lamc-2000\/\">un premier \u00e9nonc\u00e9 de principes<\/a>\u00a0sur le sujet. Dans les ann\u00e9es qui ont suivi, l\u2019AMC a mis en \u0153uvre une s\u00e9rie de mesures visant \u00e0 am\u00e9liorer le bilan de ses membres en mati\u00e8re de gestion de la consommation \u00e9nerg\u00e9tique et des \u00e9missions de gaz \u00e0 effet de serre (GES).<\/p><p>En 2004, l\u2019AMC et ses membres ont lanc\u00e9 l\u2019initiative\u00a0<em>VDMD<\/em>, dans le cadre de laquelle les installations mini\u00e8res doivent se fixer des cibles et rendre des comptes quant \u00e0 la gestion de leur consommation d\u2019\u00e9nergie et de leurs \u00e9missions de GES. En 2009, l\u2019AMC a \u00e9galement adopt\u00e9 la\u00a0<a href=\"https:\/\/www.icmm.com\/website\/publications\/fr\/principes-miniers\/position-statement_climate-change_updated_fr.pdf\" target=\"_blank\" rel=\"noopener\">politique sur les changements climatiques du Conseil international des mines et m\u00e9taux.<\/a>\u00a0Ces actions \u00e0 l\u2019\u00e9chelle de l\u2019industrie ont \u00e9t\u00e9 appuy\u00e9es par une foule de gestes pos\u00e9s par des soci\u00e9t\u00e9s membres dans le but d\u2019accro\u00eetre l\u2019efficacit\u00e9 \u00e9nerg\u00e9tique, de r\u00e9duire les \u00e9missions de GES et d\u2019am\u00e9liorer le bilan environnemental. Elles t\u00e9moignent \u00e9galement du fait que l\u2019industrie est depuis longtemps consciente qu\u2019elle doit faire partie de la solution.<\/p><p>De concert avec ses membres, l\u2019AMC a publi\u00e9 en 2016 ses\u00a0<a href=\"https:\/\/mining.ca\/download\/2007\/\">Principes d\u2019\u00e9laboration d\u2019une politique sur les changements climatiques<\/a><a href=\"https:\/\/mining.ca\/fr\/nouvelles-et-activites\/communiques-de-presse\/l%E2%80%99industrie-miniere-appuie-la-tarification-du-carbone\">,<\/a> dans lesquels elle appuie la tarification du carbone \u00e0 grande \u00e9chelle. Ce document visait \u00e0 informer le gouvernement du Canada pendant qu\u2019il \u00e9laborait son cadre pancanadien sur les changements climatiques. Il pr\u00e9sente les \u00e9l\u00e9ments principaux d\u2019un r\u00e9gime de tarification du carbone efficace. Id\u00e9alement, un tel r\u00e9gime devrait \u00e0 la fois contribuer \u00e0 la r\u00e9duction consid\u00e9rable des \u00e9missions de gaz \u00e0 effet de serre, prot\u00e9ger les secteurs \u00e0 forte intensit\u00e9 d\u2019\u00e9missions expos\u00e9s aux \u00e9changes commerciaux, comme le secteur minier, et tenir compte de la situation unique des r\u00e9gions nordiques et \u00e9loign\u00e9es du Canada. <span class=\"Y2IQFc\" lang=\"fr\">Le document approuve \u00e9galement le recyclage des revenus du carbone vers les entreprises \u00e9mettrices pour soutenir le d\u00e9veloppement et le d\u00e9ploiement de technologies renouvelables et autres technologies \u00e0 faible \u00e9mission de carbone.<\/span><\/p><h3>VDMD : une strat\u00e9gie d\u2019am\u00e9lioration continue pour l\u2019ensemble de l\u2019industrie<\/h3><p>Con\u00e7ue par l\u2019AMC, l\u2019initiative\u00a0<em>VDMD<\/em>\u00a0propose un syst\u00e8me international prim\u00e9 ayant trait au rendement qui aide les soci\u00e9t\u00e9s mini\u00e8res \u00e0 \u00e9valuer et \u00e0 g\u00e9rer leurs responsabilit\u00e9s environnementales et sociales. Il s\u2019agit du seul programme minier au monde qui prescrit la production de rapports publics v\u00e9rifi\u00e9s par des tierces parties sur le rendement des sites d\u2019exploitation par rapport aux indicateurs du programme. L\u2019initiative\u00a0<em>VDMD<\/em>\u00a0a connu une belle croissance \u00e0 l\u2019\u00e9chelle internationale.<\/p><p>Le\u00a0<em><a href=\"https:\/\/mining.ca\/fr\/vers-le-developpement-minier-durable\/protocoles-et-cadres\/changements-climatiques\/\">Protocole VDMD de la gestion de la consommation d\u2019\u00e9nergie et des \u00e9missions de GES<\/a><\/em>\u00a0illustre la volont\u00e9 de l\u2019industrie de limiter sa consommation \u00e9nerg\u00e9tique et ses \u00e9missions. Pour r\u00e9pondre aux normes relatives aux bonnes pratiques<em>\u00a0VDMD<\/em>\u00a0(le niveau A correspondant \u00e0 la certification ISO 50001), les \u00e9tablissements doivent d\u00e9montrer que leur syst\u00e8me de gestion pr\u00e9voit une reddition de comptes par la haute direction, ainsi qu\u2019un examen r\u00e9gulier des donn\u00e9es \u00e9nerg\u00e9tiques et leur assimilation dans le cadre des activit\u00e9s de l\u2019exploitant. Les \u00e9tablissements sont \u00e9galement tenus d\u2019offrir une formation de sensibilisation \u00e0 la consommation d\u2019\u00e9nergie et de mettre en place des syst\u00e8mes pour le suivi et la production de rapports, internes et externes, concernant les donn\u00e9es sur la gestion de l\u2019\u00e9nergie et les \u00e9missions de GES. Enfin, dans l\u2019esprit d\u2019am\u00e9lioration continue de l\u2019initiative\u00a0<em>VDMD<\/em>, ce protocole a pour objectif de confirmer que les \u00e9tablissements fixent et atteignent des objectifs de rendement en mati\u00e8re de gestion de l\u2019\u00e9nergie et des \u00e9missions de GES.<\/p><p>De plus, les r\u00e9centes r\u00e9visions apport\u00e9es au\u00a0<a href=\"https:\/\/mining.ca\/fr\/notre-expertise\/gestion-des-residus-miniers\/\"><em>Guide de gestion des parcs \u00e0 r\u00e9sidus miniers<\/em><\/a>\u00a0de l\u2019AMC et au\u00a0<a href=\"https:\/\/mining.ca\/fr\/vers-le-developpement-minier-durable\/protocoles-et-cadres\/gestion-des-residus\/\"><em>Protocole VDMD de gestion des r\u00e9sidus miniers<\/em><\/a>\u00a0portent notamment sur certains aspects li\u00e9s aux changements climatiques. On demande par exemple aux nouveaux \u00e9tablissements de tenir compte des cons\u00e9quences attribuables aux changements climatiques, y compris les ph\u00e9nom\u00e8nes m\u00e9t\u00e9orologiques extr\u00eames et les cons\u00e9quences potentielles sur le perg\u00e9lisol dans les r\u00e9gions nordiques, durant le processus d\u2019\u00e9valuation du risque.<\/p><p id=\"tw-target-text\" class=\"tw-data-text tw-text-large tw-ta\" dir=\"ltr\" data-placeholder=\"Translation\"><span class=\"Y2IQFc\" lang=\"fr\">Le nouveau <a href=\"https:\/\/mining.ca\/fr\/\/download\/37371\/\">Guide d&rsquo;adaptation aux changements climatiques pour le secteur minier de l&rsquo;AMC<\/a> appuie le nouveau protocole VDMD sur les changements climatiques. Il a \u00e9t\u00e9 publi\u00e9, en partie, en r\u00e9ponse aux pr\u00e9occupations identifi\u00e9es par le groupe d&rsquo;experts sur les conflits d&rsquo;int\u00e9r\u00eats et fournit des conseils sur les meilleures pratiques \u00e0 l&rsquo;industrie mini\u00e8re pour \u00e9valuer les futurs changements climatiques potentiels sur les sites miniers, \u00e9valuer les impacts potentiels de ces changements sur les op\u00e9rations et les infrastructures mini\u00e8res et \u00e9laborer des plans. mettre en \u0153uvre les mesures d&rsquo;adaptation appropri\u00e9es.<\/span><\/p>\t\t\t\t\t\t\t\t<\/div>\n\t\t\t\t<\/div>\n\t\t\t\t\t<\/div>\n\t\t<\/div>\n\t\t\t\t\t<\/div>\n\t\t<\/section>\n\t\t\t\t<\/div>\n\t\t","protected":false},"excerpt":{"rendered":"<p>Play Video L\u2019AMC et ses soci\u00e9t\u00e9s membres soutiennent une transition ordonn\u00e9e vers un avenir o\u00f9 l\u2019empreinte carbone sera r\u00e9duite et se fait partenaire de la lutte contre les changements climatiques. L\u2019AMC soutient une action climatique qui est conforme \u00e0 l\u2019ambition de l\u2019Accord de Paris de limiter le r\u00e9chauffement climatique bien en dessous de 2 degr\u00e9s [&hellip;]<\/p>\n","protected":false},"author":1,"featured_media":0,"parent":26524,"menu_order":0,"comment_status":"closed","ping_status":"closed","template":"","meta":{"_acf_changed":false,"footnotes":"","_links_to":"","_links_to_target":""},"class_list":["post-26575","page","type-page","status-publish","hentry"],"acf":[],"yoast_head":"<!-- This site is optimized with the Yoast SEO plugin v27.5 - https:\/\/yoast.com\/product\/yoast-seo-wordpress\/ -->\n<title>Changements climatiques - The Mining Association of Canada<\/title>\n<meta name=\"robots\" content=\"index, follow, max-snippet:-1, max-image-preview:large, max-video-preview:-1\" \/>\n<link rel=\"canonical\" href=\"https:\/\/mining.ca\/fr\/notre-objectif\/changements-climatiques\/\" \/>\n<meta property=\"og:locale\" content=\"fr_CA\" \/>\n<meta property=\"og:type\" content=\"article\" \/>\n<meta property=\"og:title\" content=\"Changements climatiques - The Mining Association of Canada\" \/>\n<meta property=\"og:description\" content=\"Play Video L\u2019AMC et ses soci\u00e9t\u00e9s membres soutiennent une transition ordonn\u00e9e vers un avenir o\u00f9 l\u2019empreinte carbone sera r\u00e9duite et se fait partenaire de la lutte contre les changements climatiques. L\u2019AMC soutient une action climatique qui est conforme \u00e0 l\u2019ambition de l\u2019Accord de Paris de limiter le r\u00e9chauffement climatique bien en dessous de 2 degr\u00e9s [&hellip;]\" \/>\n<meta property=\"og:url\" content=\"https:\/\/mining.ca\/fr\/notre-objectif\/changements-climatiques\/\" \/>\n<meta property=\"og:site_name\" content=\"The Mining Association of Canada\" \/>\n<meta property=\"article:modified_time\" content=\"2022-04-28T18:31:43+00:00\" \/>\n<meta property=\"og:image\" content=\"https:\/\/mining.ca\/wp-content\/uploads\/2021\/09\/MAC-SOCIAL-CLIMATE-ACTION-TW-1024x513.jpg\" \/>\n<meta name=\"twitter:card\" content=\"summary_large_image\" \/>\n<meta name=\"twitter:site\" content=\"@theminingstory\" \/>\n<meta name=\"twitter:label1\" content=\"Estimation du temps de lecture\" \/>\n\t<meta name=\"twitter:data1\" content=\"5 minutes\" \/>\n<script type=\"application\/ld+json\" class=\"yoast-schema-graph\">{\"@context\":\"https:\\\/\\\/schema.org\",\"@graph\":[{\"@type\":\"WebPage\",\"@id\":\"https:\\\/\\\/mining.ca\\\/fr\\\/notre-objectif\\\/changements-climatiques\\\/\",\"url\":\"https:\\\/\\\/mining.ca\\\/fr\\\/notre-objectif\\\/changements-climatiques\\\/\",\"name\":\"Changements climatiques - The Mining Association of Canada\",\"isPartOf\":{\"@id\":\"https:\\\/\\\/mining.ca\\\/fr\\\/#website\"},\"primaryImageOfPage\":{\"@id\":\"https:\\\/\\\/mining.ca\\\/fr\\\/notre-objectif\\\/changements-climatiques\\\/#primaryimage\"},\"image\":{\"@id\":\"https:\\\/\\\/mining.ca\\\/fr\\\/notre-objectif\\\/changements-climatiques\\\/#primaryimage\"},\"thumbnailUrl\":\"https:\\\/\\\/mining.ca\\\/wp-content\\\/uploads\\\/2021\\\/09\\\/MAC-SOCIAL-CLIMATE-ACTION-TW-1024x513.jpg\",\"datePublished\":\"2021-09-29T14:22:31+00:00\",\"dateModified\":\"2022-04-28T18:31:43+00:00\",\"breadcrumb\":{\"@id\":\"https:\\\/\\\/mining.ca\\\/fr\\\/notre-objectif\\\/changements-climatiques\\\/#breadcrumb\"},\"inLanguage\":\"fr-CA\",\"potentialAction\":[{\"@type\":\"ReadAction\",\"target\":[\"https:\\\/\\\/mining.ca\\\/fr\\\/notre-objectif\\\/changements-climatiques\\\/\"]}]},{\"@type\":\"ImageObject\",\"inLanguage\":\"fr-CA\",\"@id\":\"https:\\\/\\\/mining.ca\\\/fr\\\/notre-objectif\\\/changements-climatiques\\\/#primaryimage\",\"url\":\"https:\\\/\\\/mining.ca\\\/wp-content\\\/uploads\\\/2021\\\/09\\\/MAC-SOCIAL-CLIMATE-ACTION-TW-1024x513.jpg\",\"contentUrl\":\"https:\\\/\\\/mining.ca\\\/wp-content\\\/uploads\\\/2021\\\/09\\\/MAC-SOCIAL-CLIMATE-ACTION-TW-1024x513.jpg\"},{\"@type\":\"BreadcrumbList\",\"@id\":\"https:\\\/\\\/mining.ca\\\/fr\\\/notre-objectif\\\/changements-climatiques\\\/#breadcrumb\",\"itemListElement\":[{\"@type\":\"ListItem\",\"position\":1,\"name\":\"Home\",\"item\":\"https:\\\/\\\/mining.ca\\\/fr\\\/\"},{\"@type\":\"ListItem\",\"position\":2,\"name\":\"Notre objectif\",\"item\":\"https:\\\/\\\/mining.ca\\\/fr\\\/our-focus\\\/\"},{\"@type\":\"ListItem\",\"position\":3,\"name\":\"Changements climatiques\"}]},{\"@type\":\"WebSite\",\"@id\":\"https:\\\/\\\/mining.ca\\\/fr\\\/#website\",\"url\":\"https:\\\/\\\/mining.ca\\\/fr\\\/\",\"name\":\"The Mining Association of Canada\",\"description\":\"The voice of the Canadian Mining Industry since 1935\",\"publisher\":{\"@id\":\"https:\\\/\\\/mining.ca\\\/fr\\\/#organization\"},\"potentialAction\":[{\"@type\":\"SearchAction\",\"target\":{\"@type\":\"EntryPoint\",\"urlTemplate\":\"https:\\\/\\\/mining.ca\\\/fr\\\/?s={search_term_string}\"},\"query-input\":{\"@type\":\"PropertyValueSpecification\",\"valueRequired\":true,\"valueName\":\"search_term_string\"}}],\"inLanguage\":\"fr-CA\"},{\"@type\":\"Organization\",\"@id\":\"https:\\\/\\\/mining.ca\\\/fr\\\/#organization\",\"name\":\"The Mining Association of Canada\",\"url\":\"https:\\\/\\\/mining.ca\\\/fr\\\/\",\"logo\":{\"@type\":\"ImageObject\",\"inLanguage\":\"fr-CA\",\"@id\":\"https:\\\/\\\/mining.ca\\\/fr\\\/#\\\/schema\\\/logo\\\/image\\\/\",\"url\":\"https:\\\/\\\/mining.ca\\\/wp-content\\\/uploads\\\/2021\\\/02\\\/cropped-logo.png\",\"contentUrl\":\"https:\\\/\\\/mining.ca\\\/wp-content\\\/uploads\\\/2021\\\/02\\\/cropped-logo.png\",\"width\":905,\"height\":423,\"caption\":\"The Mining Association of Canada\"},\"image\":{\"@id\":\"https:\\\/\\\/mining.ca\\\/fr\\\/#\\\/schema\\\/logo\\\/image\\\/\"},\"sameAs\":[\"https:\\\/\\\/x.com\\\/theminingstory\",\"https:\\\/\\\/ca.linkedin.com\\\/company\\\/mining-association-of-canada\"]}]}<\/script>\n<!-- \/ Yoast SEO plugin. -->","yoast_head_json":{"title":"Changements climatiques - The Mining Association of Canada","robots":{"index":"index","follow":"follow","max-snippet":"max-snippet:-1","max-image-preview":"max-image-preview:large","max-video-preview":"max-video-preview:-1"},"canonical":"https:\/\/mining.ca\/fr\/notre-objectif\/changements-climatiques\/","og_locale":"fr_CA","og_type":"article","og_title":"Changements climatiques - The Mining Association of Canada","og_description":"Play Video L\u2019AMC et ses soci\u00e9t\u00e9s membres soutiennent une transition ordonn\u00e9e vers un avenir o\u00f9 l\u2019empreinte carbone sera r\u00e9duite et se fait partenaire de la lutte contre les changements climatiques. L\u2019AMC soutient une action climatique qui est conforme \u00e0 l\u2019ambition de l\u2019Accord de Paris de limiter le r\u00e9chauffement climatique bien en dessous de 2 degr\u00e9s [&hellip;]","og_url":"https:\/\/mining.ca\/fr\/notre-objectif\/changements-climatiques\/","og_site_name":"The Mining Association of Canada","article_modified_time":"2022-04-28T18:31:43+00:00","og_image":[{"url":"https:\/\/mining.ca\/wp-content\/uploads\/2021\/09\/MAC-SOCIAL-CLIMATE-ACTION-TW-1024x513.jpg","type":"","width":"","height":""}],"twitter_card":"summary_large_image","twitter_site":"@theminingstory","twitter_misc":{"Estimation du temps de lecture":"5 minutes"},"schema":{"@context":"https:\/\/schema.org","@graph":[{"@type":"WebPage","@id":"https:\/\/mining.ca\/fr\/notre-objectif\/changements-climatiques\/","url":"https:\/\/mining.ca\/fr\/notre-objectif\/changements-climatiques\/","name":"Changements climatiques - The Mining Association of Canada","isPartOf":{"@id":"https:\/\/mining.ca\/fr\/#website"},"primaryImageOfPage":{"@id":"https:\/\/mining.ca\/fr\/notre-objectif\/changements-climatiques\/#primaryimage"},"image":{"@id":"https:\/\/mining.ca\/fr\/notre-objectif\/changements-climatiques\/#primaryimage"},"thumbnailUrl":"https:\/\/mining.ca\/wp-content\/uploads\/2021\/09\/MAC-SOCIAL-CLIMATE-ACTION-TW-1024x513.jpg","datePublished":"2021-09-29T14:22:31+00:00","dateModified":"2022-04-28T18:31:43+00:00","breadcrumb":{"@id":"https:\/\/mining.ca\/fr\/notre-objectif\/changements-climatiques\/#breadcrumb"},"inLanguage":"fr-CA","potentialAction":[{"@type":"ReadAction","target":["https:\/\/mining.ca\/fr\/notre-objectif\/changements-climatiques\/"]}]},{"@type":"ImageObject","inLanguage":"fr-CA","@id":"https:\/\/mining.ca\/fr\/notre-objectif\/changements-climatiques\/#primaryimage","url":"https:\/\/mining.ca\/wp-content\/uploads\/2021\/09\/MAC-SOCIAL-CLIMATE-ACTION-TW-1024x513.jpg","contentUrl":"https:\/\/mining.ca\/wp-content\/uploads\/2021\/09\/MAC-SOCIAL-CLIMATE-ACTION-TW-1024x513.jpg"},{"@type":"BreadcrumbList","@id":"https:\/\/mining.ca\/fr\/notre-objectif\/changements-climatiques\/#breadcrumb","itemListElement":[{"@type":"ListItem","position":1,"name":"Home","item":"https:\/\/mining.ca\/fr\/"},{"@type":"ListItem","position":2,"name":"Notre objectif","item":"https:\/\/mining.ca\/fr\/our-focus\/"},{"@type":"ListItem","position":3,"name":"Changements climatiques"}]},{"@type":"WebSite","@id":"https:\/\/mining.ca\/fr\/#website","url":"https:\/\/mining.ca\/fr\/","name":"The Mining Association of Canada","description":"The voice of the Canadian Mining Industry since 1935","publisher":{"@id":"https:\/\/mining.ca\/fr\/#organization"},"potentialAction":[{"@type":"SearchAction","target":{"@type":"EntryPoint","urlTemplate":"https:\/\/mining.ca\/fr\/?s={search_term_string}"},"query-input":{"@type":"PropertyValueSpecification","valueRequired":true,"valueName":"search_term_string"}}],"inLanguage":"fr-CA"},{"@type":"Organization","@id":"https:\/\/mining.ca\/fr\/#organization","name":"The Mining Association of Canada","url":"https:\/\/mining.ca\/fr\/","logo":{"@type":"ImageObject","inLanguage":"fr-CA","@id":"https:\/\/mining.ca\/fr\/#\/schema\/logo\/image\/","url":"https:\/\/mining.ca\/wp-content\/uploads\/2021\/02\/cropped-logo.png","contentUrl":"https:\/\/mining.ca\/wp-content\/uploads\/2021\/02\/cropped-logo.png","width":905,"height":423,"caption":"The Mining Association of Canada"},"image":{"@id":"https:\/\/mining.ca\/fr\/#\/schema\/logo\/image\/"},"sameAs":["https:\/\/x.com\/theminingstory","https:\/\/ca.linkedin.com\/company\/mining-association-of-canada"]}]}},"_links":{"self":[{"href":"https:\/\/mining.ca\/fr\/wp-json\/wp\/v2\/pages\/26575","targetHints":{"allow":["GET"]}}],"collection":[{"href":"https:\/\/mining.ca\/fr\/wp-json\/wp\/v2\/pages"}],"about":[{"href":"https:\/\/mining.ca\/fr\/wp-json\/wp\/v2\/types\/page"}],"author":[{"embeddable":true,"href":"https:\/\/mining.ca\/fr\/wp-json\/wp\/v2\/users\/1"}],"replies":[{"embeddable":true,"href":"https:\/\/mining.ca\/fr\/wp-json\/wp\/v2\/comments?post=26575"}],"version-history":[{"count":3,"href":"https:\/\/mining.ca\/fr\/wp-json\/wp\/v2\/pages\/26575\/revisions"}],"predecessor-version":[{"id":37379,"href":"https:\/\/mining.ca\/fr\/wp-json\/wp\/v2\/pages\/26575\/revisions\/37379"}],"up":[{"embeddable":true,"href":"https:\/\/mining.ca\/fr\/wp-json\/wp\/v2\/pages\/26524"}],"wp:attachment":[{"href":"https:\/\/mining.ca\/fr\/wp-json\/wp\/v2\/media?parent=26575"}],"curies":[{"name":"wp","href":"https:\/\/api.w.org\/{rel}","templated":true}]}}