{"id":26593,"date":"2021-09-29T11:00:09","date_gmt":"2021-09-29T15:00:09","guid":{"rendered":"https:\/\/mining.ca\/notre-expertise\/international-rse\/"},"modified":"2021-12-01T12:01:44","modified_gmt":"2021-12-01T17:01:44","slug":"international-rse","status":"publish","type":"page","link":"https:\/\/mining.ca\/fr\/notre-objectif\/international-rse\/","title":{"rendered":"International RSE"},"content":{"rendered":"\t\t<div data-elementor-type=\"wp-page\" data-elementor-id=\"26593\" class=\"elementor elementor-26593 elementor-4853\" data-elementor-post-type=\"page\">\n\t\t\t\t\t\t<section class=\"elementor-section elementor-top-section elementor-element elementor-element-2f066d3 elementor-section-boxed elementor-section-height-default elementor-section-height-default\" data-id=\"2f066d3\" data-element_type=\"section\" data-e-type=\"section\" data-settings=\"{&quot;jet_parallax_layout_list&quot;:[{&quot;jet_parallax_layout_image&quot;:{&quot;url&quot;:&quot;&quot;,&quot;id&quot;:&quot;&quot;,&quot;size&quot;:&quot;&quot;},&quot;_id&quot;:&quot;7010171&quot;,&quot;jet_parallax_layout_image_tablet&quot;:{&quot;url&quot;:&quot;&quot;,&quot;id&quot;:&quot;&quot;,&quot;size&quot;:&quot;&quot;},&quot;jet_parallax_layout_image_mobile&quot;:{&quot;url&quot;:&quot;&quot;,&quot;id&quot;:&quot;&quot;,&quot;size&quot;:&quot;&quot;},&quot;jet_parallax_layout_speed&quot;:{&quot;unit&quot;:&quot;%&quot;,&quot;size&quot;:50,&quot;sizes&quot;:[]},&quot;jet_parallax_layout_type&quot;:&quot;scroll&quot;,&quot;jet_parallax_layout_direction&quot;:&quot;1&quot;,&quot;jet_parallax_layout_fx_direction&quot;:null,&quot;jet_parallax_layout_z_index&quot;:&quot;&quot;,&quot;jet_parallax_layout_bg_x&quot;:50,&quot;jet_parallax_layout_bg_x_tablet&quot;:&quot;&quot;,&quot;jet_parallax_layout_bg_x_mobile&quot;:&quot;&quot;,&quot;jet_parallax_layout_bg_y&quot;:50,&quot;jet_parallax_layout_bg_y_tablet&quot;:&quot;&quot;,&quot;jet_parallax_layout_bg_y_mobile&quot;:&quot;&quot;,&quot;jet_parallax_layout_bg_size&quot;:&quot;auto&quot;,&quot;jet_parallax_layout_bg_size_tablet&quot;:&quot;&quot;,&quot;jet_parallax_layout_bg_size_mobile&quot;:&quot;&quot;,&quot;jet_parallax_layout_animation_prop&quot;:&quot;transform&quot;,&quot;jet_parallax_layout_on&quot;:[&quot;desktop&quot;,&quot;tablet&quot;]}]}\">\n\t\t\t\t\t\t<div class=\"elementor-container elementor-column-gap-default\">\n\t\t\t\t\t<div class=\"elementor-column elementor-col-100 elementor-top-column elementor-element elementor-element-9aecb8a\" data-id=\"9aecb8a\" data-element_type=\"column\" data-e-type=\"column\">\n\t\t\t<div class=\"elementor-widget-wrap elementor-element-populated\">\n\t\t\t\t\t\t<div class=\"elementor-element elementor-element-33c700a elementor-widget elementor-widget-image\" data-id=\"33c700a\" data-element_type=\"widget\" data-e-type=\"widget\" data-widget_type=\"image.default\">\n\t\t\t\t<div class=\"elementor-widget-container\">\n\t\t\t\t\t\t\t\t\t\t\t\t\t\t\t<img fetchpriority=\"high\" decoding=\"async\" width=\"800\" height=\"418\" src=\"https:\/\/mining.ca\/wp-content\/uploads\/2021\/11\/SPARK-MAC-NEWSLETTER_SHAREABLES-2019-BI1_HR_infographic_FR1-1024x535.jpg\" class=\"attachment-large size-large wp-image-27973\" alt=\"\" srcset=\"https:\/\/mining.ca\/wp-content\/uploads\/2021\/11\/SPARK-MAC-NEWSLETTER_SHAREABLES-2019-BI1_HR_infographic_FR1-1024x536.jpg 1024w, https:\/\/mining.ca\/wp-content\/uploads\/2021\/11\/SPARK-MAC-NEWSLETTER_SHAREABLES-2019-BI1_HR_infographic_FR1-300x157.jpg 300w, https:\/\/mining.ca\/wp-content\/uploads\/2021\/11\/SPARK-MAC-NEWSLETTER_SHAREABLES-2019-BI1_HR_infographic_FR1-768x401.jpg 768w, https:\/\/mining.ca\/wp-content\/uploads\/2021\/11\/SPARK-MAC-NEWSLETTER_SHAREABLES-2019-BI1_HR_infographic_FR1-535x280.jpg 535w, https:\/\/mining.ca\/wp-content\/uploads\/2021\/11\/SPARK-MAC-NEWSLETTER_SHAREABLES-2019-BI1_HR_infographic_FR1.jpg 1200w\" sizes=\"(max-width: 800px) 100vw, 800px\" \/>\t\t\t\t\t\t\t\t\t\t\t\t\t\t\t<\/div>\n\t\t\t\t<\/div>\n\t\t\t\t<div class=\"elementor-element elementor-element-9e3167d elementor-widget elementor-widget-text-editor\" data-id=\"9e3167d\" data-element_type=\"widget\" data-e-type=\"widget\" data-widget_type=\"text-editor.default\">\n\t\t\t\t<div class=\"elementor-widget-container\">\n\t\t\t\t\t\t\t\t\t<p>Les soci\u00e9t\u00e9s mini\u00e8res canadiennes exercent leurs activit\u00e9s dans plus de 100 pays partout dans le monde. Ainsi, ce secteur de l\u2019\u00e9conomie canadienne est l\u2019un des rares \u00e0 pouvoir se d\u00e9signer comme un chef de file mondial. L\u2019investissement minier canadien \u00e0 l\u2019\u00e9tranger\u00a0<a href=\"https:\/\/mining.ca\/fr\/notre-expertise\/international-rse\/les-contributions-de-lindustrie-miniere-canadienne-a-letranger\/\">g\u00e9n\u00e8re des contributions \u00e9conomiques de taille pour les pays et les communaut\u00e9s h\u00f4tes,<\/a>\u00a0ce qui favorise l\u2019am\u00e9lioration du niveau de vie et l\u2019\u00e9radication de la pauvret\u00e9 o\u00f9 les soci\u00e9t\u00e9s exercent leurs activit\u00e9s.<\/p>\n<p>Au cours des derni\u00e8res ann\u00e9es, l\u2019Association mini\u00e8re du Canada (AMC) a augment\u00e9 sa participation au d\u00e9veloppement international. Entre 2012 et 2014, elle a collabor\u00e9 \u00e9troitement avec la soci\u00e9t\u00e9 civile et le gouvernement f\u00e9d\u00e9ral en vue de la cr\u00e9ation et de la mise en \u0153uvre de la\u00a0<em>Loi sur les mesures de transparence dans le secteur extractif<\/em>, une mesure anticorruption qui a permis au Canada de prendre la position de t\u00eate du\u00a0<a href=\"https:\/\/mining.ca\/fr\/notre-expertise\/international-rse\/transparence\/\">mouvement mondial pour la transparence.<\/a><\/p>\n<p>L\u2019AMC a travaill\u00e9 \u00e0 augmenter la capacit\u00e9 au sein de l\u2019industrie mini\u00e8re mondiale. Nous avons\u00a0<a href=\"https:\/\/mining.ca\/fr\/documents\/guide-de-mechanismes-de-reglement-des-differends-a-lechelle-des-sites\/\">publi\u00e9 des lignes directrices<\/a>\u00a0pour l\u2019am\u00e9lioration de la mise en \u0153uvre de m\u00e9canismes de r\u00e8glement des diff\u00e9rends \u00e0 l\u2019\u00e9chelle des \u00e9tablissements et avons collabor\u00e9 \u00e0 l\u2019\u00e9laboration du\u00a0<a href=\"http:\/\/www.oecd.org\/fr\/publications\/guide-de-l-ocde-sur-le-devoir-de-diligence-pour-un-engagement-constructif-des-parties-prenantes-dans-le-secteur-extractif-9789264264243-fr.htm\">guide de l\u2019OCDE,<\/a>\u00a0portant sur la diligence raisonnable en mati\u00e8re de participation des intervenants. L\u2019AMC et ses membres ont aussi mis en place des mesures pour prot\u00e9ger les droits de la personne et soutenir le d\u00e9veloppement communautaire dans les pays h\u00f4tes. L\u2019AMC est aussi un membre actif du\u00a0<a href=\"http:\/\/www.icmm.com\/fr\">Conseil international des mines et m\u00e9taux,<\/a>\u00a0un organisme vou\u00e9 \u00e0 la cr\u00e9ation d\u2019une industrie mini\u00e8re s\u00e9curitaire, juste et durable.<\/p>\n<p>Un dialogue sain se poursuit sur la n\u00e9cessit\u00e9 de s\u2019assurer que les projets miniers dans les pays en d\u00e9veloppement respectent les droits de la personne, l\u2019environnement, la sant\u00e9 publique et la s\u00e9curit\u00e9. En sa qualit\u00e9 de pays minier de premier plan sur la sc\u00e8ne internationale, le Canada a un r\u00f4le important \u00e0 jouer dans ce domaine.<\/p>\n<p>Au cours des derni\u00e8res d\u00e9cennies, les pays en d\u00e9veloppement ont ouvert leur \u00e9conomie \u00e0 l\u2019exploration et au d\u00e9veloppement miniers. Dans la foul\u00e9e, les soci\u00e9t\u00e9s mini\u00e8res canadiennes ont d\u00fb affronter des circonstances difficiles, notamment la faiblesse de la structure de gouvernance, la corruption et la pauvret\u00e9.<\/p>\n<p>Les normes aident les soci\u00e9t\u00e9s \u00e0 encourager l\u2019am\u00e9lioration constante des pratiques de gestion des risques et \u00e0 assumer leurs responsabilit\u00e9s partout o\u00f9 elles exercent leurs activit\u00e9s. Bon nombre de membres de l\u2019AMC ont volontairement appliqu\u00e9 notre initiative\u00a0<em>Vers le d\u00e9veloppement minier durable<sup>MD<\/sup><\/em>\u00a0(<em>VDMD<sup>MD<\/sup><\/em>) \u00e0 leurs sites \u00e0 l\u2019\u00e9tranger pour s\u2019assurer qu\u2019ils sont exploit\u00e9s selon les m\u00eames normes que les sites canadiens. Ces derni\u00e8res ann\u00e9es,\u00a0<a href=\"https:\/\/mining.ca\/fr\/notre-expertise\/international-rse\/participation-mondiale-a-linitiative-vdmd\/\">l\u2019initiative\u00a0<em>VDMD<\/em>\u00a0s\u2019est fait remarquer sur la sc\u00e8ne internationale<\/a>\u00a0gr\u00e2ce \u00e0 un nombre croissant d\u2019associations mini\u00e8res \u00e0 l\u2019ext\u00e9rieur du Canada qui adoptent l\u2019initiative\u00a0<em>VDMD<\/em>\u00a0pour leurs membres.<\/p>\n<p>Les engagements ESG, comme l\u2019initiative\u00a0<em>VDMD<\/em>\u00a0de l\u2019AMC, song de plus en plus importants. En 2021, l\u2019AMC a publi\u00e9 un\u00a0<a href=\"https:\/\/mining.ca\/download\/31887\/\">rapport<\/a>\u00a0au cot\u00e9s de\u00a0<a href=\"https:\/\/www.millani.ca\/\">Millani,<\/a>\u00a0un groupe de consultants ESG, ax\u00e9 sur l\u2019aligenement des informations ESG des \u00e9metteurs sur les attentes des investisseurs, et pour aider les investisseurs a affiner la mani\u00e8re dont ils prennent en compte les risques et les opportunit\u00e9s de cr\u00e9ation de valeur li\u00e9s a l\u2019ESG.<\/p>\n<p>Outre l\u2019initiative\u00a0<em>VDMD<\/em>,\u00a0nos membres respectent jusqu\u2019\u00e0 17 normes internationales\u00a0qui touchent les droits de la personne, l\u2019environnement et les changements climatiques, la main-d\u2019\u0153uvre ainsi que les mesures anticorruptions et le d\u00e9veloppement des collectivit\u00e9s.<\/p>\n<p>Au cours des derni\u00e8res ann\u00e9es, l\u2019AMC a mis en place des mesures importantes concernant les droits de la personne. En mars 2017,\u00a0<a href=\"https:\/\/mining.ca\/fr\/notre-expertise\/international-rse\/droits-de-la-personne\/\">l\u2019AMC et ses membres ont pris un nouvel engagement<\/a>\u00a0pour la mise en \u0153uvre des\u00a0<a href=\"http:\/\/www.voluntaryprinciples.org\/\">Principes volontaires sur la s\u00e9curit\u00e9 et les droits de l\u2019homme.<\/a>\u00a0En 2017, l\u2019AMC est devenue membre associ\u00e9 de\u00a0<a href=\"https:\/\/www.responsiblesteel.org\/\">ResponsibleSteel<sup>MC<\/sup>.<\/a>\u00a0En se servant de son exp\u00e9rience avec l\u2019initiative\u00a0<em>VDMD<\/em>, l\u2019AMC travaillera avec l\u2019organisme \u00e0 la conception du volet minier d\u2019une nouvelle norme internationale pour une cha\u00eene d\u2019approvisionnement en acier responsable.<\/p>\n<p>Les principales soci\u00e9t\u00e9s mini\u00e8res canadiennes et la soci\u00e9t\u00e9 civile collaborent pour que les communaut\u00e9s puissent b\u00e9n\u00e9ficier davantage des activit\u00e9s mini\u00e8res.\u00a0<a href=\"http:\/\/devonshireinitiative.org\/\">La Devonshire Initiative<\/a>\u00a0en est un exemple. Ce forum favorise la collaboration entre les principales ONG de d\u00e9veloppement international et les soci\u00e9t\u00e9s mini\u00e8res canadiennes pour am\u00e9liorer les r\u00e9sultats des activit\u00e9s de d\u00e9veloppement communautaire dans les pays o\u00f9 les soci\u00e9t\u00e9s exercent leurs activit\u00e9s.<\/p>\n\t\t\t\t\t\t\t\t<\/div>\n\t\t\t\t<\/div>\n\t\t\t\t\t<\/div>\n\t\t<\/div>\n\t\t\t\t\t<\/div>\n\t\t<\/section>\n\t\t\t\t<\/div>\n\t\t","protected":false},"excerpt":{"rendered":"<p>Les soci\u00e9t\u00e9s mini\u00e8res canadiennes exercent leurs activit\u00e9s dans plus de 100 pays partout dans le monde. Ainsi, ce secteur de l\u2019\u00e9conomie canadienne est l\u2019un des rares \u00e0 pouvoir se d\u00e9signer comme un chef de file mondial. L\u2019investissement minier canadien \u00e0 l\u2019\u00e9tranger\u00a0g\u00e9n\u00e8re des contributions \u00e9conomiques de taille pour les pays et les communaut\u00e9s h\u00f4tes,\u00a0ce qui favorise [&hellip;]<\/p>\n","protected":false},"author":1,"featured_media":0,"parent":26524,"menu_order":0,"comment_status":"closed","ping_status":"closed","template":"","meta":{"_acf_changed":false,"footnotes":"","_links_to":"","_links_to_target":""},"class_list":["post-26593","page","type-page","status-publish","hentry"],"acf":[],"yoast_head":"<!-- This site is optimized with the Yoast SEO plugin v27.3 - https:\/\/yoast.com\/product\/yoast-seo-wordpress\/ -->\n<title>International RSE - The Mining Association of Canada<\/title>\n<meta name=\"robots\" content=\"index, follow, max-snippet:-1, max-image-preview:large, max-video-preview:-1\" \/>\n<link rel=\"canonical\" href=\"https:\/\/mining.ca\/fr\/notre-objectif\/international-rse\/\" \/>\n<meta property=\"og:locale\" content=\"fr_CA\" \/>\n<meta property=\"og:type\" content=\"article\" \/>\n<meta property=\"og:title\" content=\"International RSE - The Mining Association of Canada\" \/>\n<meta property=\"og:description\" content=\"Les soci\u00e9t\u00e9s mini\u00e8res canadiennes exercent leurs activit\u00e9s dans plus de 100 pays partout dans le monde. Ainsi, ce secteur de l\u2019\u00e9conomie canadienne est l\u2019un des rares \u00e0 pouvoir se d\u00e9signer comme un chef de file mondial. L\u2019investissement minier canadien \u00e0 l\u2019\u00e9tranger\u00a0g\u00e9n\u00e8re des contributions \u00e9conomiques de taille pour les pays et les communaut\u00e9s h\u00f4tes,\u00a0ce qui favorise [&hellip;]\" \/>\n<meta property=\"og:url\" content=\"https:\/\/mining.ca\/fr\/notre-objectif\/international-rse\/\" \/>\n<meta property=\"og:site_name\" content=\"The Mining Association of Canada\" \/>\n<meta property=\"article:modified_time\" content=\"2021-12-01T17:01:44+00:00\" \/>\n<meta property=\"og:image\" content=\"https:\/\/mining.ca\/wp-content\/uploads\/2021\/10\/SPARK-MAC-NEWSLETTER_SHAREABLES-2019-BI1_HR_infographic_EN1-1024x535.jpg\" \/>\n<meta name=\"twitter:card\" content=\"summary_large_image\" \/>\n<meta name=\"twitter:site\" content=\"@theminingstory\" \/>\n<meta name=\"twitter:label1\" content=\"Estimation du temps de lecture\" \/>\n\t<meta name=\"twitter:data1\" content=\"4 minutes\" \/>\n<script type=\"application\/ld+json\" class=\"yoast-schema-graph\">{\"@context\":\"https:\\\/\\\/schema.org\",\"@graph\":[{\"@type\":\"WebPage\",\"@id\":\"https:\\\/\\\/mining.ca\\\/fr\\\/notre-objectif\\\/international-rse\\\/\",\"url\":\"https:\\\/\\\/mining.ca\\\/fr\\\/notre-objectif\\\/international-rse\\\/\",\"name\":\"International RSE - The Mining Association of Canada\",\"isPartOf\":{\"@id\":\"https:\\\/\\\/mining.ca\\\/fr\\\/#website\"},\"primaryImageOfPage\":{\"@id\":\"https:\\\/\\\/mining.ca\\\/fr\\\/notre-objectif\\\/international-rse\\\/#primaryimage\"},\"image\":{\"@id\":\"https:\\\/\\\/mining.ca\\\/fr\\\/notre-objectif\\\/international-rse\\\/#primaryimage\"},\"thumbnailUrl\":\"https:\\\/\\\/mining.ca\\\/wp-content\\\/uploads\\\/2021\\\/10\\\/SPARK-MAC-NEWSLETTER_SHAREABLES-2019-BI1_HR_infographic_EN1-1024x535.jpg\",\"datePublished\":\"2021-09-29T15:00:09+00:00\",\"dateModified\":\"2021-12-01T17:01:44+00:00\",\"breadcrumb\":{\"@id\":\"https:\\\/\\\/mining.ca\\\/fr\\\/notre-objectif\\\/international-rse\\\/#breadcrumb\"},\"inLanguage\":\"fr-CA\",\"potentialAction\":[{\"@type\":\"ReadAction\",\"target\":[\"https:\\\/\\\/mining.ca\\\/fr\\\/notre-objectif\\\/international-rse\\\/\"]}]},{\"@type\":\"ImageObject\",\"inLanguage\":\"fr-CA\",\"@id\":\"https:\\\/\\\/mining.ca\\\/fr\\\/notre-objectif\\\/international-rse\\\/#primaryimage\",\"url\":\"https:\\\/\\\/mining.ca\\\/wp-content\\\/uploads\\\/2021\\\/10\\\/SPARK-MAC-NEWSLETTER_SHAREABLES-2019-BI1_HR_infographic_EN1-1024x535.jpg\",\"contentUrl\":\"https:\\\/\\\/mining.ca\\\/wp-content\\\/uploads\\\/2021\\\/10\\\/SPARK-MAC-NEWSLETTER_SHAREABLES-2019-BI1_HR_infographic_EN1-1024x535.jpg\"},{\"@type\":\"BreadcrumbList\",\"@id\":\"https:\\\/\\\/mining.ca\\\/fr\\\/notre-objectif\\\/international-rse\\\/#breadcrumb\",\"itemListElement\":[{\"@type\":\"ListItem\",\"position\":1,\"name\":\"Home\",\"item\":\"https:\\\/\\\/mining.ca\\\/fr\\\/\"},{\"@type\":\"ListItem\",\"position\":2,\"name\":\"Notre objectif\",\"item\":\"https:\\\/\\\/mining.ca\\\/fr\\\/our-focus\\\/\"},{\"@type\":\"ListItem\",\"position\":3,\"name\":\"International RSE\"}]},{\"@type\":\"WebSite\",\"@id\":\"https:\\\/\\\/mining.ca\\\/fr\\\/#website\",\"url\":\"https:\\\/\\\/mining.ca\\\/fr\\\/\",\"name\":\"The Mining Association of Canada\",\"description\":\"The voice of the Canadian Mining Industry since 1935\",\"publisher\":{\"@id\":\"https:\\\/\\\/mining.ca\\\/fr\\\/#organization\"},\"potentialAction\":[{\"@type\":\"SearchAction\",\"target\":{\"@type\":\"EntryPoint\",\"urlTemplate\":\"https:\\\/\\\/mining.ca\\\/fr\\\/?s={search_term_string}\"},\"query-input\":{\"@type\":\"PropertyValueSpecification\",\"valueRequired\":true,\"valueName\":\"search_term_string\"}}],\"inLanguage\":\"fr-CA\"},{\"@type\":\"Organization\",\"@id\":\"https:\\\/\\\/mining.ca\\\/fr\\\/#organization\",\"name\":\"The Mining Association of Canada\",\"url\":\"https:\\\/\\\/mining.ca\\\/fr\\\/\",\"logo\":{\"@type\":\"ImageObject\",\"inLanguage\":\"fr-CA\",\"@id\":\"https:\\\/\\\/mining.ca\\\/fr\\\/#\\\/schema\\\/logo\\\/image\\\/\",\"url\":\"https:\\\/\\\/mining.ca\\\/wp-content\\\/uploads\\\/2021\\\/02\\\/cropped-logo.png\",\"contentUrl\":\"https:\\\/\\\/mining.ca\\\/wp-content\\\/uploads\\\/2021\\\/02\\\/cropped-logo.png\",\"width\":905,\"height\":423,\"caption\":\"The Mining Association of Canada\"},\"image\":{\"@id\":\"https:\\\/\\\/mining.ca\\\/fr\\\/#\\\/schema\\\/logo\\\/image\\\/\"},\"sameAs\":[\"https:\\\/\\\/x.com\\\/theminingstory\",\"https:\\\/\\\/ca.linkedin.com\\\/company\\\/mining-association-of-canada\"]}]}<\/script>\n<!-- \/ Yoast SEO plugin. -->","yoast_head_json":{"title":"International RSE - The Mining Association of Canada","robots":{"index":"index","follow":"follow","max-snippet":"max-snippet:-1","max-image-preview":"max-image-preview:large","max-video-preview":"max-video-preview:-1"},"canonical":"https:\/\/mining.ca\/fr\/notre-objectif\/international-rse\/","og_locale":"fr_CA","og_type":"article","og_title":"International RSE - The Mining Association of Canada","og_description":"Les soci\u00e9t\u00e9s mini\u00e8res canadiennes exercent leurs activit\u00e9s dans plus de 100 pays partout dans le monde. Ainsi, ce secteur de l\u2019\u00e9conomie canadienne est l\u2019un des rares \u00e0 pouvoir se d\u00e9signer comme un chef de file mondial. L\u2019investissement minier canadien \u00e0 l\u2019\u00e9tranger\u00a0g\u00e9n\u00e8re des contributions \u00e9conomiques de taille pour les pays et les communaut\u00e9s h\u00f4tes,\u00a0ce qui favorise [&hellip;]","og_url":"https:\/\/mining.ca\/fr\/notre-objectif\/international-rse\/","og_site_name":"The Mining Association of Canada","article_modified_time":"2021-12-01T17:01:44+00:00","og_image":[{"url":"https:\/\/mining.ca\/wp-content\/uploads\/2021\/10\/SPARK-MAC-NEWSLETTER_SHAREABLES-2019-BI1_HR_infographic_EN1-1024x535.jpg","type":"","width":"","height":""}],"twitter_card":"summary_large_image","twitter_site":"@theminingstory","twitter_misc":{"Estimation du temps de lecture":"4 minutes"},"schema":{"@context":"https:\/\/schema.org","@graph":[{"@type":"WebPage","@id":"https:\/\/mining.ca\/fr\/notre-objectif\/international-rse\/","url":"https:\/\/mining.ca\/fr\/notre-objectif\/international-rse\/","name":"International RSE - The Mining Association of Canada","isPartOf":{"@id":"https:\/\/mining.ca\/fr\/#website"},"primaryImageOfPage":{"@id":"https:\/\/mining.ca\/fr\/notre-objectif\/international-rse\/#primaryimage"},"image":{"@id":"https:\/\/mining.ca\/fr\/notre-objectif\/international-rse\/#primaryimage"},"thumbnailUrl":"https:\/\/mining.ca\/wp-content\/uploads\/2021\/10\/SPARK-MAC-NEWSLETTER_SHAREABLES-2019-BI1_HR_infographic_EN1-1024x535.jpg","datePublished":"2021-09-29T15:00:09+00:00","dateModified":"2021-12-01T17:01:44+00:00","breadcrumb":{"@id":"https:\/\/mining.ca\/fr\/notre-objectif\/international-rse\/#breadcrumb"},"inLanguage":"fr-CA","potentialAction":[{"@type":"ReadAction","target":["https:\/\/mining.ca\/fr\/notre-objectif\/international-rse\/"]}]},{"@type":"ImageObject","inLanguage":"fr-CA","@id":"https:\/\/mining.ca\/fr\/notre-objectif\/international-rse\/#primaryimage","url":"https:\/\/mining.ca\/wp-content\/uploads\/2021\/10\/SPARK-MAC-NEWSLETTER_SHAREABLES-2019-BI1_HR_infographic_EN1-1024x535.jpg","contentUrl":"https:\/\/mining.ca\/wp-content\/uploads\/2021\/10\/SPARK-MAC-NEWSLETTER_SHAREABLES-2019-BI1_HR_infographic_EN1-1024x535.jpg"},{"@type":"BreadcrumbList","@id":"https:\/\/mining.ca\/fr\/notre-objectif\/international-rse\/#breadcrumb","itemListElement":[{"@type":"ListItem","position":1,"name":"Home","item":"https:\/\/mining.ca\/fr\/"},{"@type":"ListItem","position":2,"name":"Notre objectif","item":"https:\/\/mining.ca\/fr\/our-focus\/"},{"@type":"ListItem","position":3,"name":"International RSE"}]},{"@type":"WebSite","@id":"https:\/\/mining.ca\/fr\/#website","url":"https:\/\/mining.ca\/fr\/","name":"The Mining Association of Canada","description":"The voice of the Canadian Mining Industry since 1935","publisher":{"@id":"https:\/\/mining.ca\/fr\/#organization"},"potentialAction":[{"@type":"SearchAction","target":{"@type":"EntryPoint","urlTemplate":"https:\/\/mining.ca\/fr\/?s={search_term_string}"},"query-input":{"@type":"PropertyValueSpecification","valueRequired":true,"valueName":"search_term_string"}}],"inLanguage":"fr-CA"},{"@type":"Organization","@id":"https:\/\/mining.ca\/fr\/#organization","name":"The Mining Association of Canada","url":"https:\/\/mining.ca\/fr\/","logo":{"@type":"ImageObject","inLanguage":"fr-CA","@id":"https:\/\/mining.ca\/fr\/#\/schema\/logo\/image\/","url":"https:\/\/mining.ca\/wp-content\/uploads\/2021\/02\/cropped-logo.png","contentUrl":"https:\/\/mining.ca\/wp-content\/uploads\/2021\/02\/cropped-logo.png","width":905,"height":423,"caption":"The Mining Association of Canada"},"image":{"@id":"https:\/\/mining.ca\/fr\/#\/schema\/logo\/image\/"},"sameAs":["https:\/\/x.com\/theminingstory","https:\/\/ca.linkedin.com\/company\/mining-association-of-canada"]}]}},"_links":{"self":[{"href":"https:\/\/mining.ca\/fr\/wp-json\/wp\/v2\/pages\/26593","targetHints":{"allow":["GET"]}}],"collection":[{"href":"https:\/\/mining.ca\/fr\/wp-json\/wp\/v2\/pages"}],"about":[{"href":"https:\/\/mining.ca\/fr\/wp-json\/wp\/v2\/types\/page"}],"author":[{"embeddable":true,"href":"https:\/\/mining.ca\/fr\/wp-json\/wp\/v2\/users\/1"}],"replies":[{"embeddable":true,"href":"https:\/\/mining.ca\/fr\/wp-json\/wp\/v2\/comments?post=26593"}],"version-history":[{"count":0,"href":"https:\/\/mining.ca\/fr\/wp-json\/wp\/v2\/pages\/26593\/revisions"}],"up":[{"embeddable":true,"href":"https:\/\/mining.ca\/fr\/wp-json\/wp\/v2\/pages\/26524"}],"wp:attachment":[{"href":"https:\/\/mining.ca\/fr\/wp-json\/wp\/v2\/media?parent=26593"}],"curies":[{"name":"wp","href":"https:\/\/api.w.org\/{rel}","templated":true}]}}