{"id":26597,"date":"2021-09-29T11:02:50","date_gmt":"2021-09-29T15:02:50","guid":{"rendered":"https:\/\/mining.ca\/notre-expertise\/competitivite-economique\/ressources-humaines\/"},"modified":"2021-10-28T16:50:58","modified_gmt":"2021-10-28T20:50:58","slug":"ressources-humaines","status":"publish","type":"page","link":"https:\/\/mining.ca\/fr\/notre-objectif\/competitivite-economique\/ressources-humaines\/","title":{"rendered":"Ressources humaines"},"content":{"rendered":"<p>Une industrie mini\u00e8re vigoureuse et durable exige une main-d\u2019\u0153uvre vigoureuse et durable. L\u2019industrie mini\u00e8re canadienne a beaucoup \u00e0 offrir aux travailleurs \u00e0 la recherche d\u2019une carri\u00e8re gratifiante bien r\u00e9mun\u00e9r\u00e9e. Cette industrie offre un large \u00e9ventail d\u2019emplois, de l\u2019exploitation mini\u00e8re \u00e0 la transformation des min\u00e9raux en passant par le marketing, la finance et l\u2019ing\u00e9nierie.<\/p>\n<p>L\u2019Association mini\u00e8re du Canada (AMC) soutient le Conseil des ressources humaines de l\u2019industrie mini\u00e8re (RHiM) dans ses efforts pour aider les employeurs \u00e0 r\u00e9pondre aux besoins en ressources humaines de l\u2019industrie mini\u00e8re au Canada et pour corriger les inefficacit\u00e9s du march\u00e9 du travail. La plus r\u00e9cente \u00e9tude du Conseil RHiM estime que dans un sc\u00e9nario de contraction de l\u2019industrie, les employeurs pourraient devoir combler des besoins cumulatifs d\u2019embauche de pr\u00e8s de 86 000 travailleurs. Ces besoins s\u2019expliquent en partie par la n\u00e9cessit\u00e9 de remplacer environ 49 000 travailleurs au cours des dix prochaines ann\u00e9es en raison de d\u00e9parts \u00e0 la retraite. Plus de d\u00e9tails sont pr\u00e9sent\u00e9s dans le rapport publi\u00e9 par le Conseil RHiM :\u00a0<em><a href=\"https:\/\/mihr.ca\/wp-content\/uploads\/2021\/03\/MIHR-National-Outlook-LMI-Report-2021-Fr-web.pdf\" target=\"_blank\" rel=\"noopener\">R\u00e9trospective de l&rsquo;ann\u00e9e dans le secteur minier perspectives nationales 2021.<\/a><\/em><\/p>\n<p>En plus d\u2019offrir des renseignements li\u00e9s au march\u00e9 du travail, le Conseil RHiM propose aussi des programmes qui portent sur la diversit\u00e9, la certification, les normes et la formation ax\u00e9e sur les comp\u00e9tences essentielles, dont certains s\u2019adressent sp\u00e9cialement aux peuples autochtones. De plus amples renseignements sur les programmes offerts par le Conseil RHiM sont accessibles sur le site\u00a0<a href=\"http:\/\/www.mihr.ca\/fr\" target=\"_blank\" rel=\"noopener\">www.mihr.ca\/fr.<\/a><\/p>\n<p>Pour contribuer \u00e0 r\u00e9pondre aux besoins de l\u2019industrie mini\u00e8re en mati\u00e8re de ressources humaines, l\u2019AMC :<\/p>\n<ul>\n<li>soutient le Conseil des ressources humaines de l\u2019industrie mini\u00e8re (RHiM) et fait la promotion de ses programmes phares portant sur la certification, les normes et la formation ax\u00e9e sur les comp\u00e9tences essentielles : le Programme de reconnaissance professionnelle de l\u2019industrie mini\u00e8re canadienne (PRPIMC);<\/li>\n<li>fait valoir l\u2019importance du financement de programmes d\u2019acc\u00e8s \u00e0 l\u2019emploi et de formation visant l\u2019acquisition de comp\u00e9tences;<\/li>\n<li>fait la promotion de l\u2019industrie en tant qu\u2019employeur de choix;<\/li>\n<li>plaide pour une pr\u00e9sence accrue des femmes, des peuples autochtones et des nouveaux Canadiens dans le secteur minier.<\/li>\n<\/ul>\n","protected":false},"excerpt":{"rendered":"<p>Une industrie mini\u00e8re vigoureuse et durable exige une main-d\u2019\u0153uvre vigoureuse et durable. L\u2019industrie mini\u00e8re canadienne a beaucoup \u00e0 offrir aux travailleurs \u00e0 la recherche d\u2019une carri\u00e8re gratifiante bien r\u00e9mun\u00e9r\u00e9e. Cette industrie offre un large \u00e9ventail d\u2019emplois, de l\u2019exploitation mini\u00e8re \u00e0 la transformation des min\u00e9raux en passant par le marketing, la finance et l\u2019ing\u00e9nierie. L\u2019Association mini\u00e8re [&hellip;]<\/p>\n","protected":false},"author":1,"featured_media":0,"parent":26581,"menu_order":0,"comment_status":"closed","ping_status":"closed","template":"","meta":{"_acf_changed":false,"footnotes":"","_links_to":"","_links_to_target":""},"class_list":["post-26597","page","type-page","status-publish","hentry"],"acf":[],"yoast_head":"<!-- This site is optimized with the Yoast SEO plugin v27.4 - https:\/\/yoast.com\/product\/yoast-seo-wordpress\/ -->\n<title>Ressources humaines - The Mining Association of Canada<\/title>\n<meta name=\"robots\" content=\"index, follow, max-snippet:-1, max-image-preview:large, max-video-preview:-1\" \/>\n<link rel=\"canonical\" href=\"https:\/\/mining.ca\/fr\/notre-objectif\/competitivite-economique\/ressources-humaines\/\" \/>\n<meta property=\"og:locale\" content=\"fr_CA\" \/>\n<meta property=\"og:type\" content=\"article\" \/>\n<meta property=\"og:title\" content=\"Ressources humaines - The Mining Association of Canada\" \/>\n<meta property=\"og:description\" content=\"Une industrie mini\u00e8re vigoureuse et durable exige une main-d\u2019\u0153uvre vigoureuse et durable. L\u2019industrie mini\u00e8re canadienne a beaucoup \u00e0 offrir aux travailleurs \u00e0 la recherche d\u2019une carri\u00e8re gratifiante bien r\u00e9mun\u00e9r\u00e9e. Cette industrie offre un large \u00e9ventail d\u2019emplois, de l\u2019exploitation mini\u00e8re \u00e0 la transformation des min\u00e9raux en passant par le marketing, la finance et l\u2019ing\u00e9nierie. L\u2019Association mini\u00e8re [&hellip;]\" \/>\n<meta property=\"og:url\" content=\"https:\/\/mining.ca\/fr\/notre-objectif\/competitivite-economique\/ressources-humaines\/\" \/>\n<meta property=\"og:site_name\" content=\"The Mining Association of Canada\" \/>\n<meta property=\"article:modified_time\" content=\"2021-10-28T20:50:58+00:00\" \/>\n<meta name=\"twitter:card\" content=\"summary_large_image\" \/>\n<meta name=\"twitter:site\" content=\"@theminingstory\" \/>\n<meta name=\"twitter:label1\" content=\"Estimation du temps de lecture\" \/>\n\t<meta name=\"twitter:data1\" content=\"2 minutes\" \/>\n<script type=\"application\/ld+json\" class=\"yoast-schema-graph\">{\"@context\":\"https:\\\/\\\/schema.org\",\"@graph\":[{\"@type\":\"WebPage\",\"@id\":\"https:\\\/\\\/mining.ca\\\/fr\\\/notre-objectif\\\/competitivite-economique\\\/ressources-humaines\\\/\",\"url\":\"https:\\\/\\\/mining.ca\\\/fr\\\/notre-objectif\\\/competitivite-economique\\\/ressources-humaines\\\/\",\"name\":\"Ressources humaines - The Mining Association of Canada\",\"isPartOf\":{\"@id\":\"https:\\\/\\\/mining.ca\\\/fr\\\/#website\"},\"datePublished\":\"2021-09-29T15:02:50+00:00\",\"dateModified\":\"2021-10-28T20:50:58+00:00\",\"breadcrumb\":{\"@id\":\"https:\\\/\\\/mining.ca\\\/fr\\\/notre-objectif\\\/competitivite-economique\\\/ressources-humaines\\\/#breadcrumb\"},\"inLanguage\":\"fr-CA\",\"potentialAction\":[{\"@type\":\"ReadAction\",\"target\":[\"https:\\\/\\\/mining.ca\\\/fr\\\/notre-objectif\\\/competitivite-economique\\\/ressources-humaines\\\/\"]}]},{\"@type\":\"BreadcrumbList\",\"@id\":\"https:\\\/\\\/mining.ca\\\/fr\\\/notre-objectif\\\/competitivite-economique\\\/ressources-humaines\\\/#breadcrumb\",\"itemListElement\":[{\"@type\":\"ListItem\",\"position\":1,\"name\":\"Home\",\"item\":\"https:\\\/\\\/mining.ca\\\/fr\\\/\"},{\"@type\":\"ListItem\",\"position\":2,\"name\":\"Notre objectif\",\"item\":\"https:\\\/\\\/mining.ca\\\/fr\\\/our-focus\\\/\"},{\"@type\":\"ListItem\",\"position\":3,\"name\":\"Comp\u00e9titivit\u00e9 \u00e9conomique\",\"item\":\"https:\\\/\\\/mining.ca\\\/fr\\\/notre-objectif\\\/competitivite-economique\\\/\"},{\"@type\":\"ListItem\",\"position\":4,\"name\":\"Ressources humaines\"}]},{\"@type\":\"WebSite\",\"@id\":\"https:\\\/\\\/mining.ca\\\/fr\\\/#website\",\"url\":\"https:\\\/\\\/mining.ca\\\/fr\\\/\",\"name\":\"The Mining Association of Canada\",\"description\":\"The voice of the Canadian Mining Industry since 1935\",\"publisher\":{\"@id\":\"https:\\\/\\\/mining.ca\\\/fr\\\/#organization\"},\"potentialAction\":[{\"@type\":\"SearchAction\",\"target\":{\"@type\":\"EntryPoint\",\"urlTemplate\":\"https:\\\/\\\/mining.ca\\\/fr\\\/?s={search_term_string}\"},\"query-input\":{\"@type\":\"PropertyValueSpecification\",\"valueRequired\":true,\"valueName\":\"search_term_string\"}}],\"inLanguage\":\"fr-CA\"},{\"@type\":\"Organization\",\"@id\":\"https:\\\/\\\/mining.ca\\\/fr\\\/#organization\",\"name\":\"The Mining Association of Canada\",\"url\":\"https:\\\/\\\/mining.ca\\\/fr\\\/\",\"logo\":{\"@type\":\"ImageObject\",\"inLanguage\":\"fr-CA\",\"@id\":\"https:\\\/\\\/mining.ca\\\/fr\\\/#\\\/schema\\\/logo\\\/image\\\/\",\"url\":\"https:\\\/\\\/mining.ca\\\/wp-content\\\/uploads\\\/2021\\\/02\\\/cropped-logo.png\",\"contentUrl\":\"https:\\\/\\\/mining.ca\\\/wp-content\\\/uploads\\\/2021\\\/02\\\/cropped-logo.png\",\"width\":905,\"height\":423,\"caption\":\"The Mining Association of Canada\"},\"image\":{\"@id\":\"https:\\\/\\\/mining.ca\\\/fr\\\/#\\\/schema\\\/logo\\\/image\\\/\"},\"sameAs\":[\"https:\\\/\\\/x.com\\\/theminingstory\",\"https:\\\/\\\/ca.linkedin.com\\\/company\\\/mining-association-of-canada\"]}]}<\/script>\n<!-- \/ Yoast SEO plugin. -->","yoast_head_json":{"title":"Ressources humaines - The Mining Association of Canada","robots":{"index":"index","follow":"follow","max-snippet":"max-snippet:-1","max-image-preview":"max-image-preview:large","max-video-preview":"max-video-preview:-1"},"canonical":"https:\/\/mining.ca\/fr\/notre-objectif\/competitivite-economique\/ressources-humaines\/","og_locale":"fr_CA","og_type":"article","og_title":"Ressources humaines - The Mining Association of Canada","og_description":"Une industrie mini\u00e8re vigoureuse et durable exige une main-d\u2019\u0153uvre vigoureuse et durable. L\u2019industrie mini\u00e8re canadienne a beaucoup \u00e0 offrir aux travailleurs \u00e0 la recherche d\u2019une carri\u00e8re gratifiante bien r\u00e9mun\u00e9r\u00e9e. Cette industrie offre un large \u00e9ventail d\u2019emplois, de l\u2019exploitation mini\u00e8re \u00e0 la transformation des min\u00e9raux en passant par le marketing, la finance et l\u2019ing\u00e9nierie. L\u2019Association mini\u00e8re [&hellip;]","og_url":"https:\/\/mining.ca\/fr\/notre-objectif\/competitivite-economique\/ressources-humaines\/","og_site_name":"The Mining Association of Canada","article_modified_time":"2021-10-28T20:50:58+00:00","twitter_card":"summary_large_image","twitter_site":"@theminingstory","twitter_misc":{"Estimation du temps de lecture":"2 minutes"},"schema":{"@context":"https:\/\/schema.org","@graph":[{"@type":"WebPage","@id":"https:\/\/mining.ca\/fr\/notre-objectif\/competitivite-economique\/ressources-humaines\/","url":"https:\/\/mining.ca\/fr\/notre-objectif\/competitivite-economique\/ressources-humaines\/","name":"Ressources humaines - The Mining Association of Canada","isPartOf":{"@id":"https:\/\/mining.ca\/fr\/#website"},"datePublished":"2021-09-29T15:02:50+00:00","dateModified":"2021-10-28T20:50:58+00:00","breadcrumb":{"@id":"https:\/\/mining.ca\/fr\/notre-objectif\/competitivite-economique\/ressources-humaines\/#breadcrumb"},"inLanguage":"fr-CA","potentialAction":[{"@type":"ReadAction","target":["https:\/\/mining.ca\/fr\/notre-objectif\/competitivite-economique\/ressources-humaines\/"]}]},{"@type":"BreadcrumbList","@id":"https:\/\/mining.ca\/fr\/notre-objectif\/competitivite-economique\/ressources-humaines\/#breadcrumb","itemListElement":[{"@type":"ListItem","position":1,"name":"Home","item":"https:\/\/mining.ca\/fr\/"},{"@type":"ListItem","position":2,"name":"Notre objectif","item":"https:\/\/mining.ca\/fr\/our-focus\/"},{"@type":"ListItem","position":3,"name":"Comp\u00e9titivit\u00e9 \u00e9conomique","item":"https:\/\/mining.ca\/fr\/notre-objectif\/competitivite-economique\/"},{"@type":"ListItem","position":4,"name":"Ressources humaines"}]},{"@type":"WebSite","@id":"https:\/\/mining.ca\/fr\/#website","url":"https:\/\/mining.ca\/fr\/","name":"The Mining Association of Canada","description":"The voice of the Canadian Mining Industry since 1935","publisher":{"@id":"https:\/\/mining.ca\/fr\/#organization"},"potentialAction":[{"@type":"SearchAction","target":{"@type":"EntryPoint","urlTemplate":"https:\/\/mining.ca\/fr\/?s={search_term_string}"},"query-input":{"@type":"PropertyValueSpecification","valueRequired":true,"valueName":"search_term_string"}}],"inLanguage":"fr-CA"},{"@type":"Organization","@id":"https:\/\/mining.ca\/fr\/#organization","name":"The Mining Association of Canada","url":"https:\/\/mining.ca\/fr\/","logo":{"@type":"ImageObject","inLanguage":"fr-CA","@id":"https:\/\/mining.ca\/fr\/#\/schema\/logo\/image\/","url":"https:\/\/mining.ca\/wp-content\/uploads\/2021\/02\/cropped-logo.png","contentUrl":"https:\/\/mining.ca\/wp-content\/uploads\/2021\/02\/cropped-logo.png","width":905,"height":423,"caption":"The Mining Association of Canada"},"image":{"@id":"https:\/\/mining.ca\/fr\/#\/schema\/logo\/image\/"},"sameAs":["https:\/\/x.com\/theminingstory","https:\/\/ca.linkedin.com\/company\/mining-association-of-canada"]}]}},"_links":{"self":[{"href":"https:\/\/mining.ca\/fr\/wp-json\/wp\/v2\/pages\/26597","targetHints":{"allow":["GET"]}}],"collection":[{"href":"https:\/\/mining.ca\/fr\/wp-json\/wp\/v2\/pages"}],"about":[{"href":"https:\/\/mining.ca\/fr\/wp-json\/wp\/v2\/types\/page"}],"author":[{"embeddable":true,"href":"https:\/\/mining.ca\/fr\/wp-json\/wp\/v2\/users\/1"}],"replies":[{"embeddable":true,"href":"https:\/\/mining.ca\/fr\/wp-json\/wp\/v2\/comments?post=26597"}],"version-history":[{"count":0,"href":"https:\/\/mining.ca\/fr\/wp-json\/wp\/v2\/pages\/26597\/revisions"}],"up":[{"embeddable":true,"href":"https:\/\/mining.ca\/fr\/wp-json\/wp\/v2\/pages\/26581"}],"wp:attachment":[{"href":"https:\/\/mining.ca\/fr\/wp-json\/wp\/v2\/media?parent=26597"}],"curies":[{"name":"wp","href":"https:\/\/api.w.org\/{rel}","templated":true}]}}