{"id":27838,"date":"2021-10-12T14:52:56","date_gmt":"2021-10-12T18:52:56","guid":{"rendered":"https:\/\/mining.ca\/notre-expertise\/affaires-autochtones\/ententes-sur-les-relations-entre-lindustrie-miniere-et-les-autochtones\/"},"modified":"2021-10-12T14:52:56","modified_gmt":"2021-10-12T18:52:56","slug":"ententes-sur-les-relations-entre-lindustrie-miniere-et-les-autochtones","status":"publish","type":"page","link":"https:\/\/mining.ca\/fr\/notre-objectif\/affaires-autochtones\/ententes-sur-les-relations-entre-lindustrie-miniere-et-les-autochtones\/","title":{"rendered":"Ententes sur les relations entre l\u2019industrie mini\u00e8re et les Autochtones"},"content":{"rendered":"<p>Les ententes sur les relations (p. ex. les ententes sur les r\u00e9percussions et les avantages ou les ententes de collaboration) entre les entreprises et les communaut\u00e9s autochtones sont devenues une pratique courante au Canada. Il existe actuellement pr\u00e8s de 500\u00a0ententes de ce genre.<\/p>\n<p>Ces ententes juridiquement contraignantes peuvent d\u00e9terminer les modalit\u00e9s de travail conjoint d\u2019une entreprise et d\u2019une communaut\u00e9 et \u00e9tablir un cadre de coop\u00e9ration et de collaboration. Bien que les premi\u00e8res ententes \u00e9taient surtout de nature transactionnelle, les r\u00e9centes ententes vont au-del\u00e0 d\u2019un soutien financier pour compenser les r\u00e9percussions n\u00e9gatives potentielles, et sont devenues un moyen de faciliter la participation des Autochtones dans le secteur minier.<\/p>\n<p>Habituellement, \u00e0 la demande de la partie autochtone concern\u00e9e, ces ententes demeurent confidentielles. Chaque entente est unique et refl\u00e8te les besoins et les int\u00e9r\u00eats de la communaut\u00e9 ainsi que les circonstances des activit\u00e9s mini\u00e8res. Toutefois, ces ententes comprennent des \u00e9l\u00e9ments communs, y compris des dispositions relatives \u00e0 l\u2019\u00e9ducation, \u00e0 la formation, \u00e0 l\u2019intendance environnementale, \u00e0 l\u2019emploi, au d\u00e9veloppement des affaires et aux investissements communautaires pour garantir que les projets miniers g\u00e9n\u00e8rent des retomb\u00e9es \u00e0 long terme pour les communaut\u00e9s.<\/p>\n<p>Ressources naturelles Canada fait le suivi des ententes mini\u00e8res avec les Autochtones, et a publi\u00e9 une\u00a0<a href=\"https:\/\/atlas.gc.ca\/imaema\/fr\/index.html\" target=\"_blank\" rel=\"noopener\">base de donn\u00e9es<\/a>\u00a0qui contient de l\u2019information sur les signataires, le type d\u2019entente et les projets pour les ententes actives et les ententes expir\u00e9es au Canada.<\/p>\n","protected":false},"excerpt":{"rendered":"<p>Les ententes sur les relations (p. ex. les ententes sur les r\u00e9percussions et les avantages ou les ententes de collaboration) entre les entreprises et les communaut\u00e9s autochtones sont devenues une pratique courante au Canada. Il existe actuellement pr\u00e8s de 500\u00a0ententes de ce genre. Ces ententes juridiquement contraignantes peuvent d\u00e9terminer les modalit\u00e9s de travail conjoint d\u2019une [&hellip;]<\/p>\n","protected":false},"author":1,"featured_media":0,"parent":26595,"menu_order":0,"comment_status":"closed","ping_status":"closed","template":"","meta":{"_acf_changed":false,"footnotes":"","_links_to":"","_links_to_target":""},"class_list":["post-27838","page","type-page","status-publish","hentry"],"acf":[],"yoast_head":"<!-- This site is optimized with the Yoast SEO plugin v27.4 - https:\/\/yoast.com\/product\/yoast-seo-wordpress\/ -->\n<title>Ententes sur les relations entre l\u2019industrie mini\u00e8re et les Autochtones - The Mining Association of Canada<\/title>\n<meta name=\"robots\" content=\"index, follow, max-snippet:-1, max-image-preview:large, max-video-preview:-1\" \/>\n<link rel=\"canonical\" href=\"https:\/\/mining.ca\/fr\/notre-objectif\/affaires-autochtones\/ententes-sur-les-relations-entre-lindustrie-miniere-et-les-autochtones\/\" \/>\n<meta property=\"og:locale\" content=\"fr_CA\" \/>\n<meta property=\"og:type\" content=\"article\" \/>\n<meta property=\"og:title\" content=\"Ententes sur les relations entre l\u2019industrie mini\u00e8re et les Autochtones - The Mining Association of Canada\" \/>\n<meta property=\"og:description\" content=\"Les ententes sur les relations (p. ex. les ententes sur les r\u00e9percussions et les avantages ou les ententes de collaboration) entre les entreprises et les communaut\u00e9s autochtones sont devenues une pratique courante au Canada. Il existe actuellement pr\u00e8s de 500\u00a0ententes de ce genre. Ces ententes juridiquement contraignantes peuvent d\u00e9terminer les modalit\u00e9s de travail conjoint d\u2019une [&hellip;]\" \/>\n<meta property=\"og:url\" content=\"https:\/\/mining.ca\/fr\/notre-objectif\/affaires-autochtones\/ententes-sur-les-relations-entre-lindustrie-miniere-et-les-autochtones\/\" \/>\n<meta property=\"og:site_name\" content=\"The Mining Association of Canada\" \/>\n<meta name=\"twitter:card\" content=\"summary_large_image\" \/>\n<meta name=\"twitter:site\" content=\"@theminingstory\" \/>\n<meta name=\"twitter:label1\" content=\"Estimation du temps de lecture\" \/>\n\t<meta name=\"twitter:data1\" content=\"1 minute\" \/>\n<script type=\"application\/ld+json\" class=\"yoast-schema-graph\">{\"@context\":\"https:\\\/\\\/schema.org\",\"@graph\":[{\"@type\":\"WebPage\",\"@id\":\"https:\\\/\\\/mining.ca\\\/fr\\\/notre-objectif\\\/affaires-autochtones\\\/ententes-sur-les-relations-entre-lindustrie-miniere-et-les-autochtones\\\/\",\"url\":\"https:\\\/\\\/mining.ca\\\/fr\\\/notre-objectif\\\/affaires-autochtones\\\/ententes-sur-les-relations-entre-lindustrie-miniere-et-les-autochtones\\\/\",\"name\":\"Ententes sur les relations entre l\u2019industrie mini\u00e8re et les Autochtones - The Mining Association of Canada\",\"isPartOf\":{\"@id\":\"https:\\\/\\\/mining.ca\\\/fr\\\/#website\"},\"datePublished\":\"2021-10-12T18:52:56+00:00\",\"breadcrumb\":{\"@id\":\"https:\\\/\\\/mining.ca\\\/fr\\\/notre-objectif\\\/affaires-autochtones\\\/ententes-sur-les-relations-entre-lindustrie-miniere-et-les-autochtones\\\/#breadcrumb\"},\"inLanguage\":\"fr-CA\",\"potentialAction\":[{\"@type\":\"ReadAction\",\"target\":[\"https:\\\/\\\/mining.ca\\\/fr\\\/notre-objectif\\\/affaires-autochtones\\\/ententes-sur-les-relations-entre-lindustrie-miniere-et-les-autochtones\\\/\"]}]},{\"@type\":\"BreadcrumbList\",\"@id\":\"https:\\\/\\\/mining.ca\\\/fr\\\/notre-objectif\\\/affaires-autochtones\\\/ententes-sur-les-relations-entre-lindustrie-miniere-et-les-autochtones\\\/#breadcrumb\",\"itemListElement\":[{\"@type\":\"ListItem\",\"position\":1,\"name\":\"Home\",\"item\":\"https:\\\/\\\/mining.ca\\\/fr\\\/\"},{\"@type\":\"ListItem\",\"position\":2,\"name\":\"Notre objectif\",\"item\":\"https:\\\/\\\/mining.ca\\\/fr\\\/our-focus\\\/\"},{\"@type\":\"ListItem\",\"position\":3,\"name\":\"Affaires autochtones\",\"item\":\"https:\\\/\\\/mining.ca\\\/fr\\\/our-focus\\\/indigenous-affairs\\\/\"},{\"@type\":\"ListItem\",\"position\":4,\"name\":\"Ententes sur les relations entre l\u2019industrie mini\u00e8re et les Autochtones\"}]},{\"@type\":\"WebSite\",\"@id\":\"https:\\\/\\\/mining.ca\\\/fr\\\/#website\",\"url\":\"https:\\\/\\\/mining.ca\\\/fr\\\/\",\"name\":\"The Mining Association of Canada\",\"description\":\"The voice of the Canadian Mining Industry since 1935\",\"publisher\":{\"@id\":\"https:\\\/\\\/mining.ca\\\/fr\\\/#organization\"},\"potentialAction\":[{\"@type\":\"SearchAction\",\"target\":{\"@type\":\"EntryPoint\",\"urlTemplate\":\"https:\\\/\\\/mining.ca\\\/fr\\\/?s={search_term_string}\"},\"query-input\":{\"@type\":\"PropertyValueSpecification\",\"valueRequired\":true,\"valueName\":\"search_term_string\"}}],\"inLanguage\":\"fr-CA\"},{\"@type\":\"Organization\",\"@id\":\"https:\\\/\\\/mining.ca\\\/fr\\\/#organization\",\"name\":\"The Mining Association of Canada\",\"url\":\"https:\\\/\\\/mining.ca\\\/fr\\\/\",\"logo\":{\"@type\":\"ImageObject\",\"inLanguage\":\"fr-CA\",\"@id\":\"https:\\\/\\\/mining.ca\\\/fr\\\/#\\\/schema\\\/logo\\\/image\\\/\",\"url\":\"https:\\\/\\\/mining.ca\\\/wp-content\\\/uploads\\\/2021\\\/02\\\/cropped-logo.png\",\"contentUrl\":\"https:\\\/\\\/mining.ca\\\/wp-content\\\/uploads\\\/2021\\\/02\\\/cropped-logo.png\",\"width\":905,\"height\":423,\"caption\":\"The Mining Association of Canada\"},\"image\":{\"@id\":\"https:\\\/\\\/mining.ca\\\/fr\\\/#\\\/schema\\\/logo\\\/image\\\/\"},\"sameAs\":[\"https:\\\/\\\/x.com\\\/theminingstory\",\"https:\\\/\\\/ca.linkedin.com\\\/company\\\/mining-association-of-canada\"]}]}<\/script>\n<!-- \/ Yoast SEO plugin. -->","yoast_head_json":{"title":"Ententes sur les relations entre l\u2019industrie mini\u00e8re et les Autochtones - The Mining Association of Canada","robots":{"index":"index","follow":"follow","max-snippet":"max-snippet:-1","max-image-preview":"max-image-preview:large","max-video-preview":"max-video-preview:-1"},"canonical":"https:\/\/mining.ca\/fr\/notre-objectif\/affaires-autochtones\/ententes-sur-les-relations-entre-lindustrie-miniere-et-les-autochtones\/","og_locale":"fr_CA","og_type":"article","og_title":"Ententes sur les relations entre l\u2019industrie mini\u00e8re et les Autochtones - The Mining Association of Canada","og_description":"Les ententes sur les relations (p. ex. les ententes sur les r\u00e9percussions et les avantages ou les ententes de collaboration) entre les entreprises et les communaut\u00e9s autochtones sont devenues une pratique courante au Canada. Il existe actuellement pr\u00e8s de 500\u00a0ententes de ce genre. Ces ententes juridiquement contraignantes peuvent d\u00e9terminer les modalit\u00e9s de travail conjoint d\u2019une [&hellip;]","og_url":"https:\/\/mining.ca\/fr\/notre-objectif\/affaires-autochtones\/ententes-sur-les-relations-entre-lindustrie-miniere-et-les-autochtones\/","og_site_name":"The Mining Association of Canada","twitter_card":"summary_large_image","twitter_site":"@theminingstory","twitter_misc":{"Estimation du temps de lecture":"1 minute"},"schema":{"@context":"https:\/\/schema.org","@graph":[{"@type":"WebPage","@id":"https:\/\/mining.ca\/fr\/notre-objectif\/affaires-autochtones\/ententes-sur-les-relations-entre-lindustrie-miniere-et-les-autochtones\/","url":"https:\/\/mining.ca\/fr\/notre-objectif\/affaires-autochtones\/ententes-sur-les-relations-entre-lindustrie-miniere-et-les-autochtones\/","name":"Ententes sur les relations entre l\u2019industrie mini\u00e8re et les Autochtones - The Mining Association of Canada","isPartOf":{"@id":"https:\/\/mining.ca\/fr\/#website"},"datePublished":"2021-10-12T18:52:56+00:00","breadcrumb":{"@id":"https:\/\/mining.ca\/fr\/notre-objectif\/affaires-autochtones\/ententes-sur-les-relations-entre-lindustrie-miniere-et-les-autochtones\/#breadcrumb"},"inLanguage":"fr-CA","potentialAction":[{"@type":"ReadAction","target":["https:\/\/mining.ca\/fr\/notre-objectif\/affaires-autochtones\/ententes-sur-les-relations-entre-lindustrie-miniere-et-les-autochtones\/"]}]},{"@type":"BreadcrumbList","@id":"https:\/\/mining.ca\/fr\/notre-objectif\/affaires-autochtones\/ententes-sur-les-relations-entre-lindustrie-miniere-et-les-autochtones\/#breadcrumb","itemListElement":[{"@type":"ListItem","position":1,"name":"Home","item":"https:\/\/mining.ca\/fr\/"},{"@type":"ListItem","position":2,"name":"Notre objectif","item":"https:\/\/mining.ca\/fr\/our-focus\/"},{"@type":"ListItem","position":3,"name":"Affaires autochtones","item":"https:\/\/mining.ca\/fr\/our-focus\/indigenous-affairs\/"},{"@type":"ListItem","position":4,"name":"Ententes sur les relations entre l\u2019industrie mini\u00e8re et les Autochtones"}]},{"@type":"WebSite","@id":"https:\/\/mining.ca\/fr\/#website","url":"https:\/\/mining.ca\/fr\/","name":"The Mining Association of Canada","description":"The voice of the Canadian Mining Industry since 1935","publisher":{"@id":"https:\/\/mining.ca\/fr\/#organization"},"potentialAction":[{"@type":"SearchAction","target":{"@type":"EntryPoint","urlTemplate":"https:\/\/mining.ca\/fr\/?s={search_term_string}"},"query-input":{"@type":"PropertyValueSpecification","valueRequired":true,"valueName":"search_term_string"}}],"inLanguage":"fr-CA"},{"@type":"Organization","@id":"https:\/\/mining.ca\/fr\/#organization","name":"The Mining Association of Canada","url":"https:\/\/mining.ca\/fr\/","logo":{"@type":"ImageObject","inLanguage":"fr-CA","@id":"https:\/\/mining.ca\/fr\/#\/schema\/logo\/image\/","url":"https:\/\/mining.ca\/wp-content\/uploads\/2021\/02\/cropped-logo.png","contentUrl":"https:\/\/mining.ca\/wp-content\/uploads\/2021\/02\/cropped-logo.png","width":905,"height":423,"caption":"The Mining Association of Canada"},"image":{"@id":"https:\/\/mining.ca\/fr\/#\/schema\/logo\/image\/"},"sameAs":["https:\/\/x.com\/theminingstory","https:\/\/ca.linkedin.com\/company\/mining-association-of-canada"]}]}},"_links":{"self":[{"href":"https:\/\/mining.ca\/fr\/wp-json\/wp\/v2\/pages\/27838","targetHints":{"allow":["GET"]}}],"collection":[{"href":"https:\/\/mining.ca\/fr\/wp-json\/wp\/v2\/pages"}],"about":[{"href":"https:\/\/mining.ca\/fr\/wp-json\/wp\/v2\/types\/page"}],"author":[{"embeddable":true,"href":"https:\/\/mining.ca\/fr\/wp-json\/wp\/v2\/users\/1"}],"replies":[{"embeddable":true,"href":"https:\/\/mining.ca\/fr\/wp-json\/wp\/v2\/comments?post=27838"}],"version-history":[{"count":0,"href":"https:\/\/mining.ca\/fr\/wp-json\/wp\/v2\/pages\/27838\/revisions"}],"up":[{"embeddable":true,"href":"https:\/\/mining.ca\/fr\/wp-json\/wp\/v2\/pages\/26595"}],"wp:attachment":[{"href":"https:\/\/mining.ca\/fr\/wp-json\/wp\/v2\/media?parent=27838"}],"curies":[{"name":"wp","href":"https:\/\/api.w.org\/{rel}","templated":true}]}}