{"id":27849,"date":"2021-10-12T14:59:02","date_gmt":"2021-10-12T18:59:02","guid":{"rendered":"https:\/\/mining.ca\/notre-expertise\/affaires-autochtones\/regime-gouvernemental-de-partage-des-recettes-provenant-des-ressources\/"},"modified":"2021-10-28T08:02:50","modified_gmt":"2021-10-28T12:02:50","slug":"regime-gouvernemental-de-partage-des-recettes-provenant-des-ressources","status":"publish","type":"page","link":"https:\/\/mining.ca\/fr\/notre-objectif\/affaires-autochtones\/regime-gouvernemental-de-partage-des-recettes-provenant-des-ressources\/","title":{"rendered":"R\u00e9gime gouvernemental de partage des recettes provenant des ressources"},"content":{"rendered":"<p>L\u2019AMC appuie l\u2019adoption d\u2019une approche nationale ouverte, transparente et fond\u00e9e sur des principes envers le partage des recettes provenant des ressources entre la Couronne et les communaut\u00e9s autochtones qui subissent les r\u00e9percussions directes des projets miniers. L\u2019AMC croit qu\u2019un r\u00e9gime gouvernemental de partage des recettes provenant des ressources offre aux communaut\u00e9s autochtones des chances accrues de participer \u00e0 l\u2019exploration min\u00e9rale et \u00e0 l\u2019industrie mini\u00e8re et pourrait contribuer grandement \u00e0 l\u2019\u00e9limination des disparit\u00e9s socio\u00e9conomiques et \u00e0 faire progresser la r\u00e9conciliation \u00e9conomique.\u00a0De plus, un tel r\u00e9gime, apr\u00e8s l\u2019am\u00e9lioration et la clarification des avantages pour les Autochtones, pourrait accro\u00eetre la certitude en ce qui a trait \u00e0 l\u2019acc\u00e8s commercial aux terres et au d\u00e9veloppement des ressources.<\/p>\n<p><a href=\"\/wp-content\/uploads\/2021\/10\/MAC-Position-Statement-on-GRRS-Final-FR.pdf\">Lire la d\u00e9claration de principes de l\u2019AMC sur le r\u00e9gime gouvernemental de partage des recettes provenant des ressources<\/a><\/p>\n","protected":false},"excerpt":{"rendered":"<p>L\u2019AMC appuie l\u2019adoption d\u2019une approche nationale ouverte, transparente et fond\u00e9e sur des principes envers le partage des recettes provenant des ressources entre la Couronne et les communaut\u00e9s autochtones qui subissent les r\u00e9percussions directes des projets miniers. L\u2019AMC croit qu\u2019un r\u00e9gime gouvernemental de partage des recettes provenant des ressources offre aux communaut\u00e9s autochtones des chances accrues [&hellip;]<\/p>\n","protected":false},"author":1,"featured_media":0,"parent":26595,"menu_order":0,"comment_status":"closed","ping_status":"closed","template":"","meta":{"_acf_changed":false,"footnotes":"","_links_to":"","_links_to_target":""},"class_list":["post-27849","page","type-page","status-publish","hentry"],"acf":[],"yoast_head":"<!-- This site is optimized with the Yoast SEO plugin v27.4 - https:\/\/yoast.com\/product\/yoast-seo-wordpress\/ -->\n<title>R\u00e9gime gouvernemental de partage des recettes provenant des ressources - The Mining Association of Canada<\/title>\n<meta name=\"robots\" content=\"index, follow, max-snippet:-1, max-image-preview:large, max-video-preview:-1\" \/>\n<link rel=\"canonical\" href=\"https:\/\/mining.ca\/fr\/notre-objectif\/affaires-autochtones\/regime-gouvernemental-de-partage-des-recettes-provenant-des-ressources\/\" \/>\n<meta property=\"og:locale\" content=\"fr_CA\" \/>\n<meta property=\"og:type\" content=\"article\" \/>\n<meta property=\"og:title\" content=\"R\u00e9gime gouvernemental de partage des recettes provenant des ressources - The Mining Association of Canada\" \/>\n<meta property=\"og:description\" content=\"L\u2019AMC appuie l\u2019adoption d\u2019une approche nationale ouverte, transparente et fond\u00e9e sur des principes envers le partage des recettes provenant des ressources entre la Couronne et les communaut\u00e9s autochtones qui subissent les r\u00e9percussions directes des projets miniers. L\u2019AMC croit qu\u2019un r\u00e9gime gouvernemental de partage des recettes provenant des ressources offre aux communaut\u00e9s autochtones des chances accrues [&hellip;]\" \/>\n<meta property=\"og:url\" content=\"https:\/\/mining.ca\/fr\/notre-objectif\/affaires-autochtones\/regime-gouvernemental-de-partage-des-recettes-provenant-des-ressources\/\" \/>\n<meta property=\"og:site_name\" content=\"The Mining Association of Canada\" \/>\n<meta property=\"article:modified_time\" content=\"2021-10-28T12:02:50+00:00\" \/>\n<meta name=\"twitter:card\" content=\"summary_large_image\" \/>\n<meta name=\"twitter:site\" content=\"@theminingstory\" \/>\n<meta name=\"twitter:label1\" content=\"Estimation du temps de lecture\" \/>\n\t<meta name=\"twitter:data1\" content=\"1 minute\" \/>\n<script type=\"application\/ld+json\" class=\"yoast-schema-graph\">{\"@context\":\"https:\\\/\\\/schema.org\",\"@graph\":[{\"@type\":\"WebPage\",\"@id\":\"https:\\\/\\\/mining.ca\\\/fr\\\/notre-objectif\\\/affaires-autochtones\\\/regime-gouvernemental-de-partage-des-recettes-provenant-des-ressources\\\/\",\"url\":\"https:\\\/\\\/mining.ca\\\/fr\\\/notre-objectif\\\/affaires-autochtones\\\/regime-gouvernemental-de-partage-des-recettes-provenant-des-ressources\\\/\",\"name\":\"R\u00e9gime gouvernemental de partage des recettes provenant des ressources - The Mining Association of Canada\",\"isPartOf\":{\"@id\":\"https:\\\/\\\/mining.ca\\\/fr\\\/#website\"},\"datePublished\":\"2021-10-12T18:59:02+00:00\",\"dateModified\":\"2021-10-28T12:02:50+00:00\",\"breadcrumb\":{\"@id\":\"https:\\\/\\\/mining.ca\\\/fr\\\/notre-objectif\\\/affaires-autochtones\\\/regime-gouvernemental-de-partage-des-recettes-provenant-des-ressources\\\/#breadcrumb\"},\"inLanguage\":\"fr-CA\",\"potentialAction\":[{\"@type\":\"ReadAction\",\"target\":[\"https:\\\/\\\/mining.ca\\\/fr\\\/notre-objectif\\\/affaires-autochtones\\\/regime-gouvernemental-de-partage-des-recettes-provenant-des-ressources\\\/\"]}]},{\"@type\":\"BreadcrumbList\",\"@id\":\"https:\\\/\\\/mining.ca\\\/fr\\\/notre-objectif\\\/affaires-autochtones\\\/regime-gouvernemental-de-partage-des-recettes-provenant-des-ressources\\\/#breadcrumb\",\"itemListElement\":[{\"@type\":\"ListItem\",\"position\":1,\"name\":\"Home\",\"item\":\"https:\\\/\\\/mining.ca\\\/fr\\\/\"},{\"@type\":\"ListItem\",\"position\":2,\"name\":\"Notre objectif\",\"item\":\"https:\\\/\\\/mining.ca\\\/fr\\\/our-focus\\\/\"},{\"@type\":\"ListItem\",\"position\":3,\"name\":\"Affaires autochtones\",\"item\":\"https:\\\/\\\/mining.ca\\\/fr\\\/our-focus\\\/indigenous-affairs\\\/\"},{\"@type\":\"ListItem\",\"position\":4,\"name\":\"R\u00e9gime gouvernemental de partage des recettes provenant des ressources\"}]},{\"@type\":\"WebSite\",\"@id\":\"https:\\\/\\\/mining.ca\\\/fr\\\/#website\",\"url\":\"https:\\\/\\\/mining.ca\\\/fr\\\/\",\"name\":\"The Mining Association of Canada\",\"description\":\"The voice of the Canadian Mining Industry since 1935\",\"publisher\":{\"@id\":\"https:\\\/\\\/mining.ca\\\/fr\\\/#organization\"},\"potentialAction\":[{\"@type\":\"SearchAction\",\"target\":{\"@type\":\"EntryPoint\",\"urlTemplate\":\"https:\\\/\\\/mining.ca\\\/fr\\\/?s={search_term_string}\"},\"query-input\":{\"@type\":\"PropertyValueSpecification\",\"valueRequired\":true,\"valueName\":\"search_term_string\"}}],\"inLanguage\":\"fr-CA\"},{\"@type\":\"Organization\",\"@id\":\"https:\\\/\\\/mining.ca\\\/fr\\\/#organization\",\"name\":\"The Mining Association of Canada\",\"url\":\"https:\\\/\\\/mining.ca\\\/fr\\\/\",\"logo\":{\"@type\":\"ImageObject\",\"inLanguage\":\"fr-CA\",\"@id\":\"https:\\\/\\\/mining.ca\\\/fr\\\/#\\\/schema\\\/logo\\\/image\\\/\",\"url\":\"https:\\\/\\\/mining.ca\\\/wp-content\\\/uploads\\\/2021\\\/02\\\/cropped-logo.png\",\"contentUrl\":\"https:\\\/\\\/mining.ca\\\/wp-content\\\/uploads\\\/2021\\\/02\\\/cropped-logo.png\",\"width\":905,\"height\":423,\"caption\":\"The Mining Association of Canada\"},\"image\":{\"@id\":\"https:\\\/\\\/mining.ca\\\/fr\\\/#\\\/schema\\\/logo\\\/image\\\/\"},\"sameAs\":[\"https:\\\/\\\/x.com\\\/theminingstory\",\"https:\\\/\\\/ca.linkedin.com\\\/company\\\/mining-association-of-canada\"]}]}<\/script>\n<!-- \/ Yoast SEO plugin. -->","yoast_head_json":{"title":"R\u00e9gime gouvernemental de partage des recettes provenant des ressources - The Mining Association of Canada","robots":{"index":"index","follow":"follow","max-snippet":"max-snippet:-1","max-image-preview":"max-image-preview:large","max-video-preview":"max-video-preview:-1"},"canonical":"https:\/\/mining.ca\/fr\/notre-objectif\/affaires-autochtones\/regime-gouvernemental-de-partage-des-recettes-provenant-des-ressources\/","og_locale":"fr_CA","og_type":"article","og_title":"R\u00e9gime gouvernemental de partage des recettes provenant des ressources - The Mining Association of Canada","og_description":"L\u2019AMC appuie l\u2019adoption d\u2019une approche nationale ouverte, transparente et fond\u00e9e sur des principes envers le partage des recettes provenant des ressources entre la Couronne et les communaut\u00e9s autochtones qui subissent les r\u00e9percussions directes des projets miniers. L\u2019AMC croit qu\u2019un r\u00e9gime gouvernemental de partage des recettes provenant des ressources offre aux communaut\u00e9s autochtones des chances accrues [&hellip;]","og_url":"https:\/\/mining.ca\/fr\/notre-objectif\/affaires-autochtones\/regime-gouvernemental-de-partage-des-recettes-provenant-des-ressources\/","og_site_name":"The Mining Association of Canada","article_modified_time":"2021-10-28T12:02:50+00:00","twitter_card":"summary_large_image","twitter_site":"@theminingstory","twitter_misc":{"Estimation du temps de lecture":"1 minute"},"schema":{"@context":"https:\/\/schema.org","@graph":[{"@type":"WebPage","@id":"https:\/\/mining.ca\/fr\/notre-objectif\/affaires-autochtones\/regime-gouvernemental-de-partage-des-recettes-provenant-des-ressources\/","url":"https:\/\/mining.ca\/fr\/notre-objectif\/affaires-autochtones\/regime-gouvernemental-de-partage-des-recettes-provenant-des-ressources\/","name":"R\u00e9gime gouvernemental de partage des recettes provenant des ressources - The Mining Association of Canada","isPartOf":{"@id":"https:\/\/mining.ca\/fr\/#website"},"datePublished":"2021-10-12T18:59:02+00:00","dateModified":"2021-10-28T12:02:50+00:00","breadcrumb":{"@id":"https:\/\/mining.ca\/fr\/notre-objectif\/affaires-autochtones\/regime-gouvernemental-de-partage-des-recettes-provenant-des-ressources\/#breadcrumb"},"inLanguage":"fr-CA","potentialAction":[{"@type":"ReadAction","target":["https:\/\/mining.ca\/fr\/notre-objectif\/affaires-autochtones\/regime-gouvernemental-de-partage-des-recettes-provenant-des-ressources\/"]}]},{"@type":"BreadcrumbList","@id":"https:\/\/mining.ca\/fr\/notre-objectif\/affaires-autochtones\/regime-gouvernemental-de-partage-des-recettes-provenant-des-ressources\/#breadcrumb","itemListElement":[{"@type":"ListItem","position":1,"name":"Home","item":"https:\/\/mining.ca\/fr\/"},{"@type":"ListItem","position":2,"name":"Notre objectif","item":"https:\/\/mining.ca\/fr\/our-focus\/"},{"@type":"ListItem","position":3,"name":"Affaires autochtones","item":"https:\/\/mining.ca\/fr\/our-focus\/indigenous-affairs\/"},{"@type":"ListItem","position":4,"name":"R\u00e9gime gouvernemental de partage des recettes provenant des ressources"}]},{"@type":"WebSite","@id":"https:\/\/mining.ca\/fr\/#website","url":"https:\/\/mining.ca\/fr\/","name":"The Mining Association of Canada","description":"The voice of the Canadian Mining Industry since 1935","publisher":{"@id":"https:\/\/mining.ca\/fr\/#organization"},"potentialAction":[{"@type":"SearchAction","target":{"@type":"EntryPoint","urlTemplate":"https:\/\/mining.ca\/fr\/?s={search_term_string}"},"query-input":{"@type":"PropertyValueSpecification","valueRequired":true,"valueName":"search_term_string"}}],"inLanguage":"fr-CA"},{"@type":"Organization","@id":"https:\/\/mining.ca\/fr\/#organization","name":"The Mining Association of Canada","url":"https:\/\/mining.ca\/fr\/","logo":{"@type":"ImageObject","inLanguage":"fr-CA","@id":"https:\/\/mining.ca\/fr\/#\/schema\/logo\/image\/","url":"https:\/\/mining.ca\/wp-content\/uploads\/2021\/02\/cropped-logo.png","contentUrl":"https:\/\/mining.ca\/wp-content\/uploads\/2021\/02\/cropped-logo.png","width":905,"height":423,"caption":"The Mining Association of Canada"},"image":{"@id":"https:\/\/mining.ca\/fr\/#\/schema\/logo\/image\/"},"sameAs":["https:\/\/x.com\/theminingstory","https:\/\/ca.linkedin.com\/company\/mining-association-of-canada"]}]}},"_links":{"self":[{"href":"https:\/\/mining.ca\/fr\/wp-json\/wp\/v2\/pages\/27849","targetHints":{"allow":["GET"]}}],"collection":[{"href":"https:\/\/mining.ca\/fr\/wp-json\/wp\/v2\/pages"}],"about":[{"href":"https:\/\/mining.ca\/fr\/wp-json\/wp\/v2\/types\/page"}],"author":[{"embeddable":true,"href":"https:\/\/mining.ca\/fr\/wp-json\/wp\/v2\/users\/1"}],"replies":[{"embeddable":true,"href":"https:\/\/mining.ca\/fr\/wp-json\/wp\/v2\/comments?post=27849"}],"version-history":[{"count":0,"href":"https:\/\/mining.ca\/fr\/wp-json\/wp\/v2\/pages\/27849\/revisions"}],"up":[{"embeddable":true,"href":"https:\/\/mining.ca\/fr\/wp-json\/wp\/v2\/pages\/26595"}],"wp:attachment":[{"href":"https:\/\/mining.ca\/fr\/wp-json\/wp\/v2\/media?parent=27849"}],"curies":[{"name":"wp","href":"https:\/\/api.w.org\/{rel}","templated":true}]}}