{"id":27853,"date":"2021-10-12T15:05:39","date_gmt":"2021-10-12T19:05:39","guid":{"rendered":"https:\/\/mining.ca\/notre-expertise\/affaires-autochtones\/reponse-aux-appels-a-laction-de-la-commission-de-verite-et-reconciliation\/"},"modified":"2021-10-12T15:06:05","modified_gmt":"2021-10-12T19:06:05","slug":"reponse-aux-appels-a-laction-de-la-commission-de-verite-et-reconciliation","status":"publish","type":"page","link":"https:\/\/mining.ca\/fr\/notre-objectif\/affaires-autochtones\/reponse-aux-appels-a-laction-de-la-commission-de-verite-et-reconciliation\/","title":{"rendered":"R\u00e9ponse aux appels \u00e0 l\u2019action de la Commission de v\u00e9rit\u00e9 et r\u00e9conciliation"},"content":{"rendered":"\t\t<div data-elementor-type=\"wp-page\" data-elementor-id=\"27853\" class=\"elementor elementor-27853 elementor-27833\" data-elementor-post-type=\"page\">\n\t\t\t\t\t\t<section class=\"elementor-section elementor-top-section elementor-element elementor-element-afebe7e elementor-section-boxed elementor-section-height-default elementor-section-height-default\" data-id=\"afebe7e\" data-element_type=\"section\" data-e-type=\"section\" data-settings=\"{&quot;jet_parallax_layout_list&quot;:[{&quot;jet_parallax_layout_image&quot;:{&quot;url&quot;:&quot;&quot;,&quot;id&quot;:&quot;&quot;,&quot;size&quot;:&quot;&quot;},&quot;_id&quot;:&quot;9a2129c&quot;,&quot;jet_parallax_layout_image_tablet&quot;:{&quot;url&quot;:&quot;&quot;,&quot;id&quot;:&quot;&quot;,&quot;size&quot;:&quot;&quot;},&quot;jet_parallax_layout_image_mobile&quot;:{&quot;url&quot;:&quot;&quot;,&quot;id&quot;:&quot;&quot;,&quot;size&quot;:&quot;&quot;},&quot;jet_parallax_layout_speed&quot;:{&quot;unit&quot;:&quot;%&quot;,&quot;size&quot;:50,&quot;sizes&quot;:[]},&quot;jet_parallax_layout_type&quot;:&quot;scroll&quot;,&quot;jet_parallax_layout_direction&quot;:&quot;1&quot;,&quot;jet_parallax_layout_fx_direction&quot;:null,&quot;jet_parallax_layout_z_index&quot;:&quot;&quot;,&quot;jet_parallax_layout_bg_x&quot;:50,&quot;jet_parallax_layout_bg_x_tablet&quot;:&quot;&quot;,&quot;jet_parallax_layout_bg_x_mobile&quot;:&quot;&quot;,&quot;jet_parallax_layout_bg_y&quot;:50,&quot;jet_parallax_layout_bg_y_tablet&quot;:&quot;&quot;,&quot;jet_parallax_layout_bg_y_mobile&quot;:&quot;&quot;,&quot;jet_parallax_layout_bg_size&quot;:&quot;auto&quot;,&quot;jet_parallax_layout_bg_size_tablet&quot;:&quot;&quot;,&quot;jet_parallax_layout_bg_size_mobile&quot;:&quot;&quot;,&quot;jet_parallax_layout_animation_prop&quot;:&quot;transform&quot;,&quot;jet_parallax_layout_on&quot;:[&quot;desktop&quot;,&quot;tablet&quot;]}]}\">\n\t\t\t\t\t\t<div class=\"elementor-container elementor-column-gap-default\">\n\t\t\t\t\t<div class=\"elementor-column elementor-col-100 elementor-top-column elementor-element elementor-element-9c561f8\" data-id=\"9c561f8\" data-element_type=\"column\" data-e-type=\"column\">\n\t\t\t<div class=\"elementor-widget-wrap elementor-element-populated\">\n\t\t\t\t\t\t<div class=\"elementor-element elementor-element-27dd7d5 elementor-widget elementor-widget-text-editor\" data-id=\"27dd7d5\" data-element_type=\"widget\" data-e-type=\"widget\" data-widget_type=\"text-editor.default\">\n\t\t\t\t<div class=\"elementor-widget-container\">\n\t\t\t\t\t\t\t\t\t<p>L\u2019Association mini\u00e8re du Canada (AMC), qui regroupe la grande majorit\u00e9 des principales soci\u00e9t\u00e9s mini\u00e8res du Canada, est d\u00e9termin\u00e9e \u00e0 contribuer \u00e0 la mise en \u0153uvre des appels \u00e0 l\u2019action de la Commission de v\u00e9rit\u00e9 et r\u00e9conciliation (CVR). Pour d\u00e9montrer son engagement, l\u2019AMC et ses membres ont pris des mesures pour r\u00e9pondre \u00e0 l\u2019appel \u00e0 l\u2019action\u00a092 qui concerne les entreprises canadiennes et contribuer \u00e0 la mise en \u0153uvre des autres appels \u00e0 l\u2019action de la CVR sous diverses formes.<\/p>\n<p>En 2015, la CVR a publi\u00e9 son rapport final d\u00e9crivant en d\u00e9tail les exp\u00e9riences et les r\u00e9percussions du syst\u00e8me des pensionnats autochtones afin de cr\u00e9er un dossier historique de son h\u00e9ritage et de ses cons\u00e9quences. La CVR a \u00e9galement lanc\u00e9 94\u00a0appels \u00e0 l\u2019action portant sur un large \u00e9ventail de domaines, dont la protection de l\u2019enfance, l\u2019\u00e9ducation, la sant\u00e9, la justice, la langue et la culture. Ces appels \u00e0 l\u2019action donnent au Canada une feuille de route pour la r\u00e9conciliation.<\/p>\n<p>L\u2019appel \u00e0 l\u2019action\u00a092 de la CVR invite les entreprises du Canada\u00a0:<\/p>\n\t\t\t\t\t\t\t\t<\/div>\n\t\t\t\t<\/div>\n\t\t\t\t<div class=\"elementor-element elementor-element-791f531 elementor-blockquote--skin-boxed elementor-widget elementor-widget-blockquote\" data-id=\"791f531\" data-element_type=\"widget\" data-e-type=\"widget\" data-widget_type=\"blockquote.default\">\n\t\t\t\t<div class=\"elementor-widget-container\">\n\t\t\t\t\t\t\t<blockquote class=\"elementor-blockquote\">\n\t\t\t<p class=\"elementor-blockquote__content\">\n\t\t\t\t<i>\u00e0 adopter la D\u00e9claration des Nations Unies sur les droits des peuples autochtones en tant que cadre de r\u00e9conciliation et \u00e0 appliquer les normes et les principes qui s\u2019y rattachent dans le cadre des politiques organisationnelles et des principales activit\u00e9s op\u00e9rationnelles touchant les peuples autochtones, leurs terres et leurs ressources; les mesures demand\u00e9es comprennent, mais sans s\u2019y limiter, les suivantes : <br><br>\r\nI. \u00e0 s\u2019engager \u00e0 tenir des consultations significatives, \u00e0 \u00e9tablir des relations respectueuses et \u00e0 obtenir le consentement pr\u00e9alable, libre et inform\u00e9 des peuples autochtones avant de lancer des projets de d\u00e9veloppement \u00e9conomique; <br><br>\r\nII. \u00e0 veiller \u00e0 ce que les peuples autochtones aient un acc\u00e8s \u00e9quitable aux emplois, \u00e0 la formation et aux possibilit\u00e9s de formation dans le secteur des entreprises et \u00e0 ce que les communaut\u00e9s autochtones retirent des avantages \u00e0 long terme des projets de d\u00e9veloppement \u00e9conomique; <br><br>\r\nIII. \u00e0 donner aux cadres sup\u00e9rieurs et aux employ\u00e9s de l\u2019information sur l\u2019histoire des peuples autochtones, y compris en ce qui touche l\u2019histoire et les s\u00e9quelles des pensionnats, la D\u00e9claration des Nations Unies sur les droits des peuples autochtones, les trait\u00e9s et les droits des autochtones, le droit autochtone et les relations entre l\u2019\u00c9tat et les Autochtones. \u00c0 cet \u00e9gard, il faudra, plus particuli\u00e8rement, offrir une formation ax\u00e9e sur les comp\u00e9tences pour ce qui est de l\u2019aptitude interculturelle, du r\u00e8glement de diff\u00e9rends, des droits de la personne et de la lutte contre le racisme. <\/i>\t\t\t<\/p>\n\t\t\t\t\t\t\t<div class=\"e-q-footer\">\n\t\t\t\t\t\t\t\t\t\t\t<cite class=\"elementor-blockquote__author\">(Commission de v\u00e9rit\u00e9 et r\u00e9conciliation du Canada \u2013 Appels \u00e0 l\u2019action, 2015) <\/cite>\n\t\t\t\t\t\t\t\t\t\t\t\t\t\t<\/div>\n\t\t\t\t\t<\/blockquote>\n\t\t\t\t\t\t<\/div>\n\t\t\t\t<\/div>\n\t\t\t\t<div class=\"elementor-element elementor-element-a424760 elementor-widget elementor-widget-text-editor\" data-id=\"a424760\" data-element_type=\"widget\" data-e-type=\"widget\" data-widget_type=\"text-editor.default\">\n\t\t\t\t<div class=\"elementor-widget-container\">\n\t\t\t\t\t\t\t\t\t<p>Pour r\u00e9pondre \u00e0 l\u2019appel \u00e0 l\u2019action\u00a092, des mesures importantes ont \u00e9t\u00e9 ajout\u00e9es \u00e0 l\u2019initiative\u00a0<a href=\"\/fr\/vers-le-developpement-minier-durable\/\"><em>Vers le d\u00e9veloppement minier durable<\/em><\/a> (<em>VDMD<\/em>) de l\u2019AMC, un programme de d\u00e9veloppement durable reconnu mondialement qui aide les soci\u00e9t\u00e9s mini\u00e8res \u00e0 g\u00e9rer les principaux risques environnementaux et sociaux. En 2019, dans le cadre de l\u2019initiative\u00a0<em>VDMD<\/em>, l\u2019AMC a lanc\u00e9 un nouveau <a href=\"\/fr\/vers-le-developpement-minier-durable\/protocoles-et-cadres\/relations-avec-les-autochtones-et-les-collectivites\/\"><em>protocole de relations avec les Autochtones et les collectivit\u00e9s<\/em><\/a> qui tient compte des trois mesures de l\u2019appel \u00e0 l\u2019action\u00a092. Pour \u00e9laborer les crit\u00e8res de ce protocole, l\u2019AMC s\u2019est appuy\u00e9e sur la D\u00e9claration des Nations Unies sur les droits des peuples autochtones (DNUDPA), sur le rapport final de la CVR et sur les conseils du Groupe consultatif des communaut\u00e9s d\u2019int\u00e9r\u00eats qui est compos\u00e9 de personnes issues de communaut\u00e9s et de gouvernements autochtones.<\/p>\n<p>Le protocole, qui est con\u00e7u pour faciliter l\u2019\u00e9tablissement de relations solides par la collaboration et les processus d\u00e9cisionnels, int\u00e8gre des crit\u00e8res mesurables qui refl\u00e8tent l\u2019appel de la Commission aux entreprises. Le protocole \u00e9tablit une norme pour ce qui est consid\u00e9r\u00e9 comme une bonne pratique dans le cadre de l\u2019initiative\u00a0<em>VDMD<\/em>. Il vise notamment \u00e0 obtenir un consentement pr\u00e9alable, libre et inform\u00e9 (CPLI) avant de poursuivre avec l\u2019\u00e9laboration d\u2019un projet o\u00f9 il pourrait y avoir des r\u00e9percussions sur les droits. Il s\u2019appuie sur l\u2019exemple du secteur minier qui se fait un devoir d\u2019embaucher des Autochtones, d\u2019\u00e9tablir des partenariats d\u2019affaires avec les Autochtones et de soutenir des initiatives d\u2019\u00e9ducation et de formation. Le protocole comprend \u00e9galement des crit\u00e8res pr\u00e9cis ax\u00e9s sur la collaboration entre les entreprises et les communaut\u00e9s, notamment en veillant \u00e0 ce que les Autochtones aient un acc\u00e8s \u00e9quitable aux possibilit\u00e9s d\u2019emploi. De plus, le protocole comprend des crit\u00e8res qui visent \u00e0 s\u2019assurer que la direction et le personnel re\u00e7oivent une formation sur l\u2019histoire, les traditions et les droits des Autochtones. \u00c0 compter de cette ann\u00e9e, les membres de l\u2019AMC devront \u00e9valuer leur rendement, rendre publics leurs r\u00e9sultats et se soumettre \u00e0 une v\u00e9rification ind\u00e9pendante bas\u00e9e sur ces nouveaux crit\u00e8res, et ce, pour chacun de leurs sites miniers canadiens.<\/p>\n<p>En compl\u00e9ment aux r\u00e9centes mises \u00e0 jour de l\u2019initiative\u00a0<em>VDMD<\/em>, le <a href=\"https:\/\/mihr.ca\/fr\/\" target=\"_blank\" rel=\"noopener\">Conseil des ressources humaines de l\u2019industrie mini\u00e8re<\/a> (Conseil RHiM) a lanc\u00e9 deux ressources pour soutenir la r\u00e9ponse du secteur minier \u00e0 l\u2019appel \u00e0 l\u2019action\u00a092\u00a0iii. La premi\u00e8re est un <a href=\"https:\/\/mihr.ca\/fr\/diversite-et-inclusion\/formation-de-sensibilisation-aux-cultures-autochtones\/\" target=\"_blank\" rel=\"noopener\">module d\u2019apprentissage en ligne<\/a> ax\u00e9 sur l\u2019histoire des peuples autochtones au Canada. La deuxi\u00e8me est une nouvelle norme de formation sur l\u2019inclusion des Autochtones qui r\u00e9pond aux directives de la Commission de v\u00e9rit\u00e9 et r\u00e9conciliation d\u2019offrir une formation ax\u00e9e sur les comp\u00e9tences en mati\u00e8re de comp\u00e9tence interculturelle, de r\u00e9solution de conflits, de droits de la personne et de lutte contre le racisme. Ensemble, le module d\u2019apprentissage en ligne et la norme de formation du Conseil\u00a0RHiM favorisent une prestation uniforme de la formation sur l\u2019inclusion des Autochtones dans le cheminement de r\u00e9conciliation dans l\u2019ensemble de l\u2019industrie mini\u00e8re canadienne.<\/p>\n<p>Il existe des exemples de partenariats entre des soci\u00e9t\u00e9s mini\u00e8res et des communaut\u00e9s partout au pays qui favorisent la r\u00e9conciliation et contribuent \u00e0 la mise en \u0153uvre des appels \u00e0 l\u2019action de la Commission de v\u00e9rit\u00e9 et r\u00e9conciliation et de la D\u00e9claration des Nations Unies sur les droits des peuples autochtones.<\/p>\n<p>Bien que la r\u00e9conciliation soit une responsabilit\u00e9 que partagent tous les Canadiens, le secteur minier canadien a un r\u00f4le important \u00e0 jouer en raison de la proximit\u00e9 des activit\u00e9s mini\u00e8res avec les communaut\u00e9s autochtones, et des partenariats \u00e9tablis entre les soci\u00e9t\u00e9s mini\u00e8res et les gouvernements autochtones partout au pays. L\u2019AMC s\u2019engage \u00e0 contribuer \u00e0 la promotion de la r\u00e9conciliation et exhorte tous les ordres de gouvernement, les autorit\u00e9s religieuses, les organisations de la soci\u00e9t\u00e9 civile, les autres industries et tous les Canadiens \u00e0 faire de la r\u00e9elle mise en \u0153uvre des 94\u00a0appels \u00e0 l\u2019action de la Commission de v\u00e9rit\u00e9 et r\u00e9conciliation une priorit\u00e9.<\/p>\n\t\t\t\t\t\t\t\t<\/div>\n\t\t\t\t<\/div>\n\t\t\t\t\t<\/div>\n\t\t<\/div>\n\t\t\t\t\t<\/div>\n\t\t<\/section>\n\t\t\t\t<\/div>\n\t\t","protected":false},"excerpt":{"rendered":"<p>L\u2019Association mini\u00e8re du Canada (AMC), qui regroupe la grande majorit\u00e9 des principales soci\u00e9t\u00e9s mini\u00e8res du Canada, est d\u00e9termin\u00e9e \u00e0 contribuer \u00e0 la mise en \u0153uvre des appels \u00e0 l\u2019action de la Commission de v\u00e9rit\u00e9 et r\u00e9conciliation (CVR). Pour d\u00e9montrer son engagement, l\u2019AMC et ses membres ont pris des mesures pour r\u00e9pondre \u00e0 l\u2019appel \u00e0 l\u2019action\u00a092 [&hellip;]<\/p>\n","protected":false},"author":1,"featured_media":0,"parent":26595,"menu_order":0,"comment_status":"closed","ping_status":"closed","template":"","meta":{"_acf_changed":false,"footnotes":"","_links_to":"","_links_to_target":""},"class_list":["post-27853","page","type-page","status-publish","hentry"],"acf":[],"yoast_head":"<!-- This site is optimized with the Yoast SEO plugin v27.6 - https:\/\/yoast.com\/product\/yoast-seo-wordpress\/ -->\n<title>R\u00e9ponse aux appels \u00e0 l\u2019action de la Commission de v\u00e9rit\u00e9 et r\u00e9conciliation - The Mining Association of Canada<\/title>\n<meta name=\"robots\" content=\"index, follow, max-snippet:-1, max-image-preview:large, max-video-preview:-1\" \/>\n<link rel=\"canonical\" href=\"https:\/\/mining.ca\/fr\/notre-objectif\/affaires-autochtones\/reponse-aux-appels-a-laction-de-la-commission-de-verite-et-reconciliation\/\" \/>\n<meta property=\"og:locale\" content=\"fr_CA\" \/>\n<meta property=\"og:type\" content=\"article\" \/>\n<meta property=\"og:title\" content=\"R\u00e9ponse aux appels \u00e0 l\u2019action de la Commission de v\u00e9rit\u00e9 et r\u00e9conciliation - The Mining Association of Canada\" \/>\n<meta property=\"og:description\" content=\"L\u2019Association mini\u00e8re du Canada (AMC), qui regroupe la grande majorit\u00e9 des principales soci\u00e9t\u00e9s mini\u00e8res du Canada, est d\u00e9termin\u00e9e \u00e0 contribuer \u00e0 la mise en \u0153uvre des appels \u00e0 l\u2019action de la Commission de v\u00e9rit\u00e9 et r\u00e9conciliation (CVR). Pour d\u00e9montrer son engagement, l\u2019AMC et ses membres ont pris des mesures pour r\u00e9pondre \u00e0 l\u2019appel \u00e0 l\u2019action\u00a092 [&hellip;]\" \/>\n<meta property=\"og:url\" content=\"https:\/\/mining.ca\/fr\/notre-objectif\/affaires-autochtones\/reponse-aux-appels-a-laction-de-la-commission-de-verite-et-reconciliation\/\" \/>\n<meta property=\"og:site_name\" content=\"The Mining Association of Canada\" \/>\n<meta property=\"article:modified_time\" content=\"2021-10-12T19:06:05+00:00\" \/>\n<meta name=\"twitter:card\" content=\"summary_large_image\" \/>\n<meta name=\"twitter:site\" content=\"@theminingstory\" \/>\n<meta name=\"twitter:label1\" content=\"Estimation du temps de lecture\" \/>\n\t<meta name=\"twitter:data1\" content=\"5 minutes\" \/>\n<script type=\"application\/ld+json\" class=\"yoast-schema-graph\">{\"@context\":\"https:\\\/\\\/schema.org\",\"@graph\":[{\"@type\":\"WebPage\",\"@id\":\"https:\\\/\\\/mining.ca\\\/fr\\\/notre-objectif\\\/affaires-autochtones\\\/reponse-aux-appels-a-laction-de-la-commission-de-verite-et-reconciliation\\\/\",\"url\":\"https:\\\/\\\/mining.ca\\\/fr\\\/notre-objectif\\\/affaires-autochtones\\\/reponse-aux-appels-a-laction-de-la-commission-de-verite-et-reconciliation\\\/\",\"name\":\"R\u00e9ponse aux appels \u00e0 l\u2019action de la Commission de v\u00e9rit\u00e9 et r\u00e9conciliation - The Mining Association of Canada\",\"isPartOf\":{\"@id\":\"https:\\\/\\\/mining.ca\\\/fr\\\/#website\"},\"datePublished\":\"2021-10-12T19:05:39+00:00\",\"dateModified\":\"2021-10-12T19:06:05+00:00\",\"breadcrumb\":{\"@id\":\"https:\\\/\\\/mining.ca\\\/fr\\\/notre-objectif\\\/affaires-autochtones\\\/reponse-aux-appels-a-laction-de-la-commission-de-verite-et-reconciliation\\\/#breadcrumb\"},\"inLanguage\":\"fr-CA\",\"potentialAction\":[{\"@type\":\"ReadAction\",\"target\":[\"https:\\\/\\\/mining.ca\\\/fr\\\/notre-objectif\\\/affaires-autochtones\\\/reponse-aux-appels-a-laction-de-la-commission-de-verite-et-reconciliation\\\/\"]}]},{\"@type\":\"BreadcrumbList\",\"@id\":\"https:\\\/\\\/mining.ca\\\/fr\\\/notre-objectif\\\/affaires-autochtones\\\/reponse-aux-appels-a-laction-de-la-commission-de-verite-et-reconciliation\\\/#breadcrumb\",\"itemListElement\":[{\"@type\":\"ListItem\",\"position\":1,\"name\":\"Home\",\"item\":\"https:\\\/\\\/mining.ca\\\/fr\\\/\"},{\"@type\":\"ListItem\",\"position\":2,\"name\":\"Notre objectif\",\"item\":\"https:\\\/\\\/mining.ca\\\/fr\\\/our-focus\\\/\"},{\"@type\":\"ListItem\",\"position\":3,\"name\":\"Affaires autochtones\",\"item\":\"https:\\\/\\\/mining.ca\\\/fr\\\/our-focus\\\/indigenous-affairs\\\/\"},{\"@type\":\"ListItem\",\"position\":4,\"name\":\"R\u00e9ponse aux appels \u00e0 l\u2019action de la Commission de v\u00e9rit\u00e9 et r\u00e9conciliation\"}]},{\"@type\":\"WebSite\",\"@id\":\"https:\\\/\\\/mining.ca\\\/fr\\\/#website\",\"url\":\"https:\\\/\\\/mining.ca\\\/fr\\\/\",\"name\":\"The Mining Association of Canada\",\"description\":\"The voice of the Canadian Mining Industry since 1935\",\"publisher\":{\"@id\":\"https:\\\/\\\/mining.ca\\\/fr\\\/#organization\"},\"potentialAction\":[{\"@type\":\"SearchAction\",\"target\":{\"@type\":\"EntryPoint\",\"urlTemplate\":\"https:\\\/\\\/mining.ca\\\/fr\\\/?s={search_term_string}\"},\"query-input\":{\"@type\":\"PropertyValueSpecification\",\"valueRequired\":true,\"valueName\":\"search_term_string\"}}],\"inLanguage\":\"fr-CA\"},{\"@type\":\"Organization\",\"@id\":\"https:\\\/\\\/mining.ca\\\/fr\\\/#organization\",\"name\":\"The Mining Association of Canada\",\"url\":\"https:\\\/\\\/mining.ca\\\/fr\\\/\",\"logo\":{\"@type\":\"ImageObject\",\"inLanguage\":\"fr-CA\",\"@id\":\"https:\\\/\\\/mining.ca\\\/fr\\\/#\\\/schema\\\/logo\\\/image\\\/\",\"url\":\"https:\\\/\\\/mining.ca\\\/wp-content\\\/uploads\\\/2021\\\/02\\\/cropped-logo.png\",\"contentUrl\":\"https:\\\/\\\/mining.ca\\\/wp-content\\\/uploads\\\/2021\\\/02\\\/cropped-logo.png\",\"width\":905,\"height\":423,\"caption\":\"The Mining Association of Canada\"},\"image\":{\"@id\":\"https:\\\/\\\/mining.ca\\\/fr\\\/#\\\/schema\\\/logo\\\/image\\\/\"},\"sameAs\":[\"https:\\\/\\\/x.com\\\/theminingstory\",\"https:\\\/\\\/ca.linkedin.com\\\/company\\\/mining-association-of-canada\"]}]}<\/script>\n<!-- \/ Yoast SEO plugin. -->","yoast_head_json":{"title":"R\u00e9ponse aux appels \u00e0 l\u2019action de la Commission de v\u00e9rit\u00e9 et r\u00e9conciliation - The Mining Association of Canada","robots":{"index":"index","follow":"follow","max-snippet":"max-snippet:-1","max-image-preview":"max-image-preview:large","max-video-preview":"max-video-preview:-1"},"canonical":"https:\/\/mining.ca\/fr\/notre-objectif\/affaires-autochtones\/reponse-aux-appels-a-laction-de-la-commission-de-verite-et-reconciliation\/","og_locale":"fr_CA","og_type":"article","og_title":"R\u00e9ponse aux appels \u00e0 l\u2019action de la Commission de v\u00e9rit\u00e9 et r\u00e9conciliation - The Mining Association of Canada","og_description":"L\u2019Association mini\u00e8re du Canada (AMC), qui regroupe la grande majorit\u00e9 des principales soci\u00e9t\u00e9s mini\u00e8res du Canada, est d\u00e9termin\u00e9e \u00e0 contribuer \u00e0 la mise en \u0153uvre des appels \u00e0 l\u2019action de la Commission de v\u00e9rit\u00e9 et r\u00e9conciliation (CVR). Pour d\u00e9montrer son engagement, l\u2019AMC et ses membres ont pris des mesures pour r\u00e9pondre \u00e0 l\u2019appel \u00e0 l\u2019action\u00a092 [&hellip;]","og_url":"https:\/\/mining.ca\/fr\/notre-objectif\/affaires-autochtones\/reponse-aux-appels-a-laction-de-la-commission-de-verite-et-reconciliation\/","og_site_name":"The Mining Association of Canada","article_modified_time":"2021-10-12T19:06:05+00:00","twitter_card":"summary_large_image","twitter_site":"@theminingstory","twitter_misc":{"Estimation du temps de lecture":"5 minutes"},"schema":{"@context":"https:\/\/schema.org","@graph":[{"@type":"WebPage","@id":"https:\/\/mining.ca\/fr\/notre-objectif\/affaires-autochtones\/reponse-aux-appels-a-laction-de-la-commission-de-verite-et-reconciliation\/","url":"https:\/\/mining.ca\/fr\/notre-objectif\/affaires-autochtones\/reponse-aux-appels-a-laction-de-la-commission-de-verite-et-reconciliation\/","name":"R\u00e9ponse aux appels \u00e0 l\u2019action de la Commission de v\u00e9rit\u00e9 et r\u00e9conciliation - The Mining Association of Canada","isPartOf":{"@id":"https:\/\/mining.ca\/fr\/#website"},"datePublished":"2021-10-12T19:05:39+00:00","dateModified":"2021-10-12T19:06:05+00:00","breadcrumb":{"@id":"https:\/\/mining.ca\/fr\/notre-objectif\/affaires-autochtones\/reponse-aux-appels-a-laction-de-la-commission-de-verite-et-reconciliation\/#breadcrumb"},"inLanguage":"fr-CA","potentialAction":[{"@type":"ReadAction","target":["https:\/\/mining.ca\/fr\/notre-objectif\/affaires-autochtones\/reponse-aux-appels-a-laction-de-la-commission-de-verite-et-reconciliation\/"]}]},{"@type":"BreadcrumbList","@id":"https:\/\/mining.ca\/fr\/notre-objectif\/affaires-autochtones\/reponse-aux-appels-a-laction-de-la-commission-de-verite-et-reconciliation\/#breadcrumb","itemListElement":[{"@type":"ListItem","position":1,"name":"Home","item":"https:\/\/mining.ca\/fr\/"},{"@type":"ListItem","position":2,"name":"Notre objectif","item":"https:\/\/mining.ca\/fr\/our-focus\/"},{"@type":"ListItem","position":3,"name":"Affaires autochtones","item":"https:\/\/mining.ca\/fr\/our-focus\/indigenous-affairs\/"},{"@type":"ListItem","position":4,"name":"R\u00e9ponse aux appels \u00e0 l\u2019action de la Commission de v\u00e9rit\u00e9 et r\u00e9conciliation"}]},{"@type":"WebSite","@id":"https:\/\/mining.ca\/fr\/#website","url":"https:\/\/mining.ca\/fr\/","name":"The Mining Association of Canada","description":"The voice of the Canadian Mining Industry since 1935","publisher":{"@id":"https:\/\/mining.ca\/fr\/#organization"},"potentialAction":[{"@type":"SearchAction","target":{"@type":"EntryPoint","urlTemplate":"https:\/\/mining.ca\/fr\/?s={search_term_string}"},"query-input":{"@type":"PropertyValueSpecification","valueRequired":true,"valueName":"search_term_string"}}],"inLanguage":"fr-CA"},{"@type":"Organization","@id":"https:\/\/mining.ca\/fr\/#organization","name":"The Mining Association of Canada","url":"https:\/\/mining.ca\/fr\/","logo":{"@type":"ImageObject","inLanguage":"fr-CA","@id":"https:\/\/mining.ca\/fr\/#\/schema\/logo\/image\/","url":"https:\/\/mining.ca\/wp-content\/uploads\/2021\/02\/cropped-logo.png","contentUrl":"https:\/\/mining.ca\/wp-content\/uploads\/2021\/02\/cropped-logo.png","width":905,"height":423,"caption":"The Mining Association of Canada"},"image":{"@id":"https:\/\/mining.ca\/fr\/#\/schema\/logo\/image\/"},"sameAs":["https:\/\/x.com\/theminingstory","https:\/\/ca.linkedin.com\/company\/mining-association-of-canada"]}]}},"_links":{"self":[{"href":"https:\/\/mining.ca\/fr\/wp-json\/wp\/v2\/pages\/27853","targetHints":{"allow":["GET"]}}],"collection":[{"href":"https:\/\/mining.ca\/fr\/wp-json\/wp\/v2\/pages"}],"about":[{"href":"https:\/\/mining.ca\/fr\/wp-json\/wp\/v2\/types\/page"}],"author":[{"embeddable":true,"href":"https:\/\/mining.ca\/fr\/wp-json\/wp\/v2\/users\/1"}],"replies":[{"embeddable":true,"href":"https:\/\/mining.ca\/fr\/wp-json\/wp\/v2\/comments?post=27853"}],"version-history":[{"count":0,"href":"https:\/\/mining.ca\/fr\/wp-json\/wp\/v2\/pages\/27853\/revisions"}],"up":[{"embeddable":true,"href":"https:\/\/mining.ca\/fr\/wp-json\/wp\/v2\/pages\/26595"}],"wp:attachment":[{"href":"https:\/\/mining.ca\/fr\/wp-json\/wp\/v2\/media?parent=27853"}],"curies":[{"name":"wp","href":"https:\/\/api.w.org\/{rel}","templated":true}]}}