{"id":37971,"date":"2022-06-23T09:20:29","date_gmt":"2022-06-23T13:20:29","guid":{"rendered":"https:\/\/mining.ca\/public-opinion-polling\/"},"modified":"2022-06-27T14:55:57","modified_gmt":"2022-06-27T18:55:57","slug":"sondage-dopinion-publique","status":"publish","type":"page","link":"https:\/\/mining.ca\/fr\/sondage-dopinion-publique\/","title":{"rendered":"Sondage d&rsquo;opinion publique"},"content":{"rendered":"\t\t<div data-elementor-type=\"wp-page\" data-elementor-id=\"37971\" class=\"elementor elementor-37971 elementor-37936\" data-elementor-post-type=\"page\">\n\t\t\t\t\t\t<section class=\"elementor-section elementor-top-section elementor-element elementor-element-7215958 elementor-section-content-middle elementor-section-boxed elementor-section-height-default elementor-section-height-default\" data-id=\"7215958\" data-element_type=\"section\" data-e-type=\"section\" data-settings=\"{&quot;jet_parallax_layout_list&quot;:[{&quot;jet_parallax_layout_image&quot;:{&quot;url&quot;:&quot;&quot;,&quot;id&quot;:&quot;&quot;,&quot;size&quot;:&quot;&quot;},&quot;_id&quot;:&quot;a3729d7&quot;,&quot;jet_parallax_layout_image_tablet&quot;:{&quot;url&quot;:&quot;&quot;,&quot;id&quot;:&quot;&quot;,&quot;size&quot;:&quot;&quot;},&quot;jet_parallax_layout_image_mobile&quot;:{&quot;url&quot;:&quot;&quot;,&quot;id&quot;:&quot;&quot;,&quot;size&quot;:&quot;&quot;},&quot;jet_parallax_layout_speed&quot;:{&quot;unit&quot;:&quot;%&quot;,&quot;size&quot;:50,&quot;sizes&quot;:[]},&quot;jet_parallax_layout_type&quot;:&quot;scroll&quot;,&quot;jet_parallax_layout_direction&quot;:&quot;1&quot;,&quot;jet_parallax_layout_fx_direction&quot;:null,&quot;jet_parallax_layout_z_index&quot;:&quot;&quot;,&quot;jet_parallax_layout_bg_x&quot;:50,&quot;jet_parallax_layout_bg_x_tablet&quot;:&quot;&quot;,&quot;jet_parallax_layout_bg_x_mobile&quot;:&quot;&quot;,&quot;jet_parallax_layout_bg_y&quot;:50,&quot;jet_parallax_layout_bg_y_tablet&quot;:&quot;&quot;,&quot;jet_parallax_layout_bg_y_mobile&quot;:&quot;&quot;,&quot;jet_parallax_layout_bg_size&quot;:&quot;auto&quot;,&quot;jet_parallax_layout_bg_size_tablet&quot;:&quot;&quot;,&quot;jet_parallax_layout_bg_size_mobile&quot;:&quot;&quot;,&quot;jet_parallax_layout_animation_prop&quot;:&quot;transform&quot;,&quot;jet_parallax_layout_on&quot;:[&quot;desktop&quot;,&quot;tablet&quot;]}]}\">\n\t\t\t\t\t\t<div class=\"elementor-container elementor-column-gap-default\">\n\t\t\t\t\t<div class=\"elementor-column elementor-col-100 elementor-top-column elementor-element elementor-element-b3aa163\" data-id=\"b3aa163\" data-element_type=\"column\" data-e-type=\"column\">\n\t\t\t<div class=\"elementor-widget-wrap elementor-element-populated\">\n\t\t\t\t\t\t<div class=\"elementor-element elementor-element-e7f6d84 elementor-widget elementor-widget-text-editor\" data-id=\"e7f6d84\" data-element_type=\"widget\" data-e-type=\"widget\" data-widget_type=\"text-editor.default\">\n\t\t\t\t<div class=\"elementor-widget-container\">\n\t\t\t\t\t\t\t\t\t<h3>Les r\u00e9sultats d\u2019un nouveau sondage d\u00e9montrent un soutien sans pr\u00e9c\u00e9dent pour le secteur minier canadien et son r\u00f4le dans les technologies essentielles \u00e0 la carboneutralit\u00e9<\/h3>\n<p>Depuis 12 ans, l\u2019AMC collabore avec Abacus Data pour sonder l\u2019opinion de la population sur le secteur minier canadien. En 2022, le soutien atteint un sommet in\u00e9gal\u00e9 : 80 % des r\u00e9pondants ont une opinion positive sur les producteurs de min\u00e9raux et de m\u00e9taux au Canada et 78 % des r\u00e9pondants ont une opinion positive sur les soci\u00e9t\u00e9s mini\u00e8res canadiennes. Voici d\u2019autres faits saillants :<\/p>\n<ul>\n<li>84 % des r\u00e9pondants estiment que les soci\u00e9t\u00e9s mini\u00e8res du Canada offrent un rendement satisfaisant ou acceptable par rapport aux nouvelles mati\u00e8res qu\u2019elles fournissent pour produire des technologies plus vertes et plus propres.<\/li>\n<li>83 % des r\u00e9pondants affirment qu\u2019ils aimeraient voir un plus grand nombre de projets miniers au Canada, \u00e0 condition que les soci\u00e9t\u00e9s mini\u00e8res aient un plan pour r\u00e9duire les \u00e9missions de gaz \u00e0 effet de serre.<\/li>\n<li>81 % des r\u00e9pondants affirment que le Canada devrait demeurer dans l\u2019industrie du p\u00e9trole, \u00e0 condition que nos barils soient produits par des soci\u00e9t\u00e9s qui se sont fix\u00e9 un objectif de carboneutralit\u00e9.<\/li>\n<li>80 % des r\u00e9pondants affirment que nous avons besoin d\u2019un secteur minier solide pour faire prosp\u00e9rer l\u2019\u00e9conomie canadienne \u00e0 long terme.<\/li>\n<\/ul>\n<p>Les r\u00e9sultats du sondage de cette ann\u00e9e montrent clairement que les Canadiens sont de plus en plus conscients que l\u2019industrie des min\u00e9raux et des m\u00e9taux est un partenaire essentiel pour un avenir plus vert. Le Canada \u00e9tant l\u2019un des pays dont la production de minerais et de m\u00e9taux affiche la plus faible intensit\u00e9 carbonique au monde, il ne fait aucun doute qu\u2019il est mieux plac\u00e9 pour r\u00e9pondre aux besoins en mati\u00e8res extraites des mines que la plupart des autres r\u00e9gions mini\u00e8res. Nous sommes heureux que la population en g\u00e9n\u00e9ral le reconnaisse.\u00a0<\/p>\n<p>Selon Abacus, l\u2019opinion g\u00e9n\u00e9ralement positive \u00e0 l\u2019\u00e9gard du secteur minier s\u2019explique en grande partie par le fait que l\u2019industrie procure des avantages \u00e9conomiques et des emplois bien r\u00e9mun\u00e9r\u00e9s aux Canadiens partout au pays, et que la population estime que l\u2019industrie fait des efforts pour r\u00e9duire ses r\u00e9percussions environnementales. Les perceptions dans ce domaine se sont am\u00e9lior\u00e9es au fil du temps et \u00e0 mesure qu\u2019ils voient les soci\u00e9t\u00e9s mini\u00e8res prendre des engagements et des mesures pour r\u00e9duire leurs \u00e9missions de CO<sub>2.<\/sub>, les gens constatent que l\u2019avenir de l\u2019industrie mini\u00e8re est prometteur dans une \u00e9conomie mondiale qui cherche \u00e0 se d\u00e9carboniser.<\/p>\n<p>\u00a0<\/p>\t\t\t\t\t\t\t\t<\/div>\n\t\t\t\t<\/div>\n\t\t\t\t\t<\/div>\n\t\t<\/div>\n\t\t\t\t\t<\/div>\n\t\t<\/section>\n\t\t\t\t<section class=\"elementor-section elementor-top-section elementor-element elementor-element-97d0453 elementor-section-boxed elementor-section-height-default elementor-section-height-default\" data-id=\"97d0453\" data-element_type=\"section\" data-e-type=\"section\" data-settings=\"{&quot;jet_parallax_layout_list&quot;:[{&quot;jet_parallax_layout_image&quot;:{&quot;url&quot;:&quot;&quot;,&quot;id&quot;:&quot;&quot;,&quot;size&quot;:&quot;&quot;},&quot;_id&quot;:&quot;82e1899&quot;,&quot;jet_parallax_layout_image_tablet&quot;:{&quot;url&quot;:&quot;&quot;,&quot;id&quot;:&quot;&quot;,&quot;size&quot;:&quot;&quot;},&quot;jet_parallax_layout_image_mobile&quot;:{&quot;url&quot;:&quot;&quot;,&quot;id&quot;:&quot;&quot;,&quot;size&quot;:&quot;&quot;},&quot;jet_parallax_layout_speed&quot;:{&quot;unit&quot;:&quot;%&quot;,&quot;size&quot;:50,&quot;sizes&quot;:[]},&quot;jet_parallax_layout_type&quot;:&quot;scroll&quot;,&quot;jet_parallax_layout_direction&quot;:&quot;1&quot;,&quot;jet_parallax_layout_fx_direction&quot;:null,&quot;jet_parallax_layout_z_index&quot;:&quot;&quot;,&quot;jet_parallax_layout_bg_x&quot;:50,&quot;jet_parallax_layout_bg_x_tablet&quot;:&quot;&quot;,&quot;jet_parallax_layout_bg_x_mobile&quot;:&quot;&quot;,&quot;jet_parallax_layout_bg_y&quot;:50,&quot;jet_parallax_layout_bg_y_tablet&quot;:&quot;&quot;,&quot;jet_parallax_layout_bg_y_mobile&quot;:&quot;&quot;,&quot;jet_parallax_layout_bg_size&quot;:&quot;auto&quot;,&quot;jet_parallax_layout_bg_size_tablet&quot;:&quot;&quot;,&quot;jet_parallax_layout_bg_size_mobile&quot;:&quot;&quot;,&quot;jet_parallax_layout_animation_prop&quot;:&quot;transform&quot;,&quot;jet_parallax_layout_on&quot;:[&quot;desktop&quot;,&quot;tablet&quot;]}]}\">\n\t\t\t\t\t\t<div class=\"elementor-container elementor-column-gap-default\">\n\t\t\t\t\t<div class=\"elementor-column elementor-col-100 elementor-top-column elementor-element elementor-element-f15af6c\" data-id=\"f15af6c\" data-element_type=\"column\" data-e-type=\"column\">\n\t\t\t<div class=\"elementor-widget-wrap elementor-element-populated\">\n\t\t\t\t\t\t<div class=\"elementor-element elementor-element-fca9f9d elementor-align-center elementor-widget__width-auto elementor-widget elementor-widget-button\" data-id=\"fca9f9d\" data-element_type=\"widget\" data-e-type=\"widget\" data-widget_type=\"button.default\">\n\t\t\t\t<div class=\"elementor-widget-container\">\n\t\t\t\t\t\t\t\t\t<div class=\"elementor-button-wrapper\">\n\t\t\t\t\t<a class=\"elementor-button elementor-button-link elementor-size-sm\" href=\"https:\/\/mining.ca\/fr\/\/download\/37973\/\" target=\"_blank\">\n\t\t\t\t\t\t<span class=\"elementor-button-content-wrapper\">\n\t\t\t\t\t\t\t\t\t<span class=\"elementor-button-text\">T\u00c9L\u00c9CHARGER LES R\u00c9SULTATS DU SONDAGE<\/span>\n\t\t\t\t\t<\/span>\n\t\t\t\t\t<\/a>\n\t\t\t\t<\/div>\n\t\t\t\t\t\t\t\t<\/div>\n\t\t\t\t<\/div>\n\t\t\t\t\t<\/div>\n\t\t<\/div>\n\t\t\t\t\t<\/div>\n\t\t<\/section>\n\t\t\t\t<\/div>\n\t\t","protected":false},"excerpt":{"rendered":"<p>Les r\u00e9sultats d\u2019un nouveau sondage d\u00e9montrent un soutien sans pr\u00e9c\u00e9dent pour le secteur minier canadien et son r\u00f4le dans les technologies essentielles \u00e0 la carboneutralit\u00e9 Depuis 12 ans, l\u2019AMC collabore avec Abacus Data pour sonder l\u2019opinion de la population sur le secteur minier canadien. En 2022, le soutien atteint un sommet in\u00e9gal\u00e9 : 80 % [&hellip;]<\/p>\n","protected":false},"author":1,"featured_media":6166,"parent":0,"menu_order":0,"comment_status":"closed","ping_status":"closed","template":"","meta":{"_acf_changed":false,"footnotes":"","_links_to":"","_links_to_target":""},"class_list":["post-37971","page","type-page","status-publish","has-post-thumbnail","hentry"],"acf":[],"yoast_head":"<!-- This site is optimized with the Yoast SEO plugin v27.5 - https:\/\/yoast.com\/product\/yoast-seo-wordpress\/ -->\n<title>Sondage d&#039;opinion publique - The Mining Association of Canada<\/title>\n<meta name=\"robots\" content=\"index, follow, max-snippet:-1, max-image-preview:large, max-video-preview:-1\" \/>\n<link rel=\"canonical\" href=\"https:\/\/mining.ca\/fr\/sondage-dopinion-publique\/\" \/>\n<meta property=\"og:locale\" content=\"fr_CA\" \/>\n<meta property=\"og:type\" content=\"article\" \/>\n<meta property=\"og:title\" content=\"Sondage d&#039;opinion publique - The Mining Association of Canada\" \/>\n<meta property=\"og:description\" content=\"Les r\u00e9sultats d\u2019un nouveau sondage d\u00e9montrent un soutien sans pr\u00e9c\u00e9dent pour le secteur minier canadien et son r\u00f4le dans les technologies essentielles \u00e0 la carboneutralit\u00e9 Depuis 12 ans, l\u2019AMC collabore avec Abacus Data pour sonder l\u2019opinion de la population sur le secteur minier canadien. En 2022, le soutien atteint un sommet in\u00e9gal\u00e9 : 80 % [&hellip;]\" \/>\n<meta property=\"og:url\" content=\"https:\/\/mining.ca\/fr\/sondage-dopinion-publique\/\" \/>\n<meta property=\"og:site_name\" content=\"The Mining Association of Canada\" \/>\n<meta property=\"article:modified_time\" content=\"2022-06-27T18:55:57+00:00\" \/>\n<meta property=\"og:image\" content=\"https:\/\/mining.ca\/wp-content\/uploads\/2021\/07\/Cobalt-Co.jpg\" \/>\n\t<meta property=\"og:image:width\" content=\"500\" \/>\n\t<meta property=\"og:image:height\" content=\"500\" \/>\n\t<meta property=\"og:image:type\" content=\"image\/jpeg\" \/>\n<meta name=\"twitter:card\" content=\"summary_large_image\" \/>\n<meta name=\"twitter:site\" content=\"@theminingstory\" \/>\n<meta name=\"twitter:label1\" content=\"Estimation du temps de lecture\" \/>\n\t<meta name=\"twitter:data1\" content=\"3 minutes\" \/>\n<script type=\"application\/ld+json\" class=\"yoast-schema-graph\">{\"@context\":\"https:\\\/\\\/schema.org\",\"@graph\":[{\"@type\":\"WebPage\",\"@id\":\"https:\\\/\\\/mining.ca\\\/fr\\\/sondage-dopinion-publique\\\/\",\"url\":\"https:\\\/\\\/mining.ca\\\/fr\\\/sondage-dopinion-publique\\\/\",\"name\":\"Sondage d'opinion publique - The Mining Association of Canada\",\"isPartOf\":{\"@id\":\"https:\\\/\\\/mining.ca\\\/fr\\\/#website\"},\"primaryImageOfPage\":{\"@id\":\"https:\\\/\\\/mining.ca\\\/fr\\\/sondage-dopinion-publique\\\/#primaryimage\"},\"image\":{\"@id\":\"https:\\\/\\\/mining.ca\\\/fr\\\/sondage-dopinion-publique\\\/#primaryimage\"},\"thumbnailUrl\":\"https:\\\/\\\/mining.ca\\\/wp-content\\\/uploads\\\/2021\\\/07\\\/Cobalt-Co.jpg\",\"datePublished\":\"2022-06-23T13:20:29+00:00\",\"dateModified\":\"2022-06-27T18:55:57+00:00\",\"breadcrumb\":{\"@id\":\"https:\\\/\\\/mining.ca\\\/fr\\\/sondage-dopinion-publique\\\/#breadcrumb\"},\"inLanguage\":\"fr-CA\",\"potentialAction\":[{\"@type\":\"ReadAction\",\"target\":[\"https:\\\/\\\/mining.ca\\\/fr\\\/sondage-dopinion-publique\\\/\"]}]},{\"@type\":\"ImageObject\",\"inLanguage\":\"fr-CA\",\"@id\":\"https:\\\/\\\/mining.ca\\\/fr\\\/sondage-dopinion-publique\\\/#primaryimage\",\"url\":\"https:\\\/\\\/mining.ca\\\/wp-content\\\/uploads\\\/2021\\\/07\\\/Cobalt-Co.jpg\",\"contentUrl\":\"https:\\\/\\\/mining.ca\\\/wp-content\\\/uploads\\\/2021\\\/07\\\/Cobalt-Co.jpg\",\"width\":500,\"height\":500},{\"@type\":\"BreadcrumbList\",\"@id\":\"https:\\\/\\\/mining.ca\\\/fr\\\/sondage-dopinion-publique\\\/#breadcrumb\",\"itemListElement\":[{\"@type\":\"ListItem\",\"position\":1,\"name\":\"Home\",\"item\":\"https:\\\/\\\/mining.ca\\\/fr\\\/\"},{\"@type\":\"ListItem\",\"position\":2,\"name\":\"Sondage d&#8217;opinion publique\"}]},{\"@type\":\"WebSite\",\"@id\":\"https:\\\/\\\/mining.ca\\\/fr\\\/#website\",\"url\":\"https:\\\/\\\/mining.ca\\\/fr\\\/\",\"name\":\"The Mining Association of Canada\",\"description\":\"The voice of the Canadian Mining Industry since 1935\",\"publisher\":{\"@id\":\"https:\\\/\\\/mining.ca\\\/fr\\\/#organization\"},\"potentialAction\":[{\"@type\":\"SearchAction\",\"target\":{\"@type\":\"EntryPoint\",\"urlTemplate\":\"https:\\\/\\\/mining.ca\\\/fr\\\/?s={search_term_string}\"},\"query-input\":{\"@type\":\"PropertyValueSpecification\",\"valueRequired\":true,\"valueName\":\"search_term_string\"}}],\"inLanguage\":\"fr-CA\"},{\"@type\":\"Organization\",\"@id\":\"https:\\\/\\\/mining.ca\\\/fr\\\/#organization\",\"name\":\"The Mining Association of Canada\",\"url\":\"https:\\\/\\\/mining.ca\\\/fr\\\/\",\"logo\":{\"@type\":\"ImageObject\",\"inLanguage\":\"fr-CA\",\"@id\":\"https:\\\/\\\/mining.ca\\\/fr\\\/#\\\/schema\\\/logo\\\/image\\\/\",\"url\":\"https:\\\/\\\/mining.ca\\\/wp-content\\\/uploads\\\/2021\\\/02\\\/cropped-logo.png\",\"contentUrl\":\"https:\\\/\\\/mining.ca\\\/wp-content\\\/uploads\\\/2021\\\/02\\\/cropped-logo.png\",\"width\":905,\"height\":423,\"caption\":\"The Mining Association of Canada\"},\"image\":{\"@id\":\"https:\\\/\\\/mining.ca\\\/fr\\\/#\\\/schema\\\/logo\\\/image\\\/\"},\"sameAs\":[\"https:\\\/\\\/x.com\\\/theminingstory\",\"https:\\\/\\\/ca.linkedin.com\\\/company\\\/mining-association-of-canada\"]}]}<\/script>\n<!-- \/ Yoast SEO plugin. -->","yoast_head_json":{"title":"Sondage d'opinion publique - The Mining Association of Canada","robots":{"index":"index","follow":"follow","max-snippet":"max-snippet:-1","max-image-preview":"max-image-preview:large","max-video-preview":"max-video-preview:-1"},"canonical":"https:\/\/mining.ca\/fr\/sondage-dopinion-publique\/","og_locale":"fr_CA","og_type":"article","og_title":"Sondage d'opinion publique - The Mining Association of Canada","og_description":"Les r\u00e9sultats d\u2019un nouveau sondage d\u00e9montrent un soutien sans pr\u00e9c\u00e9dent pour le secteur minier canadien et son r\u00f4le dans les technologies essentielles \u00e0 la carboneutralit\u00e9 Depuis 12 ans, l\u2019AMC collabore avec Abacus Data pour sonder l\u2019opinion de la population sur le secteur minier canadien. En 2022, le soutien atteint un sommet in\u00e9gal\u00e9 : 80 % [&hellip;]","og_url":"https:\/\/mining.ca\/fr\/sondage-dopinion-publique\/","og_site_name":"The Mining Association of Canada","article_modified_time":"2022-06-27T18:55:57+00:00","og_image":[{"width":500,"height":500,"url":"https:\/\/mining.ca\/wp-content\/uploads\/2021\/07\/Cobalt-Co.jpg","type":"image\/jpeg"}],"twitter_card":"summary_large_image","twitter_site":"@theminingstory","twitter_misc":{"Estimation du temps de lecture":"3 minutes"},"schema":{"@context":"https:\/\/schema.org","@graph":[{"@type":"WebPage","@id":"https:\/\/mining.ca\/fr\/sondage-dopinion-publique\/","url":"https:\/\/mining.ca\/fr\/sondage-dopinion-publique\/","name":"Sondage d'opinion publique - The Mining Association of Canada","isPartOf":{"@id":"https:\/\/mining.ca\/fr\/#website"},"primaryImageOfPage":{"@id":"https:\/\/mining.ca\/fr\/sondage-dopinion-publique\/#primaryimage"},"image":{"@id":"https:\/\/mining.ca\/fr\/sondage-dopinion-publique\/#primaryimage"},"thumbnailUrl":"https:\/\/mining.ca\/wp-content\/uploads\/2021\/07\/Cobalt-Co.jpg","datePublished":"2022-06-23T13:20:29+00:00","dateModified":"2022-06-27T18:55:57+00:00","breadcrumb":{"@id":"https:\/\/mining.ca\/fr\/sondage-dopinion-publique\/#breadcrumb"},"inLanguage":"fr-CA","potentialAction":[{"@type":"ReadAction","target":["https:\/\/mining.ca\/fr\/sondage-dopinion-publique\/"]}]},{"@type":"ImageObject","inLanguage":"fr-CA","@id":"https:\/\/mining.ca\/fr\/sondage-dopinion-publique\/#primaryimage","url":"https:\/\/mining.ca\/wp-content\/uploads\/2021\/07\/Cobalt-Co.jpg","contentUrl":"https:\/\/mining.ca\/wp-content\/uploads\/2021\/07\/Cobalt-Co.jpg","width":500,"height":500},{"@type":"BreadcrumbList","@id":"https:\/\/mining.ca\/fr\/sondage-dopinion-publique\/#breadcrumb","itemListElement":[{"@type":"ListItem","position":1,"name":"Home","item":"https:\/\/mining.ca\/fr\/"},{"@type":"ListItem","position":2,"name":"Sondage d&#8217;opinion publique"}]},{"@type":"WebSite","@id":"https:\/\/mining.ca\/fr\/#website","url":"https:\/\/mining.ca\/fr\/","name":"The Mining Association of Canada","description":"The voice of the Canadian Mining Industry since 1935","publisher":{"@id":"https:\/\/mining.ca\/fr\/#organization"},"potentialAction":[{"@type":"SearchAction","target":{"@type":"EntryPoint","urlTemplate":"https:\/\/mining.ca\/fr\/?s={search_term_string}"},"query-input":{"@type":"PropertyValueSpecification","valueRequired":true,"valueName":"search_term_string"}}],"inLanguage":"fr-CA"},{"@type":"Organization","@id":"https:\/\/mining.ca\/fr\/#organization","name":"The Mining Association of Canada","url":"https:\/\/mining.ca\/fr\/","logo":{"@type":"ImageObject","inLanguage":"fr-CA","@id":"https:\/\/mining.ca\/fr\/#\/schema\/logo\/image\/","url":"https:\/\/mining.ca\/wp-content\/uploads\/2021\/02\/cropped-logo.png","contentUrl":"https:\/\/mining.ca\/wp-content\/uploads\/2021\/02\/cropped-logo.png","width":905,"height":423,"caption":"The Mining Association of Canada"},"image":{"@id":"https:\/\/mining.ca\/fr\/#\/schema\/logo\/image\/"},"sameAs":["https:\/\/x.com\/theminingstory","https:\/\/ca.linkedin.com\/company\/mining-association-of-canada"]}]}},"_links":{"self":[{"href":"https:\/\/mining.ca\/fr\/wp-json\/wp\/v2\/pages\/37971","targetHints":{"allow":["GET"]}}],"collection":[{"href":"https:\/\/mining.ca\/fr\/wp-json\/wp\/v2\/pages"}],"about":[{"href":"https:\/\/mining.ca\/fr\/wp-json\/wp\/v2\/types\/page"}],"author":[{"embeddable":true,"href":"https:\/\/mining.ca\/fr\/wp-json\/wp\/v2\/users\/1"}],"replies":[{"embeddable":true,"href":"https:\/\/mining.ca\/fr\/wp-json\/wp\/v2\/comments?post=37971"}],"version-history":[{"count":5,"href":"https:\/\/mining.ca\/fr\/wp-json\/wp\/v2\/pages\/37971\/revisions"}],"predecessor-version":[{"id":38017,"href":"https:\/\/mining.ca\/fr\/wp-json\/wp\/v2\/pages\/37971\/revisions\/38017"}],"wp:featuredmedia":[{"embeddable":true,"href":"https:\/\/mining.ca\/fr\/wp-json\/wp\/v2\/media\/6166"}],"wp:attachment":[{"href":"https:\/\/mining.ca\/fr\/wp-json\/wp\/v2\/media?parent=37971"}],"curies":[{"name":"wp","href":"https:\/\/api.w.org\/{rel}","templated":true}]}}