{"id":38460,"date":"2022-08-05T14:42:27","date_gmt":"2022-08-05T18:42:27","guid":{"rendered":"https:\/\/mining.ca\/?page_id=38460"},"modified":"2024-06-13T12:55:11","modified_gmt":"2024-06-13T16:55:11","slug":"opportunites-pour-commentaires-publics","status":"publish","type":"page","link":"https:\/\/mining.ca\/fr\/vers-le-developpement-minier-durable\/deroulement-de-linitiative-vdmd\/opportunites-pour-commentaires-publics\/","title":{"rendered":"Opportunit\u00e9s pour commentaires publics"},"content":{"rendered":"\t\t<div data-elementor-type=\"wp-page\" data-elementor-id=\"38460\" class=\"elementor elementor-38460 elementor-36454\" data-elementor-post-type=\"page\">\n\t\t\t\t\t\t<section class=\"elementor-section elementor-top-section elementor-element elementor-element-91341c5 elementor-section-boxed elementor-section-height-default elementor-section-height-default\" data-id=\"91341c5\" data-element_type=\"section\" data-e-type=\"section\" data-settings=\"{&quot;jet_parallax_layout_list&quot;:[]}\">\n\t\t\t\t\t\t<div class=\"elementor-container elementor-column-gap-default\">\n\t\t\t\t\t<div class=\"elementor-column elementor-col-100 elementor-top-column elementor-element elementor-element-45df75fd\" data-id=\"45df75fd\" data-element_type=\"column\" data-e-type=\"column\">\n\t\t\t<div class=\"elementor-widget-wrap elementor-element-populated\">\n\t\t\t\t\t\t<div class=\"elementor-element elementor-element-773cba37 elementor-widget elementor-widget-text-editor\" data-id=\"773cba37\" data-element_type=\"widget\" data-e-type=\"widget\" data-widget_type=\"text-editor.default\">\n\t\t\t\t<div class=\"elementor-widget-container\">\n\t\t\t\t\t\t\t\t\t<p><strong>Opportunit\u00e9s de commentaires publics<\/strong><\/p>\n<p>L\u2019Association mini\u00e8re du Canada (AMC) dirige actuellement l\u2019\u00e9laboration d\u2019une nouvelle norme sur les milieux de travail inclusifs et respectueux dans le cadre de l\u2019initiative <em>Vers le d\u00e9veloppement minier durable <\/em>(TSM). Ce projet de protocole est \u00e9labor\u00e9 en collaboration avec le Minerals Council of Australia et ses membres, avec le soutien d\u2019autres associations partenaires de l\u2019initiative&nbsp;<em>TSM<\/em>. L\u2019AMC s\u2019est appuy\u00e9e sur les commentaires de ses membres, du Groupe des communaut\u00e9s d\u2019int\u00e9r\u00eats et de nombreux experts et praticiens renomm\u00e9s. L\u2019AMC&nbsp;encourage tous ceux qui s\u2019int\u00e9ressent aux milieux de travail du secteur minier \u00e0 lire les \u00e9bauches de documents ci-jointes et \u00e0 envoyer leurs commentaires \u00e0 <a href=\"mailto:tsm@mining.ca\">tsm@mining.ca<\/a> d\u2019ici le <span style=\"text-decoration: underline;\">15&nbsp;septembre<\/span>. T\u00e9l\u00e9chargez les projets <a href=\"https:\/\/mining.ca\/fr\/\/download\/38455\/\">ici<\/a>.<\/p>\n<p>L\u2019Association mini\u00e8re du Canada (AMC) propose des r\u00e9visions mineures du <a href=\"https:\/\/mining.ca\/fr\/ressources\/guides-manuels\/protocole-de-la-planification-de-la-gestion-de-crises-et-des-communications\/\"><em>protocole VDMD de planification de la gestion de crises et des communications<\/em><\/a>. Les commentaires de toute personne ou entreprise concern\u00e9e par ce protocole sont les bienvenus d\u2019ici le <u>15 septembre 2022<\/u>. T\u00e9l\u00e9chargez le projet<a href=\"https:\/\/mining.ca\/fr\/\/download\/38470\/\"> ici<\/a>.<\/p>\t\t\t\t\t\t\t\t<\/div>\n\t\t\t\t<\/div>\n\t\t\t\t\t<\/div>\n\t\t<\/div>\n\t\t\t\t\t<\/div>\n\t\t<\/section>\n\t\t\t\t<\/div>\n\t\t","protected":false},"excerpt":{"rendered":"<p>Opportunit\u00e9s de commentaires publics L\u2019Association mini\u00e8re du Canada (AMC) dirige actuellement l\u2019\u00e9laboration d\u2019une nouvelle norme sur les milieux de travail inclusifs et respectueux dans le cadre de l\u2019initiative Vers le d\u00e9veloppement minier durable (TSM). Ce projet de protocole est \u00e9labor\u00e9 en collaboration avec le Minerals Council of Australia et ses membres, avec le soutien d\u2019autres [&hellip;]<\/p>\n","protected":false},"author":1,"featured_media":0,"parent":26529,"menu_order":3,"comment_status":"closed","ping_status":"closed","template":"","meta":{"_acf_changed":false,"footnotes":"","_links_to":"","_links_to_target":""},"class_list":["post-38460","page","type-page","status-publish","hentry"],"acf":[],"yoast_head":"<!-- This site is optimized with the Yoast SEO plugin v27.4 - https:\/\/yoast.com\/product\/yoast-seo-wordpress\/ -->\n<title>Opportunit\u00e9s pour commentaires publics - The Mining Association of Canada<\/title>\n<meta name=\"robots\" content=\"index, follow, max-snippet:-1, max-image-preview:large, max-video-preview:-1\" \/>\n<link rel=\"canonical\" href=\"https:\/\/mining.ca\/fr\/vers-le-developpement-minier-durable\/deroulement-de-linitiative-vdmd\/opportunites-pour-commentaires-publics\/\" \/>\n<meta property=\"og:locale\" content=\"fr_CA\" \/>\n<meta property=\"og:type\" content=\"article\" \/>\n<meta property=\"og:title\" content=\"Opportunit\u00e9s pour commentaires publics - The Mining Association of Canada\" \/>\n<meta property=\"og:description\" content=\"Opportunit\u00e9s de commentaires publics L\u2019Association mini\u00e8re du Canada (AMC) dirige actuellement l\u2019\u00e9laboration d\u2019une nouvelle norme sur les milieux de travail inclusifs et respectueux dans le cadre de l\u2019initiative Vers le d\u00e9veloppement minier durable (TSM). Ce projet de protocole est \u00e9labor\u00e9 en collaboration avec le Minerals Council of Australia et ses membres, avec le soutien d\u2019autres [&hellip;]\" \/>\n<meta property=\"og:url\" content=\"https:\/\/mining.ca\/fr\/vers-le-developpement-minier-durable\/deroulement-de-linitiative-vdmd\/opportunites-pour-commentaires-publics\/\" \/>\n<meta property=\"og:site_name\" content=\"The Mining Association of Canada\" \/>\n<meta property=\"article:modified_time\" content=\"2024-06-13T16:55:11+00:00\" \/>\n<meta name=\"twitter:card\" content=\"summary_large_image\" \/>\n<meta name=\"twitter:site\" content=\"@theminingstory\" \/>\n<meta name=\"twitter:label1\" content=\"Estimation du temps de lecture\" \/>\n\t<meta name=\"twitter:data1\" content=\"1 minute\" \/>\n<script type=\"application\/ld+json\" class=\"yoast-schema-graph\">{\"@context\":\"https:\\\/\\\/schema.org\",\"@graph\":[{\"@type\":\"WebPage\",\"@id\":\"https:\\\/\\\/mining.ca\\\/fr\\\/vers-le-developpement-minier-durable\\\/deroulement-de-linitiative-vdmd\\\/opportunites-pour-commentaires-publics\\\/\",\"url\":\"https:\\\/\\\/mining.ca\\\/fr\\\/vers-le-developpement-minier-durable\\\/deroulement-de-linitiative-vdmd\\\/opportunites-pour-commentaires-publics\\\/\",\"name\":\"Opportunit\u00e9s pour commentaires publics - The Mining Association of Canada\",\"isPartOf\":{\"@id\":\"https:\\\/\\\/mining.ca\\\/fr\\\/#website\"},\"datePublished\":\"2022-08-05T18:42:27+00:00\",\"dateModified\":\"2024-06-13T16:55:11+00:00\",\"breadcrumb\":{\"@id\":\"https:\\\/\\\/mining.ca\\\/fr\\\/vers-le-developpement-minier-durable\\\/deroulement-de-linitiative-vdmd\\\/opportunites-pour-commentaires-publics\\\/#breadcrumb\"},\"inLanguage\":\"fr-CA\",\"potentialAction\":[{\"@type\":\"ReadAction\",\"target\":[\"https:\\\/\\\/mining.ca\\\/fr\\\/vers-le-developpement-minier-durable\\\/deroulement-de-linitiative-vdmd\\\/opportunites-pour-commentaires-publics\\\/\"]}]},{\"@type\":\"BreadcrumbList\",\"@id\":\"https:\\\/\\\/mining.ca\\\/fr\\\/vers-le-developpement-minier-durable\\\/deroulement-de-linitiative-vdmd\\\/opportunites-pour-commentaires-publics\\\/#breadcrumb\",\"itemListElement\":[{\"@type\":\"ListItem\",\"position\":1,\"name\":\"Home\",\"item\":\"https:\\\/\\\/mining.ca\\\/fr\\\/\"},{\"@type\":\"ListItem\",\"position\":2,\"name\":\"Vers le d\u00e9veloppement minier durable\",\"item\":\"https:\\\/\\\/mining.ca\\\/fr\\\/vers-le-developpement-minier-durable\\\/\"},{\"@type\":\"ListItem\",\"position\":3,\"name\":\"D\u00e9roulement de l\u2019initiative TSM\",\"item\":\"https:\\\/\\\/mining.ca\\\/fr\\\/vers-le-developpement-minier-durable\\\/deroulement-de-linitiative-vdmd\\\/\"},{\"@type\":\"ListItem\",\"position\":4,\"name\":\"Opportunit\u00e9s pour commentaires publics\"}]},{\"@type\":\"WebSite\",\"@id\":\"https:\\\/\\\/mining.ca\\\/fr\\\/#website\",\"url\":\"https:\\\/\\\/mining.ca\\\/fr\\\/\",\"name\":\"The Mining Association of Canada\",\"description\":\"The voice of the Canadian Mining Industry since 1935\",\"publisher\":{\"@id\":\"https:\\\/\\\/mining.ca\\\/fr\\\/#organization\"},\"potentialAction\":[{\"@type\":\"SearchAction\",\"target\":{\"@type\":\"EntryPoint\",\"urlTemplate\":\"https:\\\/\\\/mining.ca\\\/fr\\\/?s={search_term_string}\"},\"query-input\":{\"@type\":\"PropertyValueSpecification\",\"valueRequired\":true,\"valueName\":\"search_term_string\"}}],\"inLanguage\":\"fr-CA\"},{\"@type\":\"Organization\",\"@id\":\"https:\\\/\\\/mining.ca\\\/fr\\\/#organization\",\"name\":\"The Mining Association of Canada\",\"url\":\"https:\\\/\\\/mining.ca\\\/fr\\\/\",\"logo\":{\"@type\":\"ImageObject\",\"inLanguage\":\"fr-CA\",\"@id\":\"https:\\\/\\\/mining.ca\\\/fr\\\/#\\\/schema\\\/logo\\\/image\\\/\",\"url\":\"https:\\\/\\\/mining.ca\\\/wp-content\\\/uploads\\\/2021\\\/02\\\/cropped-logo.png\",\"contentUrl\":\"https:\\\/\\\/mining.ca\\\/wp-content\\\/uploads\\\/2021\\\/02\\\/cropped-logo.png\",\"width\":905,\"height\":423,\"caption\":\"The Mining Association of Canada\"},\"image\":{\"@id\":\"https:\\\/\\\/mining.ca\\\/fr\\\/#\\\/schema\\\/logo\\\/image\\\/\"},\"sameAs\":[\"https:\\\/\\\/x.com\\\/theminingstory\",\"https:\\\/\\\/ca.linkedin.com\\\/company\\\/mining-association-of-canada\"]}]}<\/script>\n<!-- \/ Yoast SEO plugin. -->","yoast_head_json":{"title":"Opportunit\u00e9s pour commentaires publics - The Mining Association of Canada","robots":{"index":"index","follow":"follow","max-snippet":"max-snippet:-1","max-image-preview":"max-image-preview:large","max-video-preview":"max-video-preview:-1"},"canonical":"https:\/\/mining.ca\/fr\/vers-le-developpement-minier-durable\/deroulement-de-linitiative-vdmd\/opportunites-pour-commentaires-publics\/","og_locale":"fr_CA","og_type":"article","og_title":"Opportunit\u00e9s pour commentaires publics - The Mining Association of Canada","og_description":"Opportunit\u00e9s de commentaires publics L\u2019Association mini\u00e8re du Canada (AMC) dirige actuellement l\u2019\u00e9laboration d\u2019une nouvelle norme sur les milieux de travail inclusifs et respectueux dans le cadre de l\u2019initiative Vers le d\u00e9veloppement minier durable (TSM). Ce projet de protocole est \u00e9labor\u00e9 en collaboration avec le Minerals Council of Australia et ses membres, avec le soutien d\u2019autres [&hellip;]","og_url":"https:\/\/mining.ca\/fr\/vers-le-developpement-minier-durable\/deroulement-de-linitiative-vdmd\/opportunites-pour-commentaires-publics\/","og_site_name":"The Mining Association of Canada","article_modified_time":"2024-06-13T16:55:11+00:00","twitter_card":"summary_large_image","twitter_site":"@theminingstory","twitter_misc":{"Estimation du temps de lecture":"1 minute"},"schema":{"@context":"https:\/\/schema.org","@graph":[{"@type":"WebPage","@id":"https:\/\/mining.ca\/fr\/vers-le-developpement-minier-durable\/deroulement-de-linitiative-vdmd\/opportunites-pour-commentaires-publics\/","url":"https:\/\/mining.ca\/fr\/vers-le-developpement-minier-durable\/deroulement-de-linitiative-vdmd\/opportunites-pour-commentaires-publics\/","name":"Opportunit\u00e9s pour commentaires publics - The Mining Association of Canada","isPartOf":{"@id":"https:\/\/mining.ca\/fr\/#website"},"datePublished":"2022-08-05T18:42:27+00:00","dateModified":"2024-06-13T16:55:11+00:00","breadcrumb":{"@id":"https:\/\/mining.ca\/fr\/vers-le-developpement-minier-durable\/deroulement-de-linitiative-vdmd\/opportunites-pour-commentaires-publics\/#breadcrumb"},"inLanguage":"fr-CA","potentialAction":[{"@type":"ReadAction","target":["https:\/\/mining.ca\/fr\/vers-le-developpement-minier-durable\/deroulement-de-linitiative-vdmd\/opportunites-pour-commentaires-publics\/"]}]},{"@type":"BreadcrumbList","@id":"https:\/\/mining.ca\/fr\/vers-le-developpement-minier-durable\/deroulement-de-linitiative-vdmd\/opportunites-pour-commentaires-publics\/#breadcrumb","itemListElement":[{"@type":"ListItem","position":1,"name":"Home","item":"https:\/\/mining.ca\/fr\/"},{"@type":"ListItem","position":2,"name":"Vers le d\u00e9veloppement minier durable","item":"https:\/\/mining.ca\/fr\/vers-le-developpement-minier-durable\/"},{"@type":"ListItem","position":3,"name":"D\u00e9roulement de l\u2019initiative TSM","item":"https:\/\/mining.ca\/fr\/vers-le-developpement-minier-durable\/deroulement-de-linitiative-vdmd\/"},{"@type":"ListItem","position":4,"name":"Opportunit\u00e9s pour commentaires publics"}]},{"@type":"WebSite","@id":"https:\/\/mining.ca\/fr\/#website","url":"https:\/\/mining.ca\/fr\/","name":"The Mining Association of Canada","description":"The voice of the Canadian Mining Industry since 1935","publisher":{"@id":"https:\/\/mining.ca\/fr\/#organization"},"potentialAction":[{"@type":"SearchAction","target":{"@type":"EntryPoint","urlTemplate":"https:\/\/mining.ca\/fr\/?s={search_term_string}"},"query-input":{"@type":"PropertyValueSpecification","valueRequired":true,"valueName":"search_term_string"}}],"inLanguage":"fr-CA"},{"@type":"Organization","@id":"https:\/\/mining.ca\/fr\/#organization","name":"The Mining Association of Canada","url":"https:\/\/mining.ca\/fr\/","logo":{"@type":"ImageObject","inLanguage":"fr-CA","@id":"https:\/\/mining.ca\/fr\/#\/schema\/logo\/image\/","url":"https:\/\/mining.ca\/wp-content\/uploads\/2021\/02\/cropped-logo.png","contentUrl":"https:\/\/mining.ca\/wp-content\/uploads\/2021\/02\/cropped-logo.png","width":905,"height":423,"caption":"The Mining Association of Canada"},"image":{"@id":"https:\/\/mining.ca\/fr\/#\/schema\/logo\/image\/"},"sameAs":["https:\/\/x.com\/theminingstory","https:\/\/ca.linkedin.com\/company\/mining-association-of-canada"]}]}},"_links":{"self":[{"href":"https:\/\/mining.ca\/fr\/wp-json\/wp\/v2\/pages\/38460","targetHints":{"allow":["GET"]}}],"collection":[{"href":"https:\/\/mining.ca\/fr\/wp-json\/wp\/v2\/pages"}],"about":[{"href":"https:\/\/mining.ca\/fr\/wp-json\/wp\/v2\/types\/page"}],"author":[{"embeddable":true,"href":"https:\/\/mining.ca\/fr\/wp-json\/wp\/v2\/users\/1"}],"replies":[{"embeddable":true,"href":"https:\/\/mining.ca\/fr\/wp-json\/wp\/v2\/comments?post=38460"}],"version-history":[{"count":5,"href":"https:\/\/mining.ca\/fr\/wp-json\/wp\/v2\/pages\/38460\/revisions"}],"predecessor-version":[{"id":49000,"href":"https:\/\/mining.ca\/fr\/wp-json\/wp\/v2\/pages\/38460\/revisions\/49000"}],"up":[{"embeddable":true,"href":"https:\/\/mining.ca\/fr\/wp-json\/wp\/v2\/pages\/26529"}],"wp:attachment":[{"href":"https:\/\/mining.ca\/fr\/wp-json\/wp\/v2\/media?parent=38460"}],"curies":[{"name":"wp","href":"https:\/\/api.w.org\/{rel}","templated":true}]}}