{"id":45414,"date":"2025-02-14T13:48:45","date_gmt":"2025-02-14T18:48:45","guid":{"rendered":"https:\/\/mining.ca\/?page_id=45414"},"modified":"2026-05-02T10:59:26","modified_gmt":"2026-05-02T14:59:26","slug":"formation","status":"publish","type":"page","link":"https:\/\/mining.ca\/fr\/vers-le-developpement-minier-durable\/formation\/","title":{"rendered":"Formation"},"content":{"rendered":"\t\t<div data-elementor-type=\"wp-page\" data-elementor-id=\"45414\" class=\"elementor elementor-45414 elementor-45413\" data-elementor-post-type=\"page\">\n\t\t\t\t\t\t<section class=\"elementor-section elementor-top-section elementor-element elementor-element-d3ba012 elementor-section-boxed elementor-section-height-default elementor-section-height-default\" data-id=\"d3ba012\" data-element_type=\"section\" data-e-type=\"section\" data-settings=\"{&quot;jet_parallax_layout_list&quot;:[{&quot;jet_parallax_layout_image&quot;:{&quot;url&quot;:&quot;&quot;,&quot;id&quot;:&quot;&quot;,&quot;size&quot;:&quot;&quot;},&quot;_id&quot;:&quot;6a9bc7d&quot;,&quot;jet_parallax_layout_image_tablet&quot;:{&quot;url&quot;:&quot;&quot;,&quot;id&quot;:&quot;&quot;,&quot;size&quot;:&quot;&quot;},&quot;jet_parallax_layout_image_mobile&quot;:{&quot;url&quot;:&quot;&quot;,&quot;id&quot;:&quot;&quot;,&quot;size&quot;:&quot;&quot;},&quot;jet_parallax_layout_speed&quot;:{&quot;unit&quot;:&quot;%&quot;,&quot;size&quot;:50,&quot;sizes&quot;:[]},&quot;jet_parallax_layout_type&quot;:&quot;scroll&quot;,&quot;jet_parallax_layout_direction&quot;:&quot;1&quot;,&quot;jet_parallax_layout_fx_direction&quot;:null,&quot;jet_parallax_layout_z_index&quot;:&quot;&quot;,&quot;jet_parallax_layout_bg_x&quot;:50,&quot;jet_parallax_layout_bg_x_tablet&quot;:&quot;&quot;,&quot;jet_parallax_layout_bg_x_mobile&quot;:&quot;&quot;,&quot;jet_parallax_layout_bg_y&quot;:50,&quot;jet_parallax_layout_bg_y_tablet&quot;:&quot;&quot;,&quot;jet_parallax_layout_bg_y_mobile&quot;:&quot;&quot;,&quot;jet_parallax_layout_bg_size&quot;:&quot;auto&quot;,&quot;jet_parallax_layout_bg_size_tablet&quot;:&quot;&quot;,&quot;jet_parallax_layout_bg_size_mobile&quot;:&quot;&quot;,&quot;jet_parallax_layout_animation_prop&quot;:&quot;transform&quot;,&quot;jet_parallax_layout_on&quot;:[&quot;desktop&quot;,&quot;tablet&quot;]}]}\">\n\t\t\t\t\t\t<div class=\"elementor-container elementor-column-gap-default\">\n\t\t\t\t\t<div class=\"elementor-column elementor-col-100 elementor-top-column elementor-element elementor-element-0e7d40e\" data-id=\"0e7d40e\" data-element_type=\"column\" data-e-type=\"column\">\n\t\t\t<div class=\"elementor-widget-wrap elementor-element-populated\">\n\t\t\t\t\t\t<div class=\"elementor-element elementor-element-11c91a4 elementor-widget-tablet__width-initial elementor-widget elementor-widget-text-editor\" data-id=\"11c91a4\" data-element_type=\"widget\" data-e-type=\"widget\" data-widget_type=\"text-editor.default\">\n\t\t\t\t<div class=\"elementor-widget-container\">\n\t\t\t\t\t\t\t\t\t<p><span style=\"color: var( --e-global-color-9f37f9f ); font-family: var( --e-global-typography-56535c6-font-family ), Sans-serif; font-size: var( --e-global-typography-56535c6-font-size ); font-weight: var( --e-global-typography-56535c6-font-weight ); letter-spacing: var( --e-global-typography-56535c6-letter-spacing ); word-spacing: var( --e-global-typography-56535c6-word-spacing );\">S\u00e9ances de formation \u00e0 venir<\/span><\/p>\n<p>Si vous souhaitez participer \u00e0 une future session de formation TSM, <a href=\"https:\/\/www.surveymonkey.com\/r\/LHTMBCW\">veuillez vous inscrire ici<\/a> et nous vous contacterons lorsque la prochaine session sera programm\u00e9e. Des possibilit\u00e9s de formation pour les fournisseurs d&rsquo;assurance sont pr\u00e9vues pour septembre et d\u00e9cembre 2025. Des s\u00e9ances de formation peuvent \u00e9galement \u00eatre organis\u00e9es en r\u00e9ponse aux domaines th\u00e9matiques fr\u00e9quemment demand\u00e9s dans le formulaire d&rsquo;inscription. Entre-temps, les modules de formation en ligne TSM sont disponibles au lien ci-dessous.<\/p>\n<h2>Formation en ligne<\/h2>\n<p>Si vous \u00eates une entreprise \u00e0 la recherche d&rsquo;une formation TSM, vos employ\u00e9s peuvent acc\u00e9der au programme de formation TSM en ligne ici : <a href=\"https:\/\/learn.vubiz.com\/ChAccess\/tmac\/Default_FR.asp\" target=\"_blank\" rel=\"noopener\"><strong>Site de formation en ligne.<\/strong><\/a><\/p>\n<p>Les membres de l\u2019AMC et de certaines autres associations mini\u00e8res nationales peuvent acc\u00e9der gratuitement \u00e0 cette plateforme en utilisant leur adresse courriel d\u2019entreprise. Si vous avez besoin d&rsquo;une formation suppl\u00e9mentaire au-del\u00e0 de celle offerte sur la plateforme de formation en ligne, veuillez contacter le MAC pour plus d&rsquo;informations. Si vous souhaitez participer \u00e0 un programme de formation TSM \u00e0 d\u2019autres fins (par exemple, consultation, sensibilisation g\u00e9n\u00e9rale), vous \u00eates invit\u00e9s \u00e0 vous inscrire au programme de formation en ligne ou \u00e0 la s\u00e9ance de formation virtuelle facilit\u00e9e, indiqu\u00e9e ci-dessus.<\/p>\n<p>Si vous avez un contrat urgent pour une v\u00e9rification TSM avant la prochaine session pr\u00e9vue, vous pouvez suivre la formation en ligne ci-dessus et contacter le MAC pour organiser une conversation de suivi avec le facilitateur de la formation. Vous devez fournir la preuve d\u2019un contrat pour utiliser cette option de formation en dehors du programme annuel de formation des v\u00e9rificateurs.<\/p>\t\t\t\t\t\t\t\t<\/div>\n\t\t\t\t<\/div>\n\t\t\t\t\t<\/div>\n\t\t<\/div>\n\t\t\t\t\t<\/div>\n\t\t<\/section>\n\t\t\t\t<\/div>\n\t\t","protected":false},"excerpt":{"rendered":"<p>S\u00e9ances de formation \u00e0 venir Si vous souhaitez participer \u00e0 une future session de formation TSM, veuillez vous inscrire ici et nous vous contacterons lorsque la prochaine session sera programm\u00e9e. Des possibilit\u00e9s de formation pour les fournisseurs d&rsquo;assurance sont pr\u00e9vues pour septembre et d\u00e9cembre 2025. Des s\u00e9ances de formation peuvent \u00e9galement \u00eatre organis\u00e9es en r\u00e9ponse [&hellip;]<\/p>\n","protected":false},"author":1,"featured_media":0,"parent":26521,"menu_order":3,"comment_status":"closed","ping_status":"closed","template":"","meta":{"_acf_changed":false,"footnotes":"","_links_to":"","_links_to_target":""},"class_list":["post-45414","page","type-page","status-publish","hentry"],"acf":[],"yoast_head":"<!-- This site is optimized with the Yoast SEO plugin v27.6 - https:\/\/yoast.com\/product\/yoast-seo-wordpress\/ -->\n<title>Formation - The Mining Association of Canada<\/title>\n<meta name=\"robots\" content=\"index, follow, max-snippet:-1, max-image-preview:large, max-video-preview:-1\" \/>\n<link rel=\"canonical\" href=\"https:\/\/mining.ca\/fr\/vers-le-developpement-minier-durable\/formation\/\" \/>\n<meta property=\"og:locale\" content=\"fr_CA\" \/>\n<meta property=\"og:type\" content=\"article\" \/>\n<meta property=\"og:title\" content=\"Formation - The Mining Association of Canada\" \/>\n<meta property=\"og:description\" content=\"S\u00e9ances de formation \u00e0 venir Si vous souhaitez participer \u00e0 une future session de formation TSM, veuillez vous inscrire ici et nous vous contacterons lorsque la prochaine session sera programm\u00e9e. Des possibilit\u00e9s de formation pour les fournisseurs d&rsquo;assurance sont pr\u00e9vues pour septembre et d\u00e9cembre 2025. Des s\u00e9ances de formation peuvent \u00e9galement \u00eatre organis\u00e9es en r\u00e9ponse [&hellip;]\" \/>\n<meta property=\"og:url\" content=\"https:\/\/mining.ca\/fr\/vers-le-developpement-minier-durable\/formation\/\" \/>\n<meta property=\"og:site_name\" content=\"The Mining Association of Canada\" \/>\n<meta property=\"article:modified_time\" content=\"2026-05-02T14:59:26+00:00\" \/>\n<meta name=\"twitter:card\" content=\"summary_large_image\" \/>\n<meta name=\"twitter:site\" content=\"@theminingstory\" \/>\n<meta name=\"twitter:label1\" content=\"Estimation du temps de lecture\" \/>\n\t<meta name=\"twitter:data1\" content=\"2 minutes\" \/>\n<script type=\"application\/ld+json\" class=\"yoast-schema-graph\">{\"@context\":\"https:\\\/\\\/schema.org\",\"@graph\":[{\"@type\":\"WebPage\",\"@id\":\"https:\\\/\\\/mining.ca\\\/fr\\\/vers-le-developpement-minier-durable\\\/formation\\\/\",\"url\":\"https:\\\/\\\/mining.ca\\\/fr\\\/vers-le-developpement-minier-durable\\\/formation\\\/\",\"name\":\"Formation - The Mining Association of Canada\",\"isPartOf\":{\"@id\":\"https:\\\/\\\/mining.ca\\\/fr\\\/#website\"},\"datePublished\":\"2025-02-14T18:48:45+00:00\",\"dateModified\":\"2026-05-02T14:59:26+00:00\",\"breadcrumb\":{\"@id\":\"https:\\\/\\\/mining.ca\\\/fr\\\/vers-le-developpement-minier-durable\\\/formation\\\/#breadcrumb\"},\"inLanguage\":\"fr-CA\",\"potentialAction\":[{\"@type\":\"ReadAction\",\"target\":[\"https:\\\/\\\/mining.ca\\\/fr\\\/vers-le-developpement-minier-durable\\\/formation\\\/\"]}]},{\"@type\":\"BreadcrumbList\",\"@id\":\"https:\\\/\\\/mining.ca\\\/fr\\\/vers-le-developpement-minier-durable\\\/formation\\\/#breadcrumb\",\"itemListElement\":[{\"@type\":\"ListItem\",\"position\":1,\"name\":\"Home\",\"item\":\"https:\\\/\\\/mining.ca\\\/fr\\\/\"},{\"@type\":\"ListItem\",\"position\":2,\"name\":\"Vers le d\u00e9veloppement minier durable\",\"item\":\"https:\\\/\\\/mining.ca\\\/fr\\\/vers-le-developpement-minier-durable\\\/\"},{\"@type\":\"ListItem\",\"position\":3,\"name\":\"Formation\"}]},{\"@type\":\"WebSite\",\"@id\":\"https:\\\/\\\/mining.ca\\\/fr\\\/#website\",\"url\":\"https:\\\/\\\/mining.ca\\\/fr\\\/\",\"name\":\"The Mining Association of Canada\",\"description\":\"The voice of the Canadian Mining Industry since 1935\",\"publisher\":{\"@id\":\"https:\\\/\\\/mining.ca\\\/fr\\\/#organization\"},\"potentialAction\":[{\"@type\":\"SearchAction\",\"target\":{\"@type\":\"EntryPoint\",\"urlTemplate\":\"https:\\\/\\\/mining.ca\\\/fr\\\/?s={search_term_string}\"},\"query-input\":{\"@type\":\"PropertyValueSpecification\",\"valueRequired\":true,\"valueName\":\"search_term_string\"}}],\"inLanguage\":\"fr-CA\"},{\"@type\":\"Organization\",\"@id\":\"https:\\\/\\\/mining.ca\\\/fr\\\/#organization\",\"name\":\"The Mining Association of Canada\",\"url\":\"https:\\\/\\\/mining.ca\\\/fr\\\/\",\"logo\":{\"@type\":\"ImageObject\",\"inLanguage\":\"fr-CA\",\"@id\":\"https:\\\/\\\/mining.ca\\\/fr\\\/#\\\/schema\\\/logo\\\/image\\\/\",\"url\":\"https:\\\/\\\/mining.ca\\\/wp-content\\\/uploads\\\/2021\\\/02\\\/cropped-logo.png\",\"contentUrl\":\"https:\\\/\\\/mining.ca\\\/wp-content\\\/uploads\\\/2021\\\/02\\\/cropped-logo.png\",\"width\":905,\"height\":423,\"caption\":\"The Mining Association of Canada\"},\"image\":{\"@id\":\"https:\\\/\\\/mining.ca\\\/fr\\\/#\\\/schema\\\/logo\\\/image\\\/\"},\"sameAs\":[\"https:\\\/\\\/x.com\\\/theminingstory\",\"https:\\\/\\\/ca.linkedin.com\\\/company\\\/mining-association-of-canada\"]}]}<\/script>\n<!-- \/ Yoast SEO plugin. -->","yoast_head_json":{"title":"Formation - The Mining Association of Canada","robots":{"index":"index","follow":"follow","max-snippet":"max-snippet:-1","max-image-preview":"max-image-preview:large","max-video-preview":"max-video-preview:-1"},"canonical":"https:\/\/mining.ca\/fr\/vers-le-developpement-minier-durable\/formation\/","og_locale":"fr_CA","og_type":"article","og_title":"Formation - The Mining Association of Canada","og_description":"S\u00e9ances de formation \u00e0 venir Si vous souhaitez participer \u00e0 une future session de formation TSM, veuillez vous inscrire ici et nous vous contacterons lorsque la prochaine session sera programm\u00e9e. Des possibilit\u00e9s de formation pour les fournisseurs d&rsquo;assurance sont pr\u00e9vues pour septembre et d\u00e9cembre 2025. Des s\u00e9ances de formation peuvent \u00e9galement \u00eatre organis\u00e9es en r\u00e9ponse [&hellip;]","og_url":"https:\/\/mining.ca\/fr\/vers-le-developpement-minier-durable\/formation\/","og_site_name":"The Mining Association of Canada","article_modified_time":"2026-05-02T14:59:26+00:00","twitter_card":"summary_large_image","twitter_site":"@theminingstory","twitter_misc":{"Estimation du temps de lecture":"2 minutes"},"schema":{"@context":"https:\/\/schema.org","@graph":[{"@type":"WebPage","@id":"https:\/\/mining.ca\/fr\/vers-le-developpement-minier-durable\/formation\/","url":"https:\/\/mining.ca\/fr\/vers-le-developpement-minier-durable\/formation\/","name":"Formation - The Mining Association of Canada","isPartOf":{"@id":"https:\/\/mining.ca\/fr\/#website"},"datePublished":"2025-02-14T18:48:45+00:00","dateModified":"2026-05-02T14:59:26+00:00","breadcrumb":{"@id":"https:\/\/mining.ca\/fr\/vers-le-developpement-minier-durable\/formation\/#breadcrumb"},"inLanguage":"fr-CA","potentialAction":[{"@type":"ReadAction","target":["https:\/\/mining.ca\/fr\/vers-le-developpement-minier-durable\/formation\/"]}]},{"@type":"BreadcrumbList","@id":"https:\/\/mining.ca\/fr\/vers-le-developpement-minier-durable\/formation\/#breadcrumb","itemListElement":[{"@type":"ListItem","position":1,"name":"Home","item":"https:\/\/mining.ca\/fr\/"},{"@type":"ListItem","position":2,"name":"Vers le d\u00e9veloppement minier durable","item":"https:\/\/mining.ca\/fr\/vers-le-developpement-minier-durable\/"},{"@type":"ListItem","position":3,"name":"Formation"}]},{"@type":"WebSite","@id":"https:\/\/mining.ca\/fr\/#website","url":"https:\/\/mining.ca\/fr\/","name":"The Mining Association of Canada","description":"The voice of the Canadian Mining Industry since 1935","publisher":{"@id":"https:\/\/mining.ca\/fr\/#organization"},"potentialAction":[{"@type":"SearchAction","target":{"@type":"EntryPoint","urlTemplate":"https:\/\/mining.ca\/fr\/?s={search_term_string}"},"query-input":{"@type":"PropertyValueSpecification","valueRequired":true,"valueName":"search_term_string"}}],"inLanguage":"fr-CA"},{"@type":"Organization","@id":"https:\/\/mining.ca\/fr\/#organization","name":"The Mining Association of Canada","url":"https:\/\/mining.ca\/fr\/","logo":{"@type":"ImageObject","inLanguage":"fr-CA","@id":"https:\/\/mining.ca\/fr\/#\/schema\/logo\/image\/","url":"https:\/\/mining.ca\/wp-content\/uploads\/2021\/02\/cropped-logo.png","contentUrl":"https:\/\/mining.ca\/wp-content\/uploads\/2021\/02\/cropped-logo.png","width":905,"height":423,"caption":"The Mining Association of Canada"},"image":{"@id":"https:\/\/mining.ca\/fr\/#\/schema\/logo\/image\/"},"sameAs":["https:\/\/x.com\/theminingstory","https:\/\/ca.linkedin.com\/company\/mining-association-of-canada"]}]}},"_links":{"self":[{"href":"https:\/\/mining.ca\/fr\/wp-json\/wp\/v2\/pages\/45414","targetHints":{"allow":["GET"]}}],"collection":[{"href":"https:\/\/mining.ca\/fr\/wp-json\/wp\/v2\/pages"}],"about":[{"href":"https:\/\/mining.ca\/fr\/wp-json\/wp\/v2\/types\/page"}],"author":[{"embeddable":true,"href":"https:\/\/mining.ca\/fr\/wp-json\/wp\/v2\/users\/1"}],"replies":[{"embeddable":true,"href":"https:\/\/mining.ca\/fr\/wp-json\/wp\/v2\/comments?post=45414"}],"version-history":[{"count":25,"href":"https:\/\/mining.ca\/fr\/wp-json\/wp\/v2\/pages\/45414\/revisions"}],"predecessor-version":[{"id":56191,"href":"https:\/\/mining.ca\/fr\/wp-json\/wp\/v2\/pages\/45414\/revisions\/56191"}],"up":[{"embeddable":true,"href":"https:\/\/mining.ca\/fr\/wp-json\/wp\/v2\/pages\/26521"}],"wp:attachment":[{"href":"https:\/\/mining.ca\/fr\/wp-json\/wp\/v2\/media?parent=45414"}],"curies":[{"name":"wp","href":"https:\/\/api.w.org\/{rel}","templated":true}]}}