{"id":46181,"date":"2023-11-17T15:07:57","date_gmt":"2023-11-17T20:07:57","guid":{"rendered":"https:\/\/mining.ca\/vers-le-developpement-minier-durable\/protocoles-et-cadres\/des-lieux-de-travail-equitables-diversifies-et-inclusifs\/"},"modified":"2025-12-19T13:51:00","modified_gmt":"2025-12-19T18:51:00","slug":"des-lieux-de-travail-equitables-diversifies-et-inclusifs","status":"publish","type":"page","link":"https:\/\/mining.ca\/fr\/vers-le-developpement-minier-durable\/protocoles-et-cadres\/des-lieux-de-travail-equitables-diversifies-et-inclusifs\/","title":{"rendered":"Milieux de travail \u00e9quitables, diversifi\u00e9s et inclusifs"},"content":{"rendered":"\t\t<div data-elementor-type=\"wp-page\" data-elementor-id=\"46181\" class=\"elementor elementor-46181 elementor-44881\" data-elementor-post-type=\"page\">\n\t\t\t\t\t\t<section class=\"elementor-section elementor-top-section elementor-element elementor-element-54ec5be elementor-section-boxed elementor-section-height-default elementor-section-height-default\" data-id=\"54ec5be\" data-element_type=\"section\" data-e-type=\"section\" data-settings=\"{&quot;jet_parallax_layout_list&quot;:[{&quot;jet_parallax_layout_image&quot;:{&quot;url&quot;:&quot;&quot;,&quot;id&quot;:&quot;&quot;,&quot;size&quot;:&quot;&quot;},&quot;_id&quot;:&quot;7e9da35&quot;,&quot;jet_parallax_layout_image_tablet&quot;:{&quot;url&quot;:&quot;&quot;,&quot;id&quot;:&quot;&quot;,&quot;size&quot;:&quot;&quot;},&quot;jet_parallax_layout_image_mobile&quot;:{&quot;url&quot;:&quot;&quot;,&quot;id&quot;:&quot;&quot;,&quot;size&quot;:&quot;&quot;},&quot;jet_parallax_layout_speed&quot;:{&quot;unit&quot;:&quot;%&quot;,&quot;size&quot;:50,&quot;sizes&quot;:[]},&quot;jet_parallax_layout_type&quot;:&quot;scroll&quot;,&quot;jet_parallax_layout_direction&quot;:&quot;1&quot;,&quot;jet_parallax_layout_fx_direction&quot;:null,&quot;jet_parallax_layout_z_index&quot;:&quot;&quot;,&quot;jet_parallax_layout_bg_x&quot;:50,&quot;jet_parallax_layout_bg_x_tablet&quot;:&quot;&quot;,&quot;jet_parallax_layout_bg_x_mobile&quot;:&quot;&quot;,&quot;jet_parallax_layout_bg_y&quot;:50,&quot;jet_parallax_layout_bg_y_tablet&quot;:&quot;&quot;,&quot;jet_parallax_layout_bg_y_mobile&quot;:&quot;&quot;,&quot;jet_parallax_layout_bg_size&quot;:&quot;auto&quot;,&quot;jet_parallax_layout_bg_size_tablet&quot;:&quot;&quot;,&quot;jet_parallax_layout_bg_size_mobile&quot;:&quot;&quot;,&quot;jet_parallax_layout_animation_prop&quot;:&quot;transform&quot;,&quot;jet_parallax_layout_on&quot;:[&quot;desktop&quot;,&quot;tablet&quot;]}]}\">\n\t\t\t\t\t\t<div class=\"elementor-container elementor-column-gap-default\">\n\t\t\t\t\t<div class=\"elementor-column elementor-col-100 elementor-top-column elementor-element elementor-element-e810745\" data-id=\"e810745\" data-element_type=\"column\" data-e-type=\"column\">\n\t\t\t<div class=\"elementor-widget-wrap elementor-element-populated\">\n\t\t\t\t\t\t<div class=\"elementor-element elementor-element-bce1280 elementor-widget elementor-widget-text-editor\" data-id=\"bce1280\" data-element_type=\"widget\" data-e-type=\"widget\" data-widget_type=\"text-editor.default\">\n\t\t\t\t<div class=\"elementor-widget-container\">\n\t\t\t\t\t\t\t\t\t<h3><strong>L&rsquo;\u00e9quit\u00e9, la diversit\u00e9 et l&rsquo;inclusion sont des priorit\u00e9s strat\u00e9giques et des valeurs partag\u00e9es par le secteur minier. Les membres de l&rsquo;Association mini\u00e8re du Canada (AMC) reconnaissent que les personnes sont un atout majeur et qu&rsquo;une main-d&rsquo;\u0153uvre \u00e9quitable, diversifi\u00e9e et inclusive facilite la r\u00e9solution efficace des probl\u00e8mes, la cr\u00e9ativit\u00e9 et l&rsquo;innovation. Toutes formes d&rsquo;iniquit\u00e9, de harc\u00e8lement, de discrimination, de violence ou de haine n&rsquo;ont pas leurs places dans le secteur minier.<\/strong><\/h3>\n<p>En juin 2023, les membres de l&rsquo;AMC ont adopt\u00e9 un nouveau Protocole d\u2019\u00e9valuation TSM pour des milieux de travail \u00e9quitables, diversifi\u00e9s et inclusifs &#8211; la premi\u00e8re norme compl\u00e8te du secteur minier pour soutenir l&rsquo;am\u00e9lioration continue vers ces objectifs.<\/p>\n<p>Le Protocole d\u2019\u00e9valuation TSM pour des milieux de travail \u00e9quitables, diversifi\u00e9s et inclusifs aidera les entreprises \u00e0 s&rsquo;engager largement aupr\u00e8s d&rsquo;un \u00e9chantillon repr\u00e9sentatif de personnes qui apportent des perspectives et des exp\u00e9riences diverses pour examiner, d\u00e9velopper et mettre en \u0153uvre :<\/p>\n<p>Une strat\u00e9gie d&rsquo;entreprise pour des lieux de travail \u00e9quitables, diversifi\u00e9s et inclusifs.<\/p>\n<p>Des processus visant \u00e0 favoriser une culture d&rsquo;\u00e9quit\u00e9, de diversit\u00e9 et d&rsquo;int\u00e9gration sur le lieu de travail du site minier<\/p>\n<p>Des approches pour la collecte d&rsquo;informations, l&rsquo;\u00e9tablissement de rapports et la d\u00e9finition d&rsquo;objectifs en mati\u00e8re d&rsquo;\u00e9quit\u00e9, de diversit\u00e9 et d&rsquo;inclusion sur le site minier.<\/p>\n<p>Les entreprises membres de l&rsquo;AMC pr\u00e9senteront des rapports confidentiels sur ces nouvelles exigences en 2024 et 2025, puis, pour la premi\u00e8re ann\u00e9e, des rapports publics en 2026.<\/p>\t\t\t\t\t\t\t\t<\/div>\n\t\t\t\t<\/div>\n\t\t\t\t\t<\/div>\n\t\t<\/div>\n\t\t\t\t\t<\/div>\n\t\t<\/section>\n\t\t\t\t<section class=\"elementor-section elementor-top-section elementor-element elementor-element-71c8684 elementor-section-boxed elementor-section-height-default elementor-section-height-default\" data-id=\"71c8684\" data-element_type=\"section\" data-e-type=\"section\" data-settings=\"{&quot;jet_parallax_layout_list&quot;:[{&quot;jet_parallax_layout_image&quot;:{&quot;url&quot;:&quot;&quot;,&quot;id&quot;:&quot;&quot;,&quot;size&quot;:&quot;&quot;},&quot;_id&quot;:&quot;cb42443&quot;,&quot;jet_parallax_layout_image_tablet&quot;:{&quot;url&quot;:&quot;&quot;,&quot;id&quot;:&quot;&quot;,&quot;size&quot;:&quot;&quot;},&quot;jet_parallax_layout_image_mobile&quot;:{&quot;url&quot;:&quot;&quot;,&quot;id&quot;:&quot;&quot;,&quot;size&quot;:&quot;&quot;},&quot;jet_parallax_layout_speed&quot;:{&quot;unit&quot;:&quot;%&quot;,&quot;size&quot;:50,&quot;sizes&quot;:[]},&quot;jet_parallax_layout_type&quot;:&quot;scroll&quot;,&quot;jet_parallax_layout_direction&quot;:&quot;1&quot;,&quot;jet_parallax_layout_fx_direction&quot;:null,&quot;jet_parallax_layout_z_index&quot;:&quot;&quot;,&quot;jet_parallax_layout_bg_x&quot;:50,&quot;jet_parallax_layout_bg_x_tablet&quot;:&quot;&quot;,&quot;jet_parallax_layout_bg_x_mobile&quot;:&quot;&quot;,&quot;jet_parallax_layout_bg_y&quot;:50,&quot;jet_parallax_layout_bg_y_tablet&quot;:&quot;&quot;,&quot;jet_parallax_layout_bg_y_mobile&quot;:&quot;&quot;,&quot;jet_parallax_layout_bg_size&quot;:&quot;auto&quot;,&quot;jet_parallax_layout_bg_size_tablet&quot;:&quot;&quot;,&quot;jet_parallax_layout_bg_size_mobile&quot;:&quot;&quot;,&quot;jet_parallax_layout_animation_prop&quot;:&quot;transform&quot;,&quot;jet_parallax_layout_on&quot;:[&quot;desktop&quot;,&quot;tablet&quot;]}]}\">\n\t\t\t\t\t\t<div class=\"elementor-container elementor-column-gap-default\">\n\t\t\t\t\t<div class=\"elementor-column elementor-col-33 elementor-top-column elementor-element elementor-element-520a657\" data-id=\"520a657\" data-element_type=\"column\" data-e-type=\"column\">\n\t\t\t<div class=\"elementor-widget-wrap elementor-element-populated\">\n\t\t\t\t\t\t<div class=\"elementor-element elementor-element-806c334 elementor-widget elementor-widget-image\" data-id=\"806c334\" data-element_type=\"widget\" data-e-type=\"widget\" data-settings=\"{&quot;_animation&quot;:&quot;none&quot;}\" data-widget_type=\"image.default\">\n\t\t\t\t<div class=\"elementor-widget-container\">\n\t\t\t\t\t\t\t\t\t\t\t\t\t\t\t\t<a href=\"https:\/\/mining.ca\/fr\/\/download\/48538\/?tmstv=1714397145\" target=\"_blank\">\n\t\t\t\t\t\t\t<img fetchpriority=\"high\" decoding=\"async\" width=\"791\" height=\"1024\" src=\"https:\/\/mining.ca\/wp-content\/uploads\/2024\/09\/SPARK-MAC-TSM-EDI-WORKPLACES-PROTOCOL-FR-Final_Page_01-791x1024.jpg\" class=\"attachment-large size-large wp-image-49668\" alt=\"\" srcset=\"https:\/\/mining.ca\/wp-content\/uploads\/2024\/09\/SPARK-MAC-TSM-EDI-WORKPLACES-PROTOCOL-FR-Final_Page_01-791x1024.jpg 791w, https:\/\/mining.ca\/wp-content\/uploads\/2024\/09\/SPARK-MAC-TSM-EDI-WORKPLACES-PROTOCOL-FR-Final_Page_01-232x300.jpg 232w, https:\/\/mining.ca\/wp-content\/uploads\/2024\/09\/SPARK-MAC-TSM-EDI-WORKPLACES-PROTOCOL-FR-Final_Page_01-768x994.jpg 768w, https:\/\/mining.ca\/wp-content\/uploads\/2024\/09\/SPARK-MAC-TSM-EDI-WORKPLACES-PROTOCOL-FR-Final_Page_01-1187x1536.jpg 1187w, https:\/\/mining.ca\/wp-content\/uploads\/2024\/09\/SPARK-MAC-TSM-EDI-WORKPLACES-PROTOCOL-FR-Final_Page_01.jpg 1224w\" sizes=\"(max-width: 791px) 100vw, 791px\" \/>\t\t\t\t\t\t\t\t<\/a>\n\t\t\t\t\t\t\t\t\t\t\t\t\t\t\t<\/div>\n\t\t\t\t<\/div>\n\t\t\t\t<div class=\"elementor-element elementor-element-562fa30 elementor-widget elementor-widget-heading\" data-id=\"562fa30\" data-element_type=\"widget\" data-e-type=\"widget\" data-widget_type=\"heading.default\">\n\t\t\t\t<div class=\"elementor-widget-container\">\n\t\t\t\t\t<h5 class=\"elementor-heading-title elementor-size-default\"><a href=\"\/fr\/download\/46029\/\" target=\"_blank\">T\u00e9l\u00e9charger le protocole<\/a><\/h5>\t\t\t\t<\/div>\n\t\t\t\t<\/div>\n\t\t\t\t\t<\/div>\n\t\t<\/div>\n\t\t\t\t<div class=\"elementor-column elementor-col-33 elementor-top-column elementor-element elementor-element-18f7256\" data-id=\"18f7256\" data-element_type=\"column\" data-e-type=\"column\">\n\t\t\t<div class=\"elementor-widget-wrap elementor-element-populated\">\n\t\t\t\t\t\t<div class=\"elementor-element elementor-element-9d3efdb elementor-widget elementor-widget-image\" data-id=\"9d3efdb\" data-element_type=\"widget\" data-e-type=\"widget\" data-settings=\"{&quot;_animation&quot;:&quot;none&quot;}\" data-widget_type=\"image.default\">\n\t\t\t\t<div class=\"elementor-widget-container\">\n\t\t\t\t\t\t\t\t\t\t\t\t\t\t\t\t<a href=\"\/fr\/download\/44889\/\" target=\"_blank\">\n\t\t\t\t\t\t\t<img decoding=\"async\" width=\"451\" height=\"594\" src=\"https:\/\/mining.ca\/wp-content\/uploads\/2024\/07\/edi-framework-cover.png\" class=\"attachment-large size-large wp-image-49442\" alt=\"\" srcset=\"https:\/\/mining.ca\/wp-content\/uploads\/2024\/07\/edi-framework-cover.png 451w, https:\/\/mining.ca\/wp-content\/uploads\/2024\/07\/edi-framework-cover-228x300.png 228w\" sizes=\"(max-width: 451px) 100vw, 451px\" \/>\t\t\t\t\t\t\t\t<\/a>\n\t\t\t\t\t\t\t\t\t\t\t\t\t\t\t<\/div>\n\t\t\t\t<\/div>\n\t\t\t\t<div class=\"elementor-element elementor-element-8453040 elementor-widget elementor-widget-heading\" data-id=\"8453040\" data-element_type=\"widget\" data-e-type=\"widget\" data-widget_type=\"heading.default\">\n\t\t\t\t<div class=\"elementor-widget-container\">\n\t\t\t\t\t<h5 class=\"elementor-heading-title elementor-size-default\"><a href=\"\/fr\/download\/44889\/\" target=\"_blank\">T\u00e9l\u00e9charger le cadre<\/a><\/h5>\t\t\t\t<\/div>\n\t\t\t\t<\/div>\n\t\t\t\t\t<\/div>\n\t\t<\/div>\n\t\t\t\t<div class=\"elementor-column elementor-col-33 elementor-top-column elementor-element elementor-element-411deb8\" data-id=\"411deb8\" data-element_type=\"column\" data-e-type=\"column\">\n\t\t\t<div class=\"elementor-widget-wrap elementor-element-populated\">\n\t\t\t\t\t\t<div class=\"elementor-element elementor-element-7a52f7b elementor-widget elementor-widget-image\" data-id=\"7a52f7b\" data-element_type=\"widget\" data-e-type=\"widget\" data-widget_type=\"image.default\">\n\t\t\t\t<div class=\"elementor-widget-container\">\n\t\t\t\t\t\t\t\t\t\t\t\t\t\t\t\t<a href=\"https:\/\/mining.ca\/wp-content\/uploads\/2025\/12\/EDI-Protocol-one-pager_Rev2-cw_fr-CA.pdf\">\n\t\t\t\t\t\t\t<img decoding=\"async\" width=\"465\" height=\"602\" src=\"https:\/\/mining.ca\/wp-content\/uploads\/2025\/12\/Screenshot-2025-12-19-134910-FR.png\" class=\"attachment-large size-large wp-image-54329\" alt=\"\" srcset=\"https:\/\/mining.ca\/wp-content\/uploads\/2025\/12\/Screenshot-2025-12-19-134910-FR.png 465w, https:\/\/mining.ca\/wp-content\/uploads\/2025\/12\/Screenshot-2025-12-19-134910-FR-232x300.png 232w\" sizes=\"(max-width: 465px) 100vw, 465px\" \/>\t\t\t\t\t\t\t\t<\/a>\n\t\t\t\t\t\t\t\t\t\t\t\t\t\t\t<\/div>\n\t\t\t\t<\/div>\n\t\t\t\t<div class=\"elementor-element elementor-element-45414b2 elementor-widget elementor-widget-heading\" data-id=\"45414b2\" data-element_type=\"widget\" data-e-type=\"widget\" data-widget_type=\"heading.default\">\n\t\t\t\t<div class=\"elementor-widget-container\">\n\t\t\t\t\t<h5 class=\"elementor-heading-title elementor-size-default\"><a href=\"https:\/\/mining.ca\/wp-content\/uploads\/2025\/12\/EDI-Protocol-one-pager_Rev2-cw_fr-CA.pdf\">En savoir plus sur le protocole<\/a><\/h5>\t\t\t\t<\/div>\n\t\t\t\t<\/div>\n\t\t\t\t\t<\/div>\n\t\t<\/div>\n\t\t\t\t\t<\/div>\n\t\t<\/section>\n\t\t\t\t<\/div>\n\t\t","protected":false},"excerpt":{"rendered":"<p>L&rsquo;\u00e9quit\u00e9, la diversit\u00e9 et l&rsquo;inclusion sont des priorit\u00e9s strat\u00e9giques et des valeurs partag\u00e9es par le secteur minier. Les membres de l&rsquo;Association mini\u00e8re du Canada (AMC) reconnaissent que les personnes sont un atout majeur et qu&rsquo;une main-d&rsquo;\u0153uvre \u00e9quitable, diversifi\u00e9e et inclusive facilite la r\u00e9solution efficace des probl\u00e8mes, la cr\u00e9ativit\u00e9 et l&rsquo;innovation. Toutes formes d&rsquo;iniquit\u00e9, de harc\u00e8lement, [&hellip;]<\/p>\n","protected":false},"author":1,"featured_media":0,"parent":26211,"menu_order":0,"comment_status":"closed","ping_status":"closed","template":"","meta":{"_acf_changed":false,"footnotes":"","_links_to":"","_links_to_target":""},"class_list":["post-46181","page","type-page","status-publish","hentry"],"acf":[],"yoast_head":"<!-- This site is optimized with the Yoast SEO plugin v27.3 - https:\/\/yoast.com\/product\/yoast-seo-wordpress\/ -->\n<title>Milieux de travail \u00e9quitables, diversifi\u00e9s et inclusifs - The Mining Association of Canada<\/title>\n<meta name=\"robots\" content=\"index, follow, max-snippet:-1, max-image-preview:large, max-video-preview:-1\" \/>\n<link rel=\"canonical\" href=\"https:\/\/mining.ca\/fr\/vers-le-developpement-minier-durable\/protocoles-et-cadres\/des-lieux-de-travail-equitables-diversifies-et-inclusifs\/\" \/>\n<meta property=\"og:locale\" content=\"fr_CA\" \/>\n<meta property=\"og:type\" content=\"article\" \/>\n<meta property=\"og:title\" content=\"Milieux de travail \u00e9quitables, diversifi\u00e9s et inclusifs - The Mining Association of Canada\" \/>\n<meta property=\"og:description\" content=\"L&rsquo;\u00e9quit\u00e9, la diversit\u00e9 et l&rsquo;inclusion sont des priorit\u00e9s strat\u00e9giques et des valeurs partag\u00e9es par le secteur minier. Les membres de l&rsquo;Association mini\u00e8re du Canada (AMC) reconnaissent que les personnes sont un atout majeur et qu&rsquo;une main-d&rsquo;\u0153uvre \u00e9quitable, diversifi\u00e9e et inclusive facilite la r\u00e9solution efficace des probl\u00e8mes, la cr\u00e9ativit\u00e9 et l&rsquo;innovation. Toutes formes d&rsquo;iniquit\u00e9, de harc\u00e8lement, [&hellip;]\" \/>\n<meta property=\"og:url\" content=\"https:\/\/mining.ca\/fr\/vers-le-developpement-minier-durable\/protocoles-et-cadres\/des-lieux-de-travail-equitables-diversifies-et-inclusifs\/\" \/>\n<meta property=\"og:site_name\" content=\"The Mining Association of Canada\" \/>\n<meta property=\"article:modified_time\" content=\"2025-12-19T18:51:00+00:00\" \/>\n<meta property=\"og:image\" content=\"https:\/\/mining.ca\/wp-content\/uploads\/2024\/09\/SPARK-MAC-TSM-EDI-WORKPLACES-PROTOCOL-FR-Final_Page_01.jpg\" \/>\n\t<meta property=\"og:image:width\" content=\"1224\" \/>\n\t<meta property=\"og:image:height\" content=\"1584\" \/>\n\t<meta property=\"og:image:type\" content=\"image\/jpeg\" \/>\n<meta name=\"twitter:card\" content=\"summary_large_image\" \/>\n<meta name=\"twitter:site\" content=\"@theminingstory\" \/>\n<meta name=\"twitter:label1\" content=\"Estimation du temps de lecture\" \/>\n\t<meta name=\"twitter:data1\" content=\"2 minutes\" \/>\n<script type=\"application\/ld+json\" class=\"yoast-schema-graph\">{\"@context\":\"https:\\\/\\\/schema.org\",\"@graph\":[{\"@type\":\"WebPage\",\"@id\":\"https:\\\/\\\/mining.ca\\\/fr\\\/vers-le-developpement-minier-durable\\\/protocoles-et-cadres\\\/des-lieux-de-travail-equitables-diversifies-et-inclusifs\\\/\",\"url\":\"https:\\\/\\\/mining.ca\\\/fr\\\/vers-le-developpement-minier-durable\\\/protocoles-et-cadres\\\/des-lieux-de-travail-equitables-diversifies-et-inclusifs\\\/\",\"name\":\"Milieux de travail \u00e9quitables, diversifi\u00e9s et inclusifs - The Mining Association of Canada\",\"isPartOf\":{\"@id\":\"https:\\\/\\\/mining.ca\\\/fr\\\/#website\"},\"primaryImageOfPage\":{\"@id\":\"https:\\\/\\\/mining.ca\\\/fr\\\/vers-le-developpement-minier-durable\\\/protocoles-et-cadres\\\/des-lieux-de-travail-equitables-diversifies-et-inclusifs\\\/#primaryimage\"},\"image\":{\"@id\":\"https:\\\/\\\/mining.ca\\\/fr\\\/vers-le-developpement-minier-durable\\\/protocoles-et-cadres\\\/des-lieux-de-travail-equitables-diversifies-et-inclusifs\\\/#primaryimage\"},\"thumbnailUrl\":\"https:\\\/\\\/mining.ca\\\/wp-content\\\/uploads\\\/2024\\\/09\\\/SPARK-MAC-TSM-EDI-WORKPLACES-PROTOCOL-FR-Final_Page_01-791x1024.jpg\",\"datePublished\":\"2023-11-17T20:07:57+00:00\",\"dateModified\":\"2025-12-19T18:51:00+00:00\",\"breadcrumb\":{\"@id\":\"https:\\\/\\\/mining.ca\\\/fr\\\/vers-le-developpement-minier-durable\\\/protocoles-et-cadres\\\/des-lieux-de-travail-equitables-diversifies-et-inclusifs\\\/#breadcrumb\"},\"inLanguage\":\"fr-CA\",\"potentialAction\":[{\"@type\":\"ReadAction\",\"target\":[\"https:\\\/\\\/mining.ca\\\/fr\\\/vers-le-developpement-minier-durable\\\/protocoles-et-cadres\\\/des-lieux-de-travail-equitables-diversifies-et-inclusifs\\\/\"]}]},{\"@type\":\"ImageObject\",\"inLanguage\":\"fr-CA\",\"@id\":\"https:\\\/\\\/mining.ca\\\/fr\\\/vers-le-developpement-minier-durable\\\/protocoles-et-cadres\\\/des-lieux-de-travail-equitables-diversifies-et-inclusifs\\\/#primaryimage\",\"url\":\"https:\\\/\\\/mining.ca\\\/wp-content\\\/uploads\\\/2024\\\/09\\\/SPARK-MAC-TSM-EDI-WORKPLACES-PROTOCOL-FR-Final_Page_01-791x1024.jpg\",\"contentUrl\":\"https:\\\/\\\/mining.ca\\\/wp-content\\\/uploads\\\/2024\\\/09\\\/SPARK-MAC-TSM-EDI-WORKPLACES-PROTOCOL-FR-Final_Page_01-791x1024.jpg\"},{\"@type\":\"BreadcrumbList\",\"@id\":\"https:\\\/\\\/mining.ca\\\/fr\\\/vers-le-developpement-minier-durable\\\/protocoles-et-cadres\\\/des-lieux-de-travail-equitables-diversifies-et-inclusifs\\\/#breadcrumb\",\"itemListElement\":[{\"@type\":\"ListItem\",\"position\":1,\"name\":\"Home\",\"item\":\"https:\\\/\\\/mining.ca\\\/fr\\\/\"},{\"@type\":\"ListItem\",\"position\":2,\"name\":\"Vers le d\u00e9veloppement minier durable\",\"item\":\"https:\\\/\\\/mining.ca\\\/fr\\\/vers-le-developpement-minier-durable\\\/\"},{\"@type\":\"ListItem\",\"position\":3,\"name\":\"Protocoles et cadres\",\"item\":\"https:\\\/\\\/mining.ca\\\/fr\\\/vers-le-developpement-minier-durable\\\/protocoles-et-cadres\\\/\"},{\"@type\":\"ListItem\",\"position\":4,\"name\":\"Milieux de travail \u00e9quitables, diversifi\u00e9s et inclusifs\"}]},{\"@type\":\"WebSite\",\"@id\":\"https:\\\/\\\/mining.ca\\\/fr\\\/#website\",\"url\":\"https:\\\/\\\/mining.ca\\\/fr\\\/\",\"name\":\"The Mining Association of Canada\",\"description\":\"The voice of the Canadian Mining Industry since 1935\",\"publisher\":{\"@id\":\"https:\\\/\\\/mining.ca\\\/fr\\\/#organization\"},\"potentialAction\":[{\"@type\":\"SearchAction\",\"target\":{\"@type\":\"EntryPoint\",\"urlTemplate\":\"https:\\\/\\\/mining.ca\\\/fr\\\/?s={search_term_string}\"},\"query-input\":{\"@type\":\"PropertyValueSpecification\",\"valueRequired\":true,\"valueName\":\"search_term_string\"}}],\"inLanguage\":\"fr-CA\"},{\"@type\":\"Organization\",\"@id\":\"https:\\\/\\\/mining.ca\\\/fr\\\/#organization\",\"name\":\"The Mining Association of Canada\",\"url\":\"https:\\\/\\\/mining.ca\\\/fr\\\/\",\"logo\":{\"@type\":\"ImageObject\",\"inLanguage\":\"fr-CA\",\"@id\":\"https:\\\/\\\/mining.ca\\\/fr\\\/#\\\/schema\\\/logo\\\/image\\\/\",\"url\":\"https:\\\/\\\/mining.ca\\\/wp-content\\\/uploads\\\/2021\\\/02\\\/cropped-logo.png\",\"contentUrl\":\"https:\\\/\\\/mining.ca\\\/wp-content\\\/uploads\\\/2021\\\/02\\\/cropped-logo.png\",\"width\":905,\"height\":423,\"caption\":\"The Mining Association of Canada\"},\"image\":{\"@id\":\"https:\\\/\\\/mining.ca\\\/fr\\\/#\\\/schema\\\/logo\\\/image\\\/\"},\"sameAs\":[\"https:\\\/\\\/x.com\\\/theminingstory\",\"https:\\\/\\\/ca.linkedin.com\\\/company\\\/mining-association-of-canada\"]}]}<\/script>\n<!-- \/ Yoast SEO plugin. -->","yoast_head_json":{"title":"Milieux de travail \u00e9quitables, diversifi\u00e9s et inclusifs - The Mining Association of Canada","robots":{"index":"index","follow":"follow","max-snippet":"max-snippet:-1","max-image-preview":"max-image-preview:large","max-video-preview":"max-video-preview:-1"},"canonical":"https:\/\/mining.ca\/fr\/vers-le-developpement-minier-durable\/protocoles-et-cadres\/des-lieux-de-travail-equitables-diversifies-et-inclusifs\/","og_locale":"fr_CA","og_type":"article","og_title":"Milieux de travail \u00e9quitables, diversifi\u00e9s et inclusifs - The Mining Association of Canada","og_description":"L&rsquo;\u00e9quit\u00e9, la diversit\u00e9 et l&rsquo;inclusion sont des priorit\u00e9s strat\u00e9giques et des valeurs partag\u00e9es par le secteur minier. Les membres de l&rsquo;Association mini\u00e8re du Canada (AMC) reconnaissent que les personnes sont un atout majeur et qu&rsquo;une main-d&rsquo;\u0153uvre \u00e9quitable, diversifi\u00e9e et inclusive facilite la r\u00e9solution efficace des probl\u00e8mes, la cr\u00e9ativit\u00e9 et l&rsquo;innovation. Toutes formes d&rsquo;iniquit\u00e9, de harc\u00e8lement, [&hellip;]","og_url":"https:\/\/mining.ca\/fr\/vers-le-developpement-minier-durable\/protocoles-et-cadres\/des-lieux-de-travail-equitables-diversifies-et-inclusifs\/","og_site_name":"The Mining Association of Canada","article_modified_time":"2025-12-19T18:51:00+00:00","og_image":[{"width":1224,"height":1584,"url":"https:\/\/mining.ca\/wp-content\/uploads\/2024\/09\/SPARK-MAC-TSM-EDI-WORKPLACES-PROTOCOL-FR-Final_Page_01.jpg","type":"image\/jpeg"}],"twitter_card":"summary_large_image","twitter_site":"@theminingstory","twitter_misc":{"Estimation du temps de lecture":"2 minutes"},"schema":{"@context":"https:\/\/schema.org","@graph":[{"@type":"WebPage","@id":"https:\/\/mining.ca\/fr\/vers-le-developpement-minier-durable\/protocoles-et-cadres\/des-lieux-de-travail-equitables-diversifies-et-inclusifs\/","url":"https:\/\/mining.ca\/fr\/vers-le-developpement-minier-durable\/protocoles-et-cadres\/des-lieux-de-travail-equitables-diversifies-et-inclusifs\/","name":"Milieux de travail \u00e9quitables, diversifi\u00e9s et inclusifs - The Mining Association of Canada","isPartOf":{"@id":"https:\/\/mining.ca\/fr\/#website"},"primaryImageOfPage":{"@id":"https:\/\/mining.ca\/fr\/vers-le-developpement-minier-durable\/protocoles-et-cadres\/des-lieux-de-travail-equitables-diversifies-et-inclusifs\/#primaryimage"},"image":{"@id":"https:\/\/mining.ca\/fr\/vers-le-developpement-minier-durable\/protocoles-et-cadres\/des-lieux-de-travail-equitables-diversifies-et-inclusifs\/#primaryimage"},"thumbnailUrl":"https:\/\/mining.ca\/wp-content\/uploads\/2024\/09\/SPARK-MAC-TSM-EDI-WORKPLACES-PROTOCOL-FR-Final_Page_01-791x1024.jpg","datePublished":"2023-11-17T20:07:57+00:00","dateModified":"2025-12-19T18:51:00+00:00","breadcrumb":{"@id":"https:\/\/mining.ca\/fr\/vers-le-developpement-minier-durable\/protocoles-et-cadres\/des-lieux-de-travail-equitables-diversifies-et-inclusifs\/#breadcrumb"},"inLanguage":"fr-CA","potentialAction":[{"@type":"ReadAction","target":["https:\/\/mining.ca\/fr\/vers-le-developpement-minier-durable\/protocoles-et-cadres\/des-lieux-de-travail-equitables-diversifies-et-inclusifs\/"]}]},{"@type":"ImageObject","inLanguage":"fr-CA","@id":"https:\/\/mining.ca\/fr\/vers-le-developpement-minier-durable\/protocoles-et-cadres\/des-lieux-de-travail-equitables-diversifies-et-inclusifs\/#primaryimage","url":"https:\/\/mining.ca\/wp-content\/uploads\/2024\/09\/SPARK-MAC-TSM-EDI-WORKPLACES-PROTOCOL-FR-Final_Page_01-791x1024.jpg","contentUrl":"https:\/\/mining.ca\/wp-content\/uploads\/2024\/09\/SPARK-MAC-TSM-EDI-WORKPLACES-PROTOCOL-FR-Final_Page_01-791x1024.jpg"},{"@type":"BreadcrumbList","@id":"https:\/\/mining.ca\/fr\/vers-le-developpement-minier-durable\/protocoles-et-cadres\/des-lieux-de-travail-equitables-diversifies-et-inclusifs\/#breadcrumb","itemListElement":[{"@type":"ListItem","position":1,"name":"Home","item":"https:\/\/mining.ca\/fr\/"},{"@type":"ListItem","position":2,"name":"Vers le d\u00e9veloppement minier durable","item":"https:\/\/mining.ca\/fr\/vers-le-developpement-minier-durable\/"},{"@type":"ListItem","position":3,"name":"Protocoles et cadres","item":"https:\/\/mining.ca\/fr\/vers-le-developpement-minier-durable\/protocoles-et-cadres\/"},{"@type":"ListItem","position":4,"name":"Milieux de travail \u00e9quitables, diversifi\u00e9s et inclusifs"}]},{"@type":"WebSite","@id":"https:\/\/mining.ca\/fr\/#website","url":"https:\/\/mining.ca\/fr\/","name":"The Mining Association of Canada","description":"The voice of the Canadian Mining Industry since 1935","publisher":{"@id":"https:\/\/mining.ca\/fr\/#organization"},"potentialAction":[{"@type":"SearchAction","target":{"@type":"EntryPoint","urlTemplate":"https:\/\/mining.ca\/fr\/?s={search_term_string}"},"query-input":{"@type":"PropertyValueSpecification","valueRequired":true,"valueName":"search_term_string"}}],"inLanguage":"fr-CA"},{"@type":"Organization","@id":"https:\/\/mining.ca\/fr\/#organization","name":"The Mining Association of Canada","url":"https:\/\/mining.ca\/fr\/","logo":{"@type":"ImageObject","inLanguage":"fr-CA","@id":"https:\/\/mining.ca\/fr\/#\/schema\/logo\/image\/","url":"https:\/\/mining.ca\/wp-content\/uploads\/2021\/02\/cropped-logo.png","contentUrl":"https:\/\/mining.ca\/wp-content\/uploads\/2021\/02\/cropped-logo.png","width":905,"height":423,"caption":"The Mining Association of Canada"},"image":{"@id":"https:\/\/mining.ca\/fr\/#\/schema\/logo\/image\/"},"sameAs":["https:\/\/x.com\/theminingstory","https:\/\/ca.linkedin.com\/company\/mining-association-of-canada"]}]}},"_links":{"self":[{"href":"https:\/\/mining.ca\/fr\/wp-json\/wp\/v2\/pages\/46181","targetHints":{"allow":["GET"]}}],"collection":[{"href":"https:\/\/mining.ca\/fr\/wp-json\/wp\/v2\/pages"}],"about":[{"href":"https:\/\/mining.ca\/fr\/wp-json\/wp\/v2\/types\/page"}],"author":[{"embeddable":true,"href":"https:\/\/mining.ca\/fr\/wp-json\/wp\/v2\/users\/1"}],"replies":[{"embeddable":true,"href":"https:\/\/mining.ca\/fr\/wp-json\/wp\/v2\/comments?post=46181"}],"version-history":[{"count":8,"href":"https:\/\/mining.ca\/fr\/wp-json\/wp\/v2\/pages\/46181\/revisions"}],"predecessor-version":[{"id":54333,"href":"https:\/\/mining.ca\/fr\/wp-json\/wp\/v2\/pages\/46181\/revisions\/54333"}],"up":[{"embeddable":true,"href":"https:\/\/mining.ca\/fr\/wp-json\/wp\/v2\/pages\/26211"}],"wp:attachment":[{"href":"https:\/\/mining.ca\/fr\/wp-json\/wp\/v2\/media?parent=46181"}],"curies":[{"name":"wp","href":"https:\/\/api.w.org\/{rel}","templated":true}]}}